{"id":1706,"date":"2019-08-24T08:47:35","date_gmt":"2019-08-24T06:47:35","guid":{"rendered":"http:\/\/site.ginex.es\/?page_id=1706"},"modified":"2019-10-22T19:24:29","modified_gmt":"2019-10-22T17:24:29","slug":"proca","status":"publish","type":"page","link":"https:\/\/site.ginex.es\/index.php\/inicio\/equipo\/proca\/","title":{"rendered":"PRoca"},"content":{"rendered":"<div id='av-layout-grid-1' class='av-layout-grid-container entry-content-wrapper main_color av-flex-cells     avia-builder-el-0  el_before_av_layout_row  avia-builder-el-first  av-cell-min-height av-cell-min-height-50 container_wrap fullsize' style=' '   data-av_minimum_height_pc='50'>\n<div class=\"flex_cell no_margin av_one_half  avia-builder-el-1  el_before_av_cell_one_half  avia-builder-el-first   avia-full-stretch av-zero-padding \" style='background:url(https:\/\/site.ginex.es\/wp-content\/uploads\/2019\/08\/medical-team-2-1.jpg) top center no-repeat scroll #22689e; vertical-align:top; padding:0px; background-color:#22689e; '><div class='flex_cell_inner' ><\/div><\/div><div class=\"flex_cell no_margin av_one_half  avia-builder-el-2  el_after_av_cell_one_half  avia-builder-el-last   \" style='background: #22689e; vertical-align:middle; padding:0px 0px 0px 80px ; background-color:#22689e; '><div class='flex_cell_inner' ><div style='padding-bottom:0px; margin:0 0 0 0; color:#ffffff;font-size:34px;' class='av-special-heading av-special-heading-h3 custom-color-heading blockquote modern-quote  avia-builder-el-3  avia-builder-el-no-sibling   av-inherit-size '><h3 class='av-special-heading-tag '  itemprop=\"headline\"  >EQUIPO M\u00c9DICO<\/h3><div class ='av-subheading av-subheading_below av_custom_color ' style='font-size:15px;'><p>Experiencia y profesionalidad<\/p>\n<\/div><div class='special-heading-border'><div class='special-heading-inner-border' style='border-color:#ffffff'><\/div><\/div><\/div>\n<\/div><\/div>\n<\/div>\n<div id='av-layout-grid-2' class='av-layout-grid-container entry-content-wrapper main_color av-fixed-cells   av-desktop-hide av-medium-hide   avia-builder-el-4  el_after_av_layout_row  el_before_av_section   av-cell-min-height av-cell-min-height-50 submenu-not-first container_wrap fullsize' style=' '   data-av_minimum_height_pc='50'>\n<div class=\"flex_cell no_margin av_one_fourth  avia-builder-el-5  el_before_av_cell_three_fourth  avia-builder-el-first   avia-full-stretch av-zero-padding \" style='background:url(https:\/\/site.ginex.es\/wp-content\/uploads\/2019\/08\/medical-team-2-1.jpg) top center no-repeat scroll #22689e; vertical-align:top; padding:0px; background-color:#22689e; '><div class='flex_cell_inner' ><\/div><\/div><div class=\"flex_cell no_margin av_three_fourth  avia-builder-el-6  el_after_av_cell_one_fourth  avia-builder-el-last    \" style='background: #22689e; vertical-align:middle; padding:0px 10px 0px 30px ; background-color:#22689e; '><div class='flex_cell_inner' ><div style='padding-bottom:0px; margin:0 0 0 0; color:#ffffff;font-size:34px;' class='av-special-heading av-special-heading-h3 custom-color-heading blockquote modern-quote  avia-builder-el-7  avia-builder-el-no-sibling   av-inherit-size '><h3 class='av-special-heading-tag '  itemprop=\"headline\"  >EQUIPO M\u00c9DICO<\/h3><div class ='av-subheading av-subheading_below av_custom_color ' style='font-size:15px;'><p>Experiencia y profesionalidad<\/p>\n<\/div><div class='special-heading-border'><div class='special-heading-inner-border' style='border-color:#ffffff'><\/div><\/div><\/div>\n<\/div><\/div>\n<\/div>\n<div id='av_section_1' class='avia-section main_color avia-section-default avia-no-border-styling avia-bg-style-scroll  avia-builder-el-8  el_after_av_layout_row  el_before_av_layout_row    container_wrap fullsize' style=' '  ><div class='container' ><div class='template-page content  av-content-full alpha units'><div class='post-entry post-entry-type-page post-entry-1706'><div class='entry-content-wrapper clearfix'>\n<div class=\"flex_column av_one_full  flex_column_div av-zero-column-padding first  avia-builder-el-9  el_before_av_one_third  avia-builder-el-first  \" style='border-radius:0px; '><section class=\"av_textblock_section \"  itemscope=\"itemscope\" itemtype=\"https:\/\/schema.org\/CreativeWork\" ><div class='avia_textblock  '   itemprop=\"text\" ><h2><a href=\"http:\/\/site.ginex.es\/index.php\/ginex\/equipo\/\">Equipo m\u00e9dico<\/a> > <a id=\"modal\" href=\"https:\/\/web.ginex.es\/es\/team\/8\">Dr. Pau Oriol Roca<\/a><\/h2>\n<p>Ginec\u00f3log\u00eda &#8211; Tocolog\u00eda<\/p>\n<\/div><\/section><\/div><div class=\"flex_column av_one_third  flex_column_div av-zero-column-padding first  avia-builder-el-11  el_after_av_one_full  el_before_av_two_third  column-top-margin\" style='border-radius:0px; '><section class='avia-team-member   avia-builder-el-12  avia-builder-el-no-sibling  '  itemscope=\"itemscope\" itemtype=\"https:\/\/schema.org\/Person\" ><div class='team-img-container'><img class='avia_image avia_image_team' src='http:\/\/site.ginex.es\/wp-content\/uploads\/2019\/08\/grup_ginex_logo_259.png' alt=''  itemprop=\"image\"  \/><div class='team-social'><div class='team-social-inner'><span class='hidden av_member_url_markup '  itemprop=\"url\" >http:\/\/<\/span><a rel='v:url' data-avia-tooltip=\"Ver m\u00e1s\"  class=' avia-team-icon ' href='http:\/\/' aria-hidden='true' data-av_icon='\ue81e' data-av_iconfont='entypo-fontello'><\/a><\/div><\/div><\/div><span class='hidden team-member-affiliation'  itemprop=\"affiliation\" >GRUPO GINEX - Ginex Instituto Salamero<\/span><\/section><\/div><div class=\"flex_column av_two_third  flex_column_div av-zero-column-padding   avia-builder-el-13  el_after_av_one_third  avia-builder-el-last  column-top-margin\" style='border-radius:0px; '><section class=\"av_textblock_section \"  itemscope=\"itemscope\" itemtype=\"https:\/\/schema.org\/CreativeWork\" ><div class='avia_textblock  '   itemprop=\"text\" ><p>Licenciado en Medicina y Cirug\u00eda en 1988 por la Universidad Aut\u00f3noma de Barcelona Colegiado en Barcelona n\u00ba 25725.<\/p>\n<p>Especialista en Obstetricia y Gin ecolog\u00eda desde 1993, realizando la residencia en el Hospital de la Santa Creu y Sant Pau .<\/p>\n<p>Medico adjunto del servicio de Ginecolog\u00eda y Obstetricia del Hospital de la Santa Creu y Sant Pau desde 1993, secci\u00f3n de Perinatolog\u00eda.<\/p>\n<p>Medico colaborador en Ginex desde 1997.<\/p>\n<p>Comunicaciones y ponencias en cursos y congresos nacionales e internacionales desde 1989.<\/p>\n<p>Art\u00edculos m\u00e9dicos en revistas y libros de la especialidad.<\/p>\n<\/div><\/section><\/div>\n\n<\/div><\/div><\/div><!-- close content main div --><\/div><\/div><div id='av-layout-grid-3' class='av-layout-grid-container entry-content-wrapper main_color av-flex-cells     avia-builder-el-15  el_after_av_section  avia-builder-el-last  submenu-not-first container_wrap fullsize' style=' '  >\n<div class=\"flex_cell no_margin av_one_fourth  avia-builder-el-16  el_before_av_cell_one_fourth  avia-builder-el-first   avia-full-stretch \" style='background: #007ac1; vertical-align:middle; padding:80px 50px 80px 50px ; background-color:#007ac1; '><div class='flex_cell_inner' ><div class=\"avia-animated-number av-force-default-color  avia-color-font-custom  avia-builder-el-17  avia-builder-el-no-sibling   avia_animate_when_visible\" style='color:#ffffff;' data-timer=\"3000\"><strong class=\"heading avia-animated-number-title\" style='font-size:34px;'><span class=\"avia-single-number __av-single-number\" data-number_format=\"\" data-number=\"20000\">20000<\/span><span class=\"avia-no-number\"> Partos<\/span><\/strong><div class='avia-animated-number-content' style='font-size:20px;'><p>asistidos<\/p>\n<\/div><\/div>\n<\/div><\/div><div class=\"flex_cell no_margin av_one_fourth  avia-builder-el-18  el_after_av_cell_one_fourth  el_before_av_cell_one_fourth   avia-full-stretch \" style='vertical-align:middle; padding:80px 50px 80px 50px ; background-color:#379cd6; '><div class='flex_cell_inner' ><div class=\"avia-animated-number av-force-default-color  avia-color-font-custom  avia-builder-el-19  avia-builder-el-no-sibling   avia_animate_when_visible\" style='color:#ffffff;' data-timer=\"3000\"><strong class=\"heading avia-animated-number-title\" style='font-size:34px;'><span class=\"avia-single-number __av-single-number\" data-number_format=\"\" data-number=\"300000\">300000<\/span><span class=\"avia-no-number\"> Consultas<\/span><\/strong><div class='avia-animated-number-content' style='font-size:20px;'><p>realizadas<\/p>\n<\/div><\/div>\n<\/div><\/div><div class=\"flex_cell no_margin av_one_fourth  avia-builder-el-20  el_after_av_cell_one_fourth  el_before_av_cell_one_fourth   avia-full-stretch \" style='vertical-align:middle; padding:80px 50px 80px 50px ; background-color:#5fb4e4; '><div class='flex_cell_inner' ><div class=\"avia-animated-number av-force-default-color  avia-color-font-custom  avia-builder-el-21  avia-builder-el-no-sibling   avia_animate_when_visible\" style='color:#ffffff;' data-timer=\"3000\"><strong class=\"heading avia-animated-number-title\" style='font-size:34px;'><span class=\"avia-single-number __av-single-number\" data-number_format=\"\" data-number=\"25\">25<\/span><span class=\"avia-no-number\"> Doctores<\/span><\/strong><div class='avia-animated-number-content' style='font-size:20px;'><p>cuidando tu salud<\/p>\n<\/div><\/div>\n<\/div><\/div><div class=\"flex_cell no_margin av_one_fourth  avia-builder-el-22  el_after_av_cell_one_fourth  avia-builder-el-last   avia-full-stretch \" style='vertical-align:middle; padding:80px 50px 80px 50px ; background-color:#80c7ef; '><div class='flex_cell_inner' ><div class=\"avia-animated-number av-force-default-color  avia-color-font-custom  avia-builder-el-23  avia-builder-el-no-sibling   avia_animate_when_visible\" style='color:#ffffff;' data-timer=\"3000\"><strong class=\"heading avia-animated-number-title\" style='font-size:34px;'><span class=\"avia-single-number __av-single-number\" data-number_format=\"\" data-number=\"70\">70<\/span><span class=\"avia-no-number\"> A\u00f1os<\/span><\/strong><div class='avia-animated-number-content' style='font-size:20px;'><p>de experiencia<\/p>\n<\/div><\/div>\n<\/div><\/div><\/div>\n","protected":false},"excerpt":{"rendered":"","protected":false},"author":2,"featured_media":0,"parent":948,"menu_order":0,"comment_status":"closed","ping_status":"closed","template":"","meta":{"spay_email":""},"yoast_head":"<!-- This site is optimized with the Yoast SEO plugin v17.5 - https:\/\/yoast.com\/wordpress\/plugins\/seo\/ -->\n<title>PRoca - GRUPO GINEX - Ginex Instituto Salamero<\/title>\n<meta name=\"robots\" content=\"index, follow, max-snippet:-1, max-image-preview:large, max-video-preview:-1\" \/>\n<link rel=\"canonical\" href=\"https:\/\/site.ginex.es\/index.php\/inicio\/equipo\/proca\/\" \/>\n<meta property=\"og:locale\" content=\"es_ES\" \/>\n<meta property=\"og:type\" content=\"article\" \/>\n<meta property=\"og:title\" content=\"PRoca - GRUPO GINEX - Ginex Instituto Salamero\" \/>\n<meta property=\"og:url\" content=\"https:\/\/site.ginex.es\/index.php\/inicio\/equipo\/proca\/\" \/>\n<meta property=\"og:site_name\" content=\"GRUPO GINEX - Ginex Instituto Salamero\" \/>\n<meta property=\"article:modified_time\" content=\"2019-10-22T17:24:29+00:00\" \/>\n<meta name=\"twitter:card\" content=\"summary_large_image\" \/>\n<meta name=\"twitter:label1\" content=\"Tiempo de lectura\" \/>\n\t<meta name=\"twitter:data1\" content=\"8 minutos\" \/>\n<script type=\"application\/ld+json\" class=\"yoast-schema-graph\">{\"@context\":\"https:\/\/schema.org\",\"@graph\":[{\"@type\":\"Organization\",\"@id\":\"https:\/\/site.ginex.es\/#organization\",\"name\":\"Grupo Ginex Centro de Ginecolog\\u00eda y Obstetricia\",\"url\":\"https:\/\/site.ginex.es\/\",\"sameAs\":[],\"logo\":{\"@type\":\"ImageObject\",\"@id\":\"https:\/\/site.ginex.es\/#logo\",\"inLanguage\":\"es\",\"url\":\"http:\/\/site.ginex.es\/wp-content\/uploads\/2019\/08\/grup_ginex_logo_1.png\",\"contentUrl\":\"http:\/\/site.ginex.es\/wp-content\/uploads\/2019\/08\/grup_ginex_logo_1.png\",\"width\":600,\"height\":600,\"caption\":\"Grupo Ginex Centro de Ginecolog\\u00eda y Obstetricia\"},\"image\":{\"@id\":\"https:\/\/site.ginex.es\/#logo\"}},{\"@type\":\"WebSite\",\"@id\":\"https:\/\/site.ginex.es\/#website\",\"url\":\"https:\/\/site.ginex.es\/\",\"name\":\"GRUPO GINEX - Ginex Instituto Salamero\",\"description\":\"Tu centro ginecol\\u00f3gico en Barcelona\",\"publisher\":{\"@id\":\"https:\/\/site.ginex.es\/#organization\"},\"potentialAction\":[{\"@type\":\"SearchAction\",\"target\":{\"@type\":\"EntryPoint\",\"urlTemplate\":\"https:\/\/site.ginex.es\/?s={search_term_string}\"},\"query-input\":\"required name=search_term_string\"}],\"inLanguage\":\"es\"},{\"@type\":\"WebPage\",\"@id\":\"https:\/\/site.ginex.es\/index.php\/inicio\/equipo\/proca\/#webpage\",\"url\":\"https:\/\/site.ginex.es\/index.php\/inicio\/equipo\/proca\/\",\"name\":\"PRoca - GRUPO GINEX - Ginex Instituto Salamero\",\"isPartOf\":{\"@id\":\"https:\/\/site.ginex.es\/#website\"},\"datePublished\":\"2019-08-24T06:47:35+00:00\",\"dateModified\":\"2019-10-22T17:24:29+00:00\",\"breadcrumb\":{\"@id\":\"https:\/\/site.ginex.es\/index.php\/inicio\/equipo\/proca\/#breadcrumb\"},\"inLanguage\":\"es\",\"potentialAction\":[{\"@type\":\"ReadAction\",\"target\":[\"https:\/\/site.ginex.es\/index.php\/inicio\/equipo\/proca\/\"]}]},{\"@type\":\"BreadcrumbList\",\"@id\":\"https:\/\/site.ginex.es\/index.php\/inicio\/equipo\/proca\/#breadcrumb\",\"itemListElement\":[{\"@type\":\"ListItem\",\"position\":1,\"name\":\"Portada\",\"item\":\"https:\/\/site.ginex.es\/\"},{\"@type\":\"ListItem\",\"position\":2,\"name\":\"Inicio\",\"item\":\"https:\/\/site.ginex.es\/\"},{\"@type\":\"ListItem\",\"position\":3,\"name\":\"Equipo medico\",\"item\":\"https:\/\/site.ginex.es\/index.php\/inicio\/equipo\/\"},{\"@type\":\"ListItem\",\"position\":4,\"name\":\"PRoca\"}]}]}<\/script>\n<!-- \/ Yoast SEO plugin. -->","yoast_head_json":{"title":"PRoca - GRUPO GINEX - Ginex Instituto Salamero","robots":{"index":"index","follow":"follow","max-snippet":"max-snippet:-1","max-image-preview":"max-image-preview:large","max-video-preview":"max-video-preview:-1"},"canonical":"https:\/\/site.ginex.es\/index.php\/inicio\/equipo\/proca\/","og_locale":"es_ES","og_type":"article","og_title":"PRoca - GRUPO GINEX - Ginex Instituto Salamero","og_url":"https:\/\/site.ginex.es\/index.php\/inicio\/equipo\/proca\/","og_site_name":"GRUPO GINEX - Ginex Instituto Salamero","article_modified_time":"2019-10-22T17:24:29+00:00","twitter_card":"summary_large_image","twitter_misc":{"Tiempo de lectura":"8 minutos"},"schema":{"@context":"https:\/\/schema.org","@graph":[{"@type":"Organization","@id":"https:\/\/site.ginex.es\/#organization","name":"Grupo Ginex Centro de Ginecolog\u00eda y Obstetricia","url":"https:\/\/site.ginex.es\/","sameAs":[],"logo":{"@type":"ImageObject","@id":"https:\/\/site.ginex.es\/#logo","inLanguage":"es","url":"http:\/\/site.ginex.es\/wp-content\/uploads\/2019\/08\/grup_ginex_logo_1.png","contentUrl":"http:\/\/site.ginex.es\/wp-content\/uploads\/2019\/08\/grup_ginex_logo_1.png","width":600,"height":600,"caption":"Grupo Ginex Centro de Ginecolog\u00eda y Obstetricia"},"image":{"@id":"https:\/\/site.ginex.es\/#logo"}},{"@type":"WebSite","@id":"https:\/\/site.ginex.es\/#website","url":"https:\/\/site.ginex.es\/","name":"GRUPO GINEX - Ginex Instituto Salamero","description":"Tu centro ginecol\u00f3gico en Barcelona","publisher":{"@id":"https:\/\/site.ginex.es\/#organization"},"potentialAction":[{"@type":"SearchAction","target":{"@type":"EntryPoint","urlTemplate":"https:\/\/site.ginex.es\/?s={search_term_string}"},"query-input":"required name=search_term_string"}],"inLanguage":"es"},{"@type":"WebPage","@id":"https:\/\/site.ginex.es\/index.php\/inicio\/equipo\/proca\/#webpage","url":"https:\/\/site.ginex.es\/index.php\/inicio\/equipo\/proca\/","name":"PRoca - GRUPO GINEX - Ginex Instituto Salamero","isPartOf":{"@id":"https:\/\/site.ginex.es\/#website"},"datePublished":"2019-08-24T06:47:35+00:00","dateModified":"2019-10-22T17:24:29+00:00","breadcrumb":{"@id":"https:\/\/site.ginex.es\/index.php\/inicio\/equipo\/proca\/#breadcrumb"},"inLanguage":"es","potentialAction":[{"@type":"ReadAction","target":["https:\/\/site.ginex.es\/index.php\/inicio\/equipo\/proca\/"]}]},{"@type":"BreadcrumbList","@id":"https:\/\/site.ginex.es\/index.php\/inicio\/equipo\/proca\/#breadcrumb","itemListElement":[{"@type":"ListItem","position":1,"name":"Portada","item":"https:\/\/site.ginex.es\/"},{"@type":"ListItem","position":2,"name":"Inicio","item":"https:\/\/site.ginex.es\/"},{"@type":"ListItem","position":3,"name":"Equipo medico","item":"https:\/\/site.ginex.es\/index.php\/inicio\/equipo\/"},{"@type":"ListItem","position":4,"name":"PRoca"}]}]}},"jetpack_sharing_enabled":true,"_links":{"self":[{"href":"https:\/\/site.ginex.es\/index.php\/wp-json\/wp\/v2\/pages\/1706"}],"collection":[{"href":"https:\/\/site.ginex.es\/index.php\/wp-json\/wp\/v2\/pages"}],"about":[{"href":"https:\/\/site.ginex.es\/index.php\/wp-json\/wp\/v2\/types\/page"}],"author":[{"embeddable":true,"href":"https:\/\/site.ginex.es\/index.php\/wp-json\/wp\/v2\/users\/2"}],"replies":[{"embeddable":true,"href":"https:\/\/site.ginex.es\/index.php\/wp-json\/wp\/v2\/comments?post=1706"}],"version-history":[{"count":4,"href":"https:\/\/site.ginex.es\/index.php\/wp-json\/wp\/v2\/pages\/1706\/revisions"}],"predecessor-version":[{"id":2794,"href":"https:\/\/site.ginex.es\/index.php\/wp-json\/wp\/v2\/pages\/1706\/revisions\/2794"}],"up":[{"embeddable":true,"href":"https:\/\/site.ginex.es\/index.php\/wp-json\/wp\/v2\/pages\/948"}],"wp:attachment":[{"href":"https:\/\/site.ginex.es\/index.php\/wp-json\/wp\/v2\/media?parent=1706"}],"curies":[{"name":"wp","href":"https:\/\/api.w.org\/{rel}","templated":true}]}}