{"id":1715,"date":"2019-08-24T09:05:42","date_gmt":"2019-08-24T07:05:42","guid":{"rendered":"http:\/\/site.ginex.es\/?page_id=1715"},"modified":"2019-10-22T19:17:01","modified_gmt":"2019-10-22T17:17:01","slug":"croa","status":"publish","type":"page","link":"https:\/\/site.ginex.es\/index.php\/inicio\/equipo\/croa\/","title":{"rendered":"CRoa"},"content":{"rendered":"<div id='av-layout-grid-1' class='av-layout-grid-container entry-content-wrapper main_color av-fixed-cells   av-small-hide av-mini-hide   avia-builder-el-0  el_before_av_layout_row  avia-builder-el-first   av-cell-min-height av-cell-min-height-50 container_wrap fullsize' style=' '   data-av_minimum_height_pc='50'>\n<div class=\"flex_cell no_margin av_one_half  avia-builder-el-1  el_before_av_cell_one_half  avia-builder-el-first   avia-full-stretch av-zero-padding \" style='background:url(https:\/\/site.ginex.es\/wp-content\/uploads\/2019\/08\/medical-team-2-1.jpg) top center no-repeat scroll #22689e; vertical-align:top; padding:0px; background-color:#22689e; '><div class='flex_cell_inner' ><\/div><\/div><div class=\"flex_cell no_margin av_one_half  avia-builder-el-2  el_after_av_cell_one_half  avia-builder-el-last   \" style='background: #22689e; vertical-align:middle; padding:0px 0px 0px 80px ; background-color:#22689e; '><div class='flex_cell_inner' ><div style='padding-bottom:0px; margin:0 0 0 0; color:#ffffff;font-size:34px;' class='av-special-heading av-special-heading-h3 custom-color-heading blockquote modern-quote  avia-builder-el-3  avia-builder-el-no-sibling   av-inherit-size '><h3 class='av-special-heading-tag '  itemprop=\"headline\"  >EQUIPO M\u00c9DICO<\/h3><div class ='av-subheading av-subheading_below av_custom_color ' style='font-size:15px;'><p>Experiencia y profesionalidad<\/p>\n<\/div><div class='special-heading-border'><div class='special-heading-inner-border' style='border-color:#ffffff'><\/div><\/div><\/div>\n<\/div><\/div>\n<\/div>\n<div id='av-layout-grid-2' class='av-layout-grid-container entry-content-wrapper main_color av-fixed-cells   av-desktop-hide av-medium-hide   avia-builder-el-4  el_after_av_layout_row  el_before_av_section   av-cell-min-height av-cell-min-height-50 submenu-not-first container_wrap fullsize' style=' '   data-av_minimum_height_pc='50'>\n<div class=\"flex_cell no_margin av_one_fourth  avia-builder-el-5  el_before_av_cell_three_fourth  avia-builder-el-first   avia-full-stretch av-zero-padding \" style='background:url(https:\/\/site.ginex.es\/wp-content\/uploads\/2019\/08\/medical-team-2-1.jpg) top center no-repeat scroll #22689e; vertical-align:top; padding:0px; background-color:#22689e; '><div class='flex_cell_inner' ><\/div><\/div><div class=\"flex_cell no_margin av_three_fourth  avia-builder-el-6  el_after_av_cell_one_fourth  avia-builder-el-last    \" style='background: #22689e; vertical-align:middle; padding:0px 10px 0px 30px ; background-color:#22689e; '><div class='flex_cell_inner' ><div style='padding-bottom:0px; margin:0 0 0 0; color:#ffffff;font-size:34px;' class='av-special-heading av-special-heading-h3 custom-color-heading blockquote modern-quote  avia-builder-el-7  avia-builder-el-no-sibling   av-inherit-size '><h3 class='av-special-heading-tag '  itemprop=\"headline\"  >EQUIPO M\u00c9DICO<\/h3><div class ='av-subheading av-subheading_below av_custom_color ' style='font-size:15px;'><p>Experiencia y profesionalidad<\/p>\n<\/div><div class='special-heading-border'><div class='special-heading-inner-border' style='border-color:#ffffff'><\/div><\/div><\/div>\n<\/div><\/div>\n<\/div>\n<div id='av_section_1' class='avia-section main_color avia-section-default avia-no-border-styling avia-bg-style-scroll  avia-builder-el-8  el_after_av_layout_row  el_before_av_layout_row    container_wrap fullsize' style=' '  ><div class='container' ><div class='template-page content  av-content-full alpha units'><div class='post-entry post-entry-type-page post-entry-1715'><div class='entry-content-wrapper clearfix'>\n<div class=\"flex_column av_one_full  flex_column_div av-zero-column-padding first  avia-builder-el-9  el_before_av_one_third  avia-builder-el-first  \" style='border-radius:0px; '><section class=\"av_textblock_section \"  itemscope=\"itemscope\" itemtype=\"https:\/\/schema.org\/CreativeWork\" ><div class='avia_textblock  '   itemprop=\"text\" ><h2><a href=\"http:\/\/site.ginex.es\/index.php\/ginex\/equipo\/\">Equipo m\u00e9dico<\/a> > <a id=\"modal\" href=\"https:\/\/web.ginex.es\/es\/team\/20\">Dra. Cynthia Roa Camacho<\/a><\/h2>\n<p>Ginecolog\u00eda &#8211; Obstetricia<\/p>\n<\/div><\/section><\/div><div class=\"flex_column av_one_third  flex_column_div av-zero-column-padding first  avia-builder-el-11  el_after_av_one_full  el_before_av_two_third  column-top-margin\" style='border-radius:0px; '><section class='avia-team-member   avia-builder-el-12  avia-builder-el-no-sibling  '  itemscope=\"itemscope\" itemtype=\"https:\/\/schema.org\/Person\" ><div class='team-img-container'><img class='avia_image avia_image_team av-team-img-original' src='http:\/\/site.ginex.es\/wp-content\/uploads\/2019\/09\/g-croa.png' alt=''  itemprop=\"image\"  \/><\/div><span class='hidden team-member-affiliation'  itemprop=\"affiliation\" >GRUPO GINEX - Ginex Instituto Salamero<\/span><\/section><\/div><div class=\"flex_column av_two_third  flex_column_div av-zero-column-padding   avia-builder-el-13  el_after_av_one_third  avia-builder-el-last  column-top-margin\" style='border-radius:0px; '><section class=\"av_textblock_section \"  itemscope=\"itemscope\" itemtype=\"https:\/\/schema.org\/CreativeWork\" ><div class='avia_textblock  '   itemprop=\"text\" ><p>Universidad Central de Venezuela\u00a0Licenciada en Medicina y cirug\u00eda<\/p>\n<p>Especialidad en Ginecolog\u00eda y Obstetricia ( Diciembre 1994<\/p>\n<p>En\u00a0 ejercicio profesional como especialista\u00a0\u00a0 en\u00a0 Espa\u00f1a\u00a0 desde\u00a0 el\u00a0 a\u00f1o 1997<\/p>\n<p>Diciembre 1985 hasta Diciembre 1986\u00a0Medico General\u00a0 del\u00a0 Ambulatorio de\u00a0 Tacarigua de la\u00a0 Laguna<\/p>\n<p>Diciembre 1986 hasta Diciembre\u00a0 1988\u00a0M\u00e9dico del Hospital Materno Infantil del Este. Caracas.<\/p>\n<p>Diciembre 1988 hasta Diciembre 1989\u00a0M\u00e9dico del Hospital General del Este. Caracas<\/p>\n<p>Diciembre 1989 hasta\u00a0 Diciembre 1991\u00a0M\u00e9dico del Hospital Materno Infantil del Oeste<\/p>\n<p>Diciembre 1991 hasta Diciembre 1994\u00a0Ginecolog\u00eda y Obstetricia Hospital Universitario de Caracas<\/p>\n<p>Diciembre de 1994 hasta Septiembre de 1997\u00a0Ginecolog\u00eda y Obstetricia Hospital Materno Infantil Pastor Oropeza<\/p>\n<p>Abril 2008 hasta la actualidad Fundaci\u00f3 Hospital L\u2019Espirit Sant<\/p>\n<p>Adjunto de Urgencias de Ginecolog\u00eda. Guardias localizables<\/p>\n<p>Marzo 2007 hasta Octubre 2010<\/p>\n<p>Consorsi Hospitalari Hospitalet.\u00a0 M\u00e9dico adjunto de Urgencias de Ginecolog\u00eda, Ecograf\u00eda y Quir\u00f3fano<\/p>\n<p>Cursos y Congresos en Espa\u00f1a<\/p>\n<p style=\"padding-left: 40px;\">C\u00e1diz\u00a0 Espa\u00f1a.\u00a0Certificado: Participaci\u00f3n en el Congreso Nacional de Medicina Perinatal \u00a0Octubre 1997<\/p>\n<p style=\"padding-left: 40px;\">Barcelona Espa\u00f1a. Certificado: I Jornada de Infecci\u00f3n Perinatal por VIH \u00a0Enero 1998<\/p>\n<p style=\"padding-left: 40px;\">Barcelona Espa\u00f1a. Certificado: VI Jornada Catalana en Diagn\u00f2stic Prenatal Ecogr\u00e0fic Marzo 1998<\/p>\n<p style=\"padding-left: 40px;\">Barcelona Espa\u00f1a.\u00a0Certificado: Actualizaci\u00f3 en Diagn\u00f2stic prenatal Ecogr\u00e0fic Abril 1998<\/p>\n<p style=\"padding-left: 40px;\">Getafe Madrid Espa\u00f1a .\u00a0Certificado:\u00a0 Capacitaci\u00f3n en ecograf\u00eda Obst\u00e9trica Ginecol\u00f3gica en su Nivel II Marzo 1998<\/p>\n<p style=\"padding-left: 40px;\">Barcelona Espa\u00f1a.Certificado: T\u00e8cniques Quir\u00fargiques Ginecol\u00f3gicas. Mayo 1998<\/p>\n<p style=\"padding-left: 40px;\">Barcelona Espa\u00f1a \u00a0Certificado: Metodolog\u00eda de Investigaci\u00f3n Cl\u00ednica \u00a0Junio 1998<\/p>\n<p style=\"padding-left: 40px;\">Barcelona Espa\u00f1a . Certificado: Avan\u00e7os en Osteoporosi i Cancer de mama en la dona Postmenop\u00e0usica \u00a0Mayo 1999<\/p>\n<p style=\"padding-left: 40px;\">Barcelona Espa\u00f1a \u00a0Certificado: T\u00e8cniques de laboratori aplicades al diagn\u00f3stic prenatal Marzo 1999<\/p>\n<p style=\"padding-left: 40px;\">Terrassa Barcelona Espa\u00f1a Certificado: \u201cCurs de Gen\u00e8tic a Molecular\u201d \u00a0Junio 1999<\/p>\n<p style=\"padding-left: 40px;\">Barcelona Espa\u00f1a \u00a0Certificado: Las Revistas M\u00e9dicas Diciembre 1999<\/p>\n<p style=\"padding-left: 40px;\">Barcelona Espa\u00f1a Certificado: X Congreso nacional de Diagn\u00f3stico Prenatal Junio 2000<\/p>\n<p style=\"padding-left: 40px;\">Barcelona Espa\u00f1a Certificado: 5th World Congress of Perinatal Medicine. Participaci\u00f3n con el poster: Hemodinamic Values of Superior Mesenteric Artery in Retarded Intrauterine Growth Fetusses. Septiembre 2001<\/p>\n<p style=\"padding-left: 40px;\">Barcelona Espa\u00f1a Certificado: 2do Congreso Nacional de Endoscopia Ginecol\u00f3gica Noviembre 2001<\/p>\n<p style=\"padding-left: 40px;\">Barcelona Espa\u00f1a Certificado: Fitoterapia en Ginecolog\u00eda. Noviembre 2004<\/p>\n<p style=\"padding-left: 40px;\">Matar\u00f3 Barcelona Espa\u00f1a. Certificado: Dolor Mamario \u00a0Febrero 2005<\/p>\n<p style=\"padding-left: 40px;\">Matar\u00f3 Barcelona Espa\u00f1a. Certificado: Anticoncepci\u00f3n Hormonal Combinada Abril 2005<\/p>\n<p style=\"padding-left: 40px;\">Matar\u00f3 Barcelona Espa\u00f1a. Certificado: Incontinencia Urinaria. Mayo 2005<\/p>\n<p style=\"padding-left: 40px;\">Mataro Barcelona Espa\u00f1a. Certificado: Doppler bases de la interpretaci\u00f3. Juliol 2005<\/p>\n<p style=\"padding-left: 40px;\">Barcelona Espa\u00f1a. Certificado: 1\u00aa jornada de la\u00a0 Atenci\u00f3 a la salud Sexual i Reproductiva. Octubre 2006<\/p>\n<p style=\"padding-left: 40px;\">Granada Espa\u00f1a. Certificado: XVIII Reuni\u00f3n Anual dela Asociaci\u00f3n Patolog\u00eda Cervical y Colposcopia. Noviembre 2006<\/p>\n<p style=\"padding-left: 40px;\">Paris- Francia . Certificado: 9e Journ\u00e9es Europ\u00e9es de la Soci\u00e9t\u00e9 Fran\u00e7aise de Gynecologie.Octubre 2008<\/p>\n<p style=\"padding-left: 40px;\">Clermont Ferrand \u2013 Francia. Diplomatura Universitaria en Cirug\u00eda Endosc\u00f3pica Ginecol\u00f3gica. Diciembre y\u00a0 enero\u00a0 2010 \u2013 2011<\/p>\n<p style=\"padding-left: 40px;\">Barcelona &#8211; Espa\u00f1a. Nivel\u00a0 III\u00a0 Ecograf\u00eda . Hospital Vall d\u00b4Hevr\u00f3n. Julio\u00a0 2011<\/p>\n<p style=\"padding-left: 40px;\">Jornadas de Actualizacion en Ginecolog\u00eda y Obstetricia. Sociedad Valenciana de Ginecolog\u00eda. Valencia Noviembre 2013<\/p>\n<p style=\"padding-left: 40px;\">Master\u00a0 en Reproducci\u00f3n Humana. IVI\u00a0 a\u00f1o 2014\u00a0 en\u00a0 formaci\u00f3n\u00a0 actual<\/p>\n<p>Trabajos realizados y presentados<\/p>\n<p style=\"padding-left: 40px;\">Valoraci\u00f3n hemodin\u00e1mica de la Velocimetr\u00eda Doppler de la Arteria mesent\u00e9rica Superior en fetos Portadores de retardo de Crecimiento Intrauterino. Cynthia Roa Camacho.<\/p>\n<p style=\"padding-left: 40px;\">5th World Congress of Perinatal Medicine. Participaci\u00f3n con el poster: Hemodinamic Values of Superior Mesenteric Artery in Retarded Intrauterine Growth Fetusses y publicaci\u00f3n en libro de Resumenes del Congreso<\/p>\n<p>Asociaciones Activas<\/p>\n<p style=\"padding-left: 40px;\">Miembro activo del\u00a0 Colegio de M\u00e9dicos de Barcelona<\/p>\n<p style=\"padding-left: 40px;\">Miembro activo del Colegio de M\u00e9dicos del Distrito Metropolitano de Caracas.<\/p>\n<\/div><\/section><\/div>\n\n<\/div><\/div><\/div><!-- close content main div --><\/div><\/div><div id='av-layout-grid-3' class='av-layout-grid-container entry-content-wrapper main_color av-flex-cells     avia-builder-el-15  el_after_av_section  avia-builder-el-last  submenu-not-first container_wrap fullsize' style=' '  >\n<div class=\"flex_cell no_margin av_one_fourth  avia-builder-el-16  el_before_av_cell_one_fourth  avia-builder-el-first   avia-full-stretch \" style='background: #007ac1; vertical-align:middle; padding:80px 50px 80px 50px ; background-color:#007ac1; '><div class='flex_cell_inner' ><div class=\"avia-animated-number av-force-default-color  avia-color-font-custom  avia-builder-el-17  avia-builder-el-no-sibling   avia_animate_when_visible\" style='color:#ffffff;' data-timer=\"3000\"><strong class=\"heading avia-animated-number-title\" style='font-size:34px;'><span class=\"avia-single-number __av-single-number\" data-number_format=\"\" data-number=\"20000\">20000<\/span><span class=\"avia-no-number\"> Partos<\/span><\/strong><div class='avia-animated-number-content' style='font-size:20px;'><p>asistidos<\/p>\n<\/div><\/div>\n<\/div><\/div><div class=\"flex_cell no_margin av_one_fourth  avia-builder-el-18  el_after_av_cell_one_fourth  el_before_av_cell_one_fourth   avia-full-stretch \" style='vertical-align:middle; padding:80px 50px 80px 50px ; background-color:#379cd6; '><div class='flex_cell_inner' ><div class=\"avia-animated-number av-force-default-color  avia-color-font-custom  avia-builder-el-19  avia-builder-el-no-sibling   avia_animate_when_visible\" style='color:#ffffff;' data-timer=\"3000\"><strong class=\"heading avia-animated-number-title\" style='font-size:34px;'><span class=\"avia-single-number __av-single-number\" data-number_format=\"\" data-number=\"300000\">300000<\/span><span class=\"avia-no-number\"> Consultas<\/span><\/strong><div class='avia-animated-number-content' style='font-size:20px;'><p>realizadas<\/p>\n<\/div><\/div>\n<\/div><\/div><div class=\"flex_cell no_margin av_one_fourth  avia-builder-el-20  el_after_av_cell_one_fourth  el_before_av_cell_one_fourth   avia-full-stretch \" style='vertical-align:middle; padding:80px 50px 80px 50px ; background-color:#5fb4e4; '><div class='flex_cell_inner' ><div class=\"avia-animated-number av-force-default-color  avia-color-font-custom  avia-builder-el-21  avia-builder-el-no-sibling   avia_animate_when_visible\" style='color:#ffffff;' data-timer=\"3000\"><strong class=\"heading avia-animated-number-title\" style='font-size:34px;'><span class=\"avia-single-number __av-single-number\" data-number_format=\"\" data-number=\"25\">25<\/span><span class=\"avia-no-number\"> Doctores<\/span><\/strong><div class='avia-animated-number-content' style='font-size:20px;'><p>cuidando tu salud<\/p>\n<\/div><\/div>\n<\/div><\/div><div class=\"flex_cell no_margin av_one_fourth  avia-builder-el-22  el_after_av_cell_one_fourth  avia-builder-el-last   avia-full-stretch \" style='vertical-align:middle; padding:80px 50px 80px 50px ; background-color:#80c7ef; '><div class='flex_cell_inner' ><div class=\"avia-animated-number av-force-default-color  avia-color-font-custom  avia-builder-el-23  avia-builder-el-no-sibling   avia_animate_when_visible\" style='color:#ffffff;' data-timer=\"3000\"><strong class=\"heading avia-animated-number-title\" style='font-size:34px;'><span class=\"avia-single-number __av-single-number\" data-number_format=\"\" data-number=\"70\">70<\/span><span class=\"avia-no-number\"> A\u00f1os<\/span><\/strong><div class='avia-animated-number-content' style='font-size:20px;'><p>de experiencia<\/p>\n<\/div><\/div>\n<\/div><\/div><\/div>\n","protected":false},"excerpt":{"rendered":"","protected":false},"author":2,"featured_media":0,"parent":948,"menu_order":0,"comment_status":"closed","ping_status":"closed","template":"","meta":{"spay_email":""},"yoast_head":"<!-- This site is optimized with the Yoast SEO plugin v17.5 - https:\/\/yoast.com\/wordpress\/plugins\/seo\/ -->\n<title>CRoa - GRUPO GINEX - Ginex Instituto Salamero<\/title>\n<meta name=\"robots\" content=\"index, follow, max-snippet:-1, max-image-preview:large, max-video-preview:-1\" \/>\n<link rel=\"canonical\" href=\"https:\/\/site.ginex.es\/index.php\/inicio\/equipo\/croa\/\" \/>\n<meta property=\"og:locale\" content=\"es_ES\" \/>\n<meta property=\"og:type\" content=\"article\" \/>\n<meta property=\"og:title\" content=\"CRoa - GRUPO GINEX - Ginex Instituto Salamero\" \/>\n<meta property=\"og:url\" content=\"https:\/\/site.ginex.es\/index.php\/inicio\/equipo\/croa\/\" \/>\n<meta property=\"og:site_name\" content=\"GRUPO GINEX - Ginex Instituto Salamero\" \/>\n<meta property=\"article:modified_time\" content=\"2019-10-22T17:17:01+00:00\" \/>\n<meta name=\"twitter:card\" content=\"summary_large_image\" \/>\n<meta name=\"twitter:label1\" content=\"Tiempo de lectura\" \/>\n\t<meta name=\"twitter:data1\" content=\"11 minutos\" \/>\n<script type=\"application\/ld+json\" class=\"yoast-schema-graph\">{\"@context\":\"https:\/\/schema.org\",\"@graph\":[{\"@type\":\"Organization\",\"@id\":\"https:\/\/site.ginex.es\/#organization\",\"name\":\"Grupo Ginex Centro de Ginecolog\\u00eda y Obstetricia\",\"url\":\"https:\/\/site.ginex.es\/\",\"sameAs\":[],\"logo\":{\"@type\":\"ImageObject\",\"@id\":\"https:\/\/site.ginex.es\/#logo\",\"inLanguage\":\"es\",\"url\":\"http:\/\/site.ginex.es\/wp-content\/uploads\/2019\/08\/grup_ginex_logo_1.png\",\"contentUrl\":\"http:\/\/site.ginex.es\/wp-content\/uploads\/2019\/08\/grup_ginex_logo_1.png\",\"width\":600,\"height\":600,\"caption\":\"Grupo Ginex Centro de Ginecolog\\u00eda y Obstetricia\"},\"image\":{\"@id\":\"https:\/\/site.ginex.es\/#logo\"}},{\"@type\":\"WebSite\",\"@id\":\"https:\/\/site.ginex.es\/#website\",\"url\":\"https:\/\/site.ginex.es\/\",\"name\":\"GRUPO GINEX - Ginex Instituto Salamero\",\"description\":\"Tu centro ginecol\\u00f3gico en Barcelona\",\"publisher\":{\"@id\":\"https:\/\/site.ginex.es\/#organization\"},\"potentialAction\":[{\"@type\":\"SearchAction\",\"target\":{\"@type\":\"EntryPoint\",\"urlTemplate\":\"https:\/\/site.ginex.es\/?s={search_term_string}\"},\"query-input\":\"required name=search_term_string\"}],\"inLanguage\":\"es\"},{\"@type\":\"WebPage\",\"@id\":\"https:\/\/site.ginex.es\/index.php\/inicio\/equipo\/croa\/#webpage\",\"url\":\"https:\/\/site.ginex.es\/index.php\/inicio\/equipo\/croa\/\",\"name\":\"CRoa - GRUPO GINEX - Ginex Instituto Salamero\",\"isPartOf\":{\"@id\":\"https:\/\/site.ginex.es\/#website\"},\"datePublished\":\"2019-08-24T07:05:42+00:00\",\"dateModified\":\"2019-10-22T17:17:01+00:00\",\"breadcrumb\":{\"@id\":\"https:\/\/site.ginex.es\/index.php\/inicio\/equipo\/croa\/#breadcrumb\"},\"inLanguage\":\"es\",\"potentialAction\":[{\"@type\":\"ReadAction\",\"target\":[\"https:\/\/site.ginex.es\/index.php\/inicio\/equipo\/croa\/\"]}]},{\"@type\":\"BreadcrumbList\",\"@id\":\"https:\/\/site.ginex.es\/index.php\/inicio\/equipo\/croa\/#breadcrumb\",\"itemListElement\":[{\"@type\":\"ListItem\",\"position\":1,\"name\":\"Portada\",\"item\":\"https:\/\/site.ginex.es\/\"},{\"@type\":\"ListItem\",\"position\":2,\"name\":\"Inicio\",\"item\":\"https:\/\/site.ginex.es\/\"},{\"@type\":\"ListItem\",\"position\":3,\"name\":\"Equipo medico\",\"item\":\"https:\/\/site.ginex.es\/index.php\/inicio\/equipo\/\"},{\"@type\":\"ListItem\",\"position\":4,\"name\":\"CRoa\"}]}]}<\/script>\n<!-- \/ Yoast SEO plugin. -->","yoast_head_json":{"title":"CRoa - GRUPO GINEX - Ginex Instituto Salamero","robots":{"index":"index","follow":"follow","max-snippet":"max-snippet:-1","max-image-preview":"max-image-preview:large","max-video-preview":"max-video-preview:-1"},"canonical":"https:\/\/site.ginex.es\/index.php\/inicio\/equipo\/croa\/","og_locale":"es_ES","og_type":"article","og_title":"CRoa - GRUPO GINEX - Ginex Instituto Salamero","og_url":"https:\/\/site.ginex.es\/index.php\/inicio\/equipo\/croa\/","og_site_name":"GRUPO GINEX - Ginex Instituto Salamero","article_modified_time":"2019-10-22T17:17:01+00:00","twitter_card":"summary_large_image","twitter_misc":{"Tiempo de lectura":"11 minutos"},"schema":{"@context":"https:\/\/schema.org","@graph":[{"@type":"Organization","@id":"https:\/\/site.ginex.es\/#organization","name":"Grupo Ginex Centro de Ginecolog\u00eda y Obstetricia","url":"https:\/\/site.ginex.es\/","sameAs":[],"logo":{"@type":"ImageObject","@id":"https:\/\/site.ginex.es\/#logo","inLanguage":"es","url":"http:\/\/site.ginex.es\/wp-content\/uploads\/2019\/08\/grup_ginex_logo_1.png","contentUrl":"http:\/\/site.ginex.es\/wp-content\/uploads\/2019\/08\/grup_ginex_logo_1.png","width":600,"height":600,"caption":"Grupo Ginex Centro de Ginecolog\u00eda y Obstetricia"},"image":{"@id":"https:\/\/site.ginex.es\/#logo"}},{"@type":"WebSite","@id":"https:\/\/site.ginex.es\/#website","url":"https:\/\/site.ginex.es\/","name":"GRUPO GINEX - Ginex Instituto Salamero","description":"Tu centro ginecol\u00f3gico en Barcelona","publisher":{"@id":"https:\/\/site.ginex.es\/#organization"},"potentialAction":[{"@type":"SearchAction","target":{"@type":"EntryPoint","urlTemplate":"https:\/\/site.ginex.es\/?s={search_term_string}"},"query-input":"required name=search_term_string"}],"inLanguage":"es"},{"@type":"WebPage","@id":"https:\/\/site.ginex.es\/index.php\/inicio\/equipo\/croa\/#webpage","url":"https:\/\/site.ginex.es\/index.php\/inicio\/equipo\/croa\/","name":"CRoa - GRUPO GINEX - Ginex Instituto Salamero","isPartOf":{"@id":"https:\/\/site.ginex.es\/#website"},"datePublished":"2019-08-24T07:05:42+00:00","dateModified":"2019-10-22T17:17:01+00:00","breadcrumb":{"@id":"https:\/\/site.ginex.es\/index.php\/inicio\/equipo\/croa\/#breadcrumb"},"inLanguage":"es","potentialAction":[{"@type":"ReadAction","target":["https:\/\/site.ginex.es\/index.php\/inicio\/equipo\/croa\/"]}]},{"@type":"BreadcrumbList","@id":"https:\/\/site.ginex.es\/index.php\/inicio\/equipo\/croa\/#breadcrumb","itemListElement":[{"@type":"ListItem","position":1,"name":"Portada","item":"https:\/\/site.ginex.es\/"},{"@type":"ListItem","position":2,"name":"Inicio","item":"https:\/\/site.ginex.es\/"},{"@type":"ListItem","position":3,"name":"Equipo medico","item":"https:\/\/site.ginex.es\/index.php\/inicio\/equipo\/"},{"@type":"ListItem","position":4,"name":"CRoa"}]}]}},"jetpack_sharing_enabled":true,"_links":{"self":[{"href":"https:\/\/site.ginex.es\/index.php\/wp-json\/wp\/v2\/pages\/1715"}],"collection":[{"href":"https:\/\/site.ginex.es\/index.php\/wp-json\/wp\/v2\/pages"}],"about":[{"href":"https:\/\/site.ginex.es\/index.php\/wp-json\/wp\/v2\/types\/page"}],"author":[{"embeddable":true,"href":"https:\/\/site.ginex.es\/index.php\/wp-json\/wp\/v2\/users\/2"}],"replies":[{"embeddable":true,"href":"https:\/\/site.ginex.es\/index.php\/wp-json\/wp\/v2\/comments?post=1715"}],"version-history":[{"count":7,"href":"https:\/\/site.ginex.es\/index.php\/wp-json\/wp\/v2\/pages\/1715\/revisions"}],"predecessor-version":[{"id":2778,"href":"https:\/\/site.ginex.es\/index.php\/wp-json\/wp\/v2\/pages\/1715\/revisions\/2778"}],"up":[{"embeddable":true,"href":"https:\/\/site.ginex.es\/index.php\/wp-json\/wp\/v2\/pages\/948"}],"wp:attachment":[{"href":"https:\/\/site.ginex.es\/index.php\/wp-json\/wp\/v2\/media?parent=1715"}],"curies":[{"name":"wp","href":"https:\/\/api.w.org\/{rel}","templated":true}]}}