{"id":1980,"date":"2019-09-05T05:14:07","date_gmt":"2019-09-05T03:14:07","guid":{"rendered":"http:\/\/site.ginex.es\/?page_id=1980"},"modified":"2019-10-22T19:27:57","modified_gmt":"2019-10-22T17:27:57","slug":"recursos","status":"publish","type":"page","link":"https:\/\/site.ginex.es\/index.php\/inicio\/recursos\/","title":{"rendered":"recursos"},"content":{"rendered":"<div id='av-layout-grid-1' class='av-layout-grid-container entry-content-wrapper main_color av-fixed-cells   av-small-hide av-mini-hide   avia-builder-el-0  el_before_av_layout_row  avia-builder-el-first   av-cell-min-height av-cell-min-height-50 container_wrap fullsize' style=' '   data-av_minimum_height_pc='50'>\n<div class=\"flex_cell no_margin av_one_half  avia-builder-el-1  el_before_av_cell_one_half  avia-builder-el-first    avia-full-stretch av-zero-padding \" style='background:url(https:\/\/site.ginex.es\/wp-content\/uploads\/2019\/09\/embarazada.jpg) bottom center no-repeat scroll #22689e; vertical-align:top; padding:0px; background-color:#22689e; '><div class='flex_cell_inner' ><\/div><\/div><div class=\"flex_cell no_margin av_one_half  avia-builder-el-2  el_after_av_cell_one_half  avia-builder-el-last   \" style='background: #22689e; vertical-align:middle; padding:0px 0px 0px 80px ; background-color:#22689e; '><div class='flex_cell_inner' ><div style='padding-bottom:0px; margin:0 0 0 0; color:#ffffff;font-size:34px;' class='av-special-heading av-special-heading-h3 custom-color-heading blockquote modern-quote  avia-builder-el-3  avia-builder-el-no-sibling   av-inherit-size '><h3 class='av-special-heading-tag '  itemprop=\"headline\"  >RECURSOS<\/h3><div class ='av-subheading av-subheading_below av_custom_color ' style='font-size:15px;'><p>Utilidades para ayudarte en el control de tu per\u00edodo gestacional<\/p>\n<\/div><div class='special-heading-border'><div class='special-heading-inner-border' style='border-color:#ffffff'><\/div><\/div><\/div>\n<\/div><\/div>\n<\/div>\n<div id='av-layout-grid-2' class='av-layout-grid-container entry-content-wrapper main_color av-fixed-cells   av-desktop-hide av-medium-hide   avia-builder-el-4  el_after_av_layout_row  el_before_av_section   av-cell-min-height av-cell-min-height-50 submenu-not-first container_wrap fullsize' style=' '   data-av_minimum_height_pc='50'>\n<div class=\"flex_cell no_margin av_one_half  avia-builder-el-5  el_before_av_cell_one_half  avia-builder-el-first    avia-full-stretch av-zero-padding \" style='background:url(https:\/\/site.ginex.es\/wp-content\/uploads\/2019\/09\/embarazada.jpg) bottom center no-repeat scroll #22689e; vertical-align:top; padding:0px; background-color:#22689e; '><div class='flex_cell_inner' ><\/div><\/div><div class=\"flex_cell no_margin av_one_half  avia-builder-el-6  el_after_av_cell_one_half  avia-builder-el-last    \" style='background: #22689e; vertical-align:middle; padding:0px 20px 0px 20px ; background-color:#22689e; '><div class='flex_cell_inner' ><div style='padding-bottom:0px; margin:0 0 0 0; color:#ffffff;font-size:34px;' class='av-special-heading av-special-heading-h3 custom-color-heading blockquote modern-quote  avia-builder-el-7  avia-builder-el-no-sibling   av-inherit-size '><h3 class='av-special-heading-tag '  itemprop=\"headline\"  >RECURSOS<\/h3><div class ='av-subheading av-subheading_below av_custom_color ' style='font-size:15px;'><p>Utilidades para ayudarte en el control de tu per\u00edodo gestacional<\/p>\n<\/div><div class='special-heading-border'><div class='special-heading-inner-border' style='border-color:#ffffff'><\/div><\/div><\/div>\n<\/div><\/div>\n<\/div>\n<div id='av_section_1' class='avia-section main_color avia-section-default avia-no-border-styling avia-bg-style-scroll  avia-builder-el-8  el_after_av_layout_row  el_before_av_section    container_wrap fullsize' style=' '  ><div class='container' ><div class='template-page content  av-content-full alpha units'><div class='post-entry post-entry-type-page post-entry-1980'><div class='entry-content-wrapper clearfix'>\n<div class=\"flex_column av_one_full  flex_column_div av-zero-column-padding first  avia-builder-el-9  el_before_av_one_full  avia-builder-el-first  \" style='border-radius:0px; '><section class=\"av_textblock_section \"  itemscope=\"itemscope\" itemtype=\"https:\/\/schema.org\/CreativeWork\" ><div class='avia_textblock  '   itemprop=\"text\" ><h1>Rueda del embarazo o gestograma<\/h1>\n<p>Calcula tu fecha de parto, peso y medidas del beb\u00e9<\/p>\n<\/div><\/section><br \/>\n<section class=\"av_textblock_section \"  itemscope=\"itemscope\" itemtype=\"https:\/\/schema.org\/CreativeWork\" ><div class='avia_textblock  '   itemprop=\"text\" ><p>Para utilizar esta\u00a0<strong>rueda del embarazo <\/strong>o<strong> gestograma<\/strong>, introduce la fecha de la \u00faltima regla (<strong>FUR<\/strong>) y haz clic sobre el bot\u00f3n que calcular\u00e1 tu\u00a0<strong>fecha probable de parto <\/strong>y tus<strong> semanas de embarazo <\/strong>actuales. Adem\u00e1s, nuestra rueda te informa de las<strong>\u00a0ecograf\u00edas<\/strong>, anal\u00edticas y otras\u00a0<strong>pruebas diagn\u00f3sticas<\/strong>\u00a0que te realizan durante toda la gestaci\u00f3n. Tambi\u00e9n puedes consultar los datos de pesos y medidas fetales: el\u00a0<strong>desarrollo de tu beb\u00e9 semana a semana<\/strong>. La fecha de parto que ofrece es orientativa y depende en cada caso de la evoluci\u00f3n del embarazo. Es muy f\u00e1cil, puedes usar ahora mismo esta \u00fatil <strong>calculadora<\/strong> de parto.<\/p>\n<p><strong><a href=\"https:\/\/www.natalben.com\/rueda-del-embarazo\" target=\"_blank\" rel=\"noopener noreferrer\">Ir a Rueda del embarazo ><\/a><\/strong><\/p>\n<\/div><\/section><br \/>\n<div  class='hr hr-default   avia-builder-el-12  el_after_av_textblock  el_before_av_textblock '><span class='hr-inner ' ><span class='hr-inner-style'><\/span><\/span><\/div><br \/>\n<section class=\"av_textblock_section \"  itemscope=\"itemscope\" itemtype=\"https:\/\/schema.org\/CreativeWork\" ><div class='avia_textblock  '   itemprop=\"text\" ><h1>Calculadora de peso en el embarazo<\/h1>\n<p>Controlar tu peso es saludable para ti y tu beb\u00e9<\/p>\n<\/div><\/section><br \/>\n<section class=\"av_textblock_section \"  itemscope=\"itemscope\" itemtype=\"https:\/\/schema.org\/CreativeWork\" ><div class='avia_textblock  '   itemprop=\"text\" ><p>Est\u00e1 <strong>calculadora del peso ideal en el embarazo<\/strong>\u00a0es posible controlar el aumento de peso en cada\u00a0<strong>semana de gestaci\u00f3n<\/strong>\u00a0y compararlo con el rango de peso considerado como saludable para ese periodo.<\/p>\n<p>No olvides que es imprescindible\u00a0<strong>llevar una dieta sana<\/strong>\u00a0y realizar\u00a0<strong>ejercicio f\u00edsico durante el embarazo<\/strong>. \u00a0 Esta calculadora del peso ideal de la mujer embarazada es una herramienta de orientaci\u00f3n que no sustituye las indicaciones del m\u00e9dico o ginec\u00f3logo.<\/p>\n<p><strong><a href=\"https:\/\/www.natalben.com\/calculadora-peso-en-el-embarazo\" target=\"_blank\" rel=\"noopener noreferrer\">Ir a Calculadora de peso ideal en el embarazo ><\/a><\/strong><\/p>\n<\/div><\/section><\/p><\/div><div class=\"flex_column av_one_full  flex_column_div av-zero-column-padding first  avia-builder-el-15  el_after_av_one_full  avia-builder-el-last  column-top-margin\" style='border-radius:0px; '><\/div>\n\n<\/div><\/div><\/div><!-- close content main div --><\/div><\/div><div id='av_section_2' class='avia-section main_color avia-section-default avia-no-border-styling avia-bg-style-scroll  avia-builder-el-16  el_after_av_section  el_before_av_layout_row   container_wrap fullsize' style=' '  ><div class='container' ><div class='template-page content  av-content-full alpha units'><div class='post-entry post-entry-type-page post-entry-1980'><div class='entry-content-wrapper clearfix'>\n<\/div><\/div><\/div><!-- close content main div --><\/div><\/div><div id='av-layout-grid-3' class='av-layout-grid-container entry-content-wrapper main_color av-flex-cells     avia-builder-el-17  el_after_av_section  avia-builder-el-last  submenu-not-first container_wrap fullsize' style=' '  >\n<div class=\"flex_cell no_margin av_one_fourth  avia-builder-el-18  el_before_av_cell_one_fourth  avia-builder-el-first   avia-full-stretch \" style='background: #007ac1; vertical-align:middle; padding:80px 50px 80px 50px ; background-color:#007ac1; '><div class='flex_cell_inner' ><div class=\"avia-animated-number av-force-default-color  avia-color-font-custom  avia-builder-el-19  avia-builder-el-no-sibling   avia_animate_when_visible\" style='color:#ffffff;' data-timer=\"3000\"><strong class=\"heading avia-animated-number-title\" style='font-size:34px;'><span class=\"avia-single-number __av-single-number\" data-number_format=\"\" data-number=\"20000\">20000<\/span><span class=\"avia-no-number\"> Partos<\/span><\/strong><div class='avia-animated-number-content' style='font-size:20px;'><p>asistidos<\/p>\n<\/div><\/div>\n<\/div><\/div><div class=\"flex_cell no_margin av_one_fourth  avia-builder-el-20  el_after_av_cell_one_fourth  el_before_av_cell_one_fourth   avia-full-stretch \" style='vertical-align:middle; padding:80px 50px 80px 50px ; background-color:#379cd6; '><div class='flex_cell_inner' ><div class=\"avia-animated-number av-force-default-color  avia-color-font-custom  avia-builder-el-21  avia-builder-el-no-sibling   avia_animate_when_visible\" style='color:#ffffff;' data-timer=\"3000\"><strong class=\"heading avia-animated-number-title\" style='font-size:34px;'><span class=\"avia-single-number __av-single-number\" data-number_format=\"\" data-number=\"300000\">300000<\/span><span class=\"avia-no-number\"> Consultas<\/span><\/strong><div class='avia-animated-number-content' style='font-size:20px;'><p>realizadas<\/p>\n<\/div><\/div>\n<\/div><\/div><div class=\"flex_cell no_margin av_one_fourth  avia-builder-el-22  el_after_av_cell_one_fourth  el_before_av_cell_one_fourth   avia-full-stretch \" style='vertical-align:middle; padding:80px 50px 80px 50px ; background-color:#5fb4e4; '><div class='flex_cell_inner' ><div class=\"avia-animated-number av-force-default-color  avia-color-font-custom  avia-builder-el-23  avia-builder-el-no-sibling   avia_animate_when_visible\" style='color:#ffffff;' data-timer=\"3000\"><strong class=\"heading avia-animated-number-title\" style='font-size:34px;'><span class=\"avia-single-number __av-single-number\" data-number_format=\"\" data-number=\"25\">25<\/span><span class=\"avia-no-number\"> Doctores<\/span><\/strong><div class='avia-animated-number-content' style='font-size:20px;'><p>cuidando tu salud<\/p>\n<\/div><\/div>\n<\/div><\/div><div class=\"flex_cell no_margin av_one_fourth  avia-builder-el-24  el_after_av_cell_one_fourth  avia-builder-el-last   avia-full-stretch \" style='vertical-align:middle; padding:80px 50px 80px 50px ; background-color:#80c7ef; '><div class='flex_cell_inner' ><div class=\"avia-animated-number av-force-default-color  avia-color-font-custom  avia-builder-el-25  avia-builder-el-no-sibling   avia_animate_when_visible\" style='color:#ffffff;' data-timer=\"3000\"><strong class=\"heading avia-animated-number-title\" style='font-size:34px;'><span class=\"avia-single-number __av-single-number\" data-number_format=\"\" data-number=\"70\">70<\/span><span class=\"avia-no-number\"> A\u00f1os<\/span><\/strong><div class='avia-animated-number-content' style='font-size:20px;'><p>de experiencia<\/p>\n<\/div><\/div>\n<\/div><\/div><\/div>\n","protected":false},"excerpt":{"rendered":"","protected":false},"author":2,"featured_media":0,"parent":330,"menu_order":0,"comment_status":"closed","ping_status":"closed","template":"","meta":{"spay_email":""},"yoast_head":"<!-- This site is optimized with the Yoast SEO plugin v17.5 - https:\/\/yoast.com\/wordpress\/plugins\/seo\/ -->\n<title>recursos - GRUPO GINEX - Ginex Instituto Salamero<\/title>\n<meta name=\"robots\" content=\"index, follow, max-snippet:-1, max-image-preview:large, max-video-preview:-1\" \/>\n<link rel=\"canonical\" href=\"https:\/\/site.ginex.es\/index.php\/inicio\/recursos\/\" \/>\n<meta property=\"og:locale\" content=\"es_ES\" \/>\n<meta property=\"og:type\" content=\"article\" \/>\n<meta property=\"og:title\" content=\"recursos - GRUPO GINEX - Ginex Instituto Salamero\" \/>\n<meta property=\"og:url\" content=\"https:\/\/site.ginex.es\/index.php\/inicio\/recursos\/\" \/>\n<meta property=\"og:site_name\" content=\"GRUPO GINEX - Ginex Instituto Salamero\" \/>\n<meta property=\"article:modified_time\" content=\"2019-10-22T17:27:57+00:00\" \/>\n<meta name=\"twitter:card\" content=\"summary_large_image\" \/>\n<meta name=\"twitter:label1\" content=\"Tiempo de lectura\" \/>\n\t<meta name=\"twitter:data1\" content=\"10 minutos\" \/>\n<script type=\"application\/ld+json\" class=\"yoast-schema-graph\">{\"@context\":\"https:\/\/schema.org\",\"@graph\":[{\"@type\":\"Organization\",\"@id\":\"https:\/\/site.ginex.es\/#organization\",\"name\":\"Grupo Ginex Centro de Ginecolog\\u00eda y Obstetricia\",\"url\":\"https:\/\/site.ginex.es\/\",\"sameAs\":[],\"logo\":{\"@type\":\"ImageObject\",\"@id\":\"https:\/\/site.ginex.es\/#logo\",\"inLanguage\":\"es\",\"url\":\"http:\/\/site.ginex.es\/wp-content\/uploads\/2019\/08\/grup_ginex_logo_1.png\",\"contentUrl\":\"http:\/\/site.ginex.es\/wp-content\/uploads\/2019\/08\/grup_ginex_logo_1.png\",\"width\":600,\"height\":600,\"caption\":\"Grupo Ginex Centro de Ginecolog\\u00eda y Obstetricia\"},\"image\":{\"@id\":\"https:\/\/site.ginex.es\/#logo\"}},{\"@type\":\"WebSite\",\"@id\":\"https:\/\/site.ginex.es\/#website\",\"url\":\"https:\/\/site.ginex.es\/\",\"name\":\"GRUPO GINEX - Ginex Instituto Salamero\",\"description\":\"Tu centro ginecol\\u00f3gico en Barcelona\",\"publisher\":{\"@id\":\"https:\/\/site.ginex.es\/#organization\"},\"potentialAction\":[{\"@type\":\"SearchAction\",\"target\":{\"@type\":\"EntryPoint\",\"urlTemplate\":\"https:\/\/site.ginex.es\/?s={search_term_string}\"},\"query-input\":\"required name=search_term_string\"}],\"inLanguage\":\"es\"},{\"@type\":\"WebPage\",\"@id\":\"https:\/\/site.ginex.es\/index.php\/inicio\/recursos\/#webpage\",\"url\":\"https:\/\/site.ginex.es\/index.php\/inicio\/recursos\/\",\"name\":\"recursos - GRUPO GINEX - Ginex Instituto Salamero\",\"isPartOf\":{\"@id\":\"https:\/\/site.ginex.es\/#website\"},\"datePublished\":\"2019-09-05T03:14:07+00:00\",\"dateModified\":\"2019-10-22T17:27:57+00:00\",\"breadcrumb\":{\"@id\":\"https:\/\/site.ginex.es\/index.php\/inicio\/recursos\/#breadcrumb\"},\"inLanguage\":\"es\",\"potentialAction\":[{\"@type\":\"ReadAction\",\"target\":[\"https:\/\/site.ginex.es\/index.php\/inicio\/recursos\/\"]}]},{\"@type\":\"BreadcrumbList\",\"@id\":\"https:\/\/site.ginex.es\/index.php\/inicio\/recursos\/#breadcrumb\",\"itemListElement\":[{\"@type\":\"ListItem\",\"position\":1,\"name\":\"Portada\",\"item\":\"https:\/\/site.ginex.es\/\"},{\"@type\":\"ListItem\",\"position\":2,\"name\":\"Inicio\",\"item\":\"https:\/\/site.ginex.es\/\"},{\"@type\":\"ListItem\",\"position\":3,\"name\":\"recursos\"}]}]}<\/script>\n<!-- \/ Yoast SEO plugin. -->","yoast_head_json":{"title":"recursos - GRUPO GINEX - Ginex Instituto Salamero","robots":{"index":"index","follow":"follow","max-snippet":"max-snippet:-1","max-image-preview":"max-image-preview:large","max-video-preview":"max-video-preview:-1"},"canonical":"https:\/\/site.ginex.es\/index.php\/inicio\/recursos\/","og_locale":"es_ES","og_type":"article","og_title":"recursos - GRUPO GINEX - Ginex Instituto Salamero","og_url":"https:\/\/site.ginex.es\/index.php\/inicio\/recursos\/","og_site_name":"GRUPO GINEX - Ginex Instituto Salamero","article_modified_time":"2019-10-22T17:27:57+00:00","twitter_card":"summary_large_image","twitter_misc":{"Tiempo de lectura":"10 minutos"},"schema":{"@context":"https:\/\/schema.org","@graph":[{"@type":"Organization","@id":"https:\/\/site.ginex.es\/#organization","name":"Grupo Ginex Centro de Ginecolog\u00eda y Obstetricia","url":"https:\/\/site.ginex.es\/","sameAs":[],"logo":{"@type":"ImageObject","@id":"https:\/\/site.ginex.es\/#logo","inLanguage":"es","url":"http:\/\/site.ginex.es\/wp-content\/uploads\/2019\/08\/grup_ginex_logo_1.png","contentUrl":"http:\/\/site.ginex.es\/wp-content\/uploads\/2019\/08\/grup_ginex_logo_1.png","width":600,"height":600,"caption":"Grupo Ginex Centro de Ginecolog\u00eda y Obstetricia"},"image":{"@id":"https:\/\/site.ginex.es\/#logo"}},{"@type":"WebSite","@id":"https:\/\/site.ginex.es\/#website","url":"https:\/\/site.ginex.es\/","name":"GRUPO GINEX - Ginex Instituto Salamero","description":"Tu centro ginecol\u00f3gico en Barcelona","publisher":{"@id":"https:\/\/site.ginex.es\/#organization"},"potentialAction":[{"@type":"SearchAction","target":{"@type":"EntryPoint","urlTemplate":"https:\/\/site.ginex.es\/?s={search_term_string}"},"query-input":"required name=search_term_string"}],"inLanguage":"es"},{"@type":"WebPage","@id":"https:\/\/site.ginex.es\/index.php\/inicio\/recursos\/#webpage","url":"https:\/\/site.ginex.es\/index.php\/inicio\/recursos\/","name":"recursos - GRUPO GINEX - Ginex Instituto Salamero","isPartOf":{"@id":"https:\/\/site.ginex.es\/#website"},"datePublished":"2019-09-05T03:14:07+00:00","dateModified":"2019-10-22T17:27:57+00:00","breadcrumb":{"@id":"https:\/\/site.ginex.es\/index.php\/inicio\/recursos\/#breadcrumb"},"inLanguage":"es","potentialAction":[{"@type":"ReadAction","target":["https:\/\/site.ginex.es\/index.php\/inicio\/recursos\/"]}]},{"@type":"BreadcrumbList","@id":"https:\/\/site.ginex.es\/index.php\/inicio\/recursos\/#breadcrumb","itemListElement":[{"@type":"ListItem","position":1,"name":"Portada","item":"https:\/\/site.ginex.es\/"},{"@type":"ListItem","position":2,"name":"Inicio","item":"https:\/\/site.ginex.es\/"},{"@type":"ListItem","position":3,"name":"recursos"}]}]}},"jetpack_sharing_enabled":true,"_links":{"self":[{"href":"https:\/\/site.ginex.es\/index.php\/wp-json\/wp\/v2\/pages\/1980"}],"collection":[{"href":"https:\/\/site.ginex.es\/index.php\/wp-json\/wp\/v2\/pages"}],"about":[{"href":"https:\/\/site.ginex.es\/index.php\/wp-json\/wp\/v2\/types\/page"}],"author":[{"embeddable":true,"href":"https:\/\/site.ginex.es\/index.php\/wp-json\/wp\/v2\/users\/2"}],"replies":[{"embeddable":true,"href":"https:\/\/site.ginex.es\/index.php\/wp-json\/wp\/v2\/comments?post=1980"}],"version-history":[{"count":33,"href":"https:\/\/site.ginex.es\/index.php\/wp-json\/wp\/v2\/pages\/1980\/revisions"}],"predecessor-version":[{"id":2800,"href":"https:\/\/site.ginex.es\/index.php\/wp-json\/wp\/v2\/pages\/1980\/revisions\/2800"}],"up":[{"embeddable":true,"href":"https:\/\/site.ginex.es\/index.php\/wp-json\/wp\/v2\/pages\/330"}],"wp:attachment":[{"href":"https:\/\/site.ginex.es\/index.php\/wp-json\/wp\/v2\/media?parent=1980"}],"curies":[{"name":"wp","href":"https:\/\/api.w.org\/{rel}","templated":true}]}}