{"id":2109,"date":"2019-09-05T08:04:17","date_gmt":"2019-09-05T06:04:17","guid":{"rendered":"http:\/\/site.ginex.es\/?page_id=2109"},"modified":"2019-09-09T15:54:27","modified_gmt":"2019-09-09T13:54:27","slug":"cirugia_endoscopica","status":"publish","type":"page","link":"https:\/\/site.ginex.es\/index.php\/inicio\/departments\/cirugia_endoscopica\/","title":{"rendered":"Cirugia_endoscopica"},"content":{"rendered":"<div id='ginecologia' class='av-layout-grid-container entry-content-wrapper main_color av-flex-cells   av-small-hide av-mini-hide   avia-builder-el-0  el_before_av_layout_row  avia-builder-el-first   av-cell-min-height av-cell-min-height-50 container_wrap fullsize' style=' '   data-av_minimum_height_pc='50'>\n<div class=\"flex_cell no_margin av_one_half  avia-builder-el-1  el_before_av_cell_one_half  avia-builder-el-first    avia-full-stretch \" style='background:url(https:\/\/site.ginex.es\/wp-content\/uploads\/2019\/09\/especialidades2-1.jpg) top left no-repeat scroll #22689e; vertical-align:middle; padding:0px 80px 0px 80px ; background-color:#22689e; '><div class='flex_cell_inner' ><\/div><\/div><div class=\"flex_cell no_margin av_one_half  avia-builder-el-2  el_after_av_cell_one_half  avia-builder-el-last    avia-full-stretch \" style='background: #22689e; vertical-align:middle; padding:0px 0px 0px 80px ; background-color:#22689e; '><div class='flex_cell_inner' ><p><div style='padding-bottom:25px; color:#ffffff;font-size:34px;' class='av-special-heading av-special-heading-h3 custom-color-heading blockquote modern-quote  avia-builder-el-3  el_before_av_one_fourth  avia-builder-el-first   av-inherit-size '><h3 class='av-special-heading-tag '  itemprop=\"headline\"  >ESPECIALIDADES<\/h3><div class='special-heading-border'><div class='special-heading-inner-border' style='border-color:#ffffff'><\/div><\/div><\/div><br \/>\n<div class=\"flex_column av_one_fourth  flex_column_div av-zero-column-padding first  avia-builder-el-4  el_after_av_heading  el_before_av_one_fourth  \" style='border-radius:0px; '><div class='avia-button-wrap avia-button-center  avia-builder-el-5  avia-builder-el-no-sibling  '><a href='https:\/\/site.ginex.es\/index.php\/inicio\/departments\/'  class='avia-button   avia-icon_select-no avia-color-light avia-size-medium avia-position-center '   ><span class='avia_iconbox_title' >Servicio de Ginecolog\u00eda<\/span><\/a><\/div><\/div><div class=\"flex_column av_one_fourth  flex_column_div av-zero-column-padding   avia-builder-el-6  el_after_av_one_fourth  el_before_av_one_fourth  \" style='border-radius:0px; '><div class='avia-button-wrap avia-button-center  avia-builder-el-7  avia-builder-el-no-sibling  '><a href='https:\/\/site.ginex.es\/index.php\/inicio\/departments\/cirugia_endoscopica\/'  class='avia-button   avia-icon_select-no avia-color-light avia-size-medium avia-position-center '   ><span class='avia_iconbox_title' >Cirug\u00eda Endosc\u00f3pica<\/span><\/a><\/div><\/div><div class=\"flex_column av_one_fourth  flex_column_div av-zero-column-padding   avia-builder-el-8  el_after_av_one_fourth  el_before_av_one_fourth  \" style='border-radius:0px; '><div class='avia-button-wrap avia-button-center  avia-builder-el-9  avia-builder-el-no-sibling  '><a href='https:\/\/site.ginex.es\/index.php\/inicio\/departments\/control_embarazo\/'  class='avia-button   avia-icon_select-no avia-color-light avia-size-medium avia-position-center '   ><span class='avia_iconbox_title' >Control de Embarazo<\/span><\/a><\/div><\/div><div class=\"flex_column av_one_fourth  flex_column_div av-zero-column-padding   avia-builder-el-10  el_after_av_one_fourth  el_before_av_one_fourth  \" style='border-radius:0px; '><\/div><div class=\"flex_column av_one_fourth  flex_column_div av-zero-column-padding first  avia-builder-el-11  el_after_av_one_fourth  el_before_av_one_fourth  column-top-margin\" style='border-radius:0px; '><div class='avia-button-wrap avia-button-center  avia-builder-el-12  avia-builder-el-no-sibling  '><a href='https:\/\/site.ginex.es\/index.php\/inicio\/departments\/cirugia_mama\/'  class='avia-button   avia-icon_select-no avia-color-light avia-size-medium avia-position-center '   ><span class='avia_iconbox_title' >Cirug\u00eda de Mama<\/span><\/a><\/div><\/div><div class=\"flex_column av_one_fourth  flex_column_div av-zero-column-padding   avia-builder-el-13  el_after_av_one_fourth  el_before_av_one_fourth  column-top-margin\" style='border-radius:0px; '><div class='avia-button-wrap avia-button-center  avia-builder-el-14  avia-builder-el-no-sibling  '><a href='https:\/\/site.ginex.es\/index.php\/inicio\/departments\/visita_oncologica\/'  class='avia-button   avia-icon_select-no avia-color-light avia-size-medium avia-position-center '   ><span class='avia_iconbox_title' >Unidad Oncolog\u00eda<\/span><\/a><\/div><\/div><div class=\"flex_column av_one_fourth  flex_column_div av-zero-column-padding   avia-builder-el-15  el_after_av_one_fourth  el_before_av_one_fourth  column-top-margin\" style='border-radius:0px; '><div class='avia-button-wrap avia-button-center  avia-builder-el-16  avia-builder-el-no-sibling  '><a href='https:\/\/site.ginex.es\/index.php\/inicio\/departments\/otros_servicios\/'  class='avia-button   avia-icon_select-no avia-color-light avia-size-medium avia-position-center '   ><span class='avia_iconbox_title' >Otros Servicios<\/span><\/a><\/div><\/div><div class=\"flex_column av_one_fourth  flex_column_div av-zero-column-padding   avia-builder-el-17  el_after_av_one_fourth  avia-builder-el-last  column-top-margin\" style='border-radius:0px; '><\/div><\/p>\n<\/div><\/div>\n<\/div>\n<div id='ginecologia' class='av-layout-grid-container entry-content-wrapper main_color av-fixed-cells   av-desktop-hide av-medium-hide   avia-builder-el-18  el_after_av_layout_row  el_before_av_section   av-cell-min-height av-cell-min-height-50 submenu-not-first container_wrap fullsize' style=' '   data-av_minimum_height_pc='50'>\n<div class=\"flex_cell no_margin av_one_third  avia-builder-el-19  el_before_av_cell_two_third  avia-builder-el-first    avia-full-stretch \" style='background:url(https:\/\/site.ginex.es\/wp-content\/uploads\/2019\/09\/especialidades3.jpg) top right no-repeat scroll #22689e; vertical-align:middle; padding:0px 80px 0px 80px ; background-color:#22689e; '><div class='flex_cell_inner' ><\/div><\/div><div class=\"flex_cell no_margin av_two_third  avia-builder-el-20  el_after_av_cell_one_third  avia-builder-el-last    avia-full-stretch \" style='background: #22689e; vertical-align:bottom; padding:0px 0px 0px 15px ; background-color:#22689e; '><div class='flex_cell_inner' ><p><div style='padding-bottom:15px; margin:20% 0 0 0; color:#ffffff;font-size:34px;' class='av-special-heading av-special-heading-h2 custom-color-heading blockquote modern-quote  avia-builder-el-21  el_before_av_four_fifth  avia-builder-el-first   av-inherit-size '><h2 class='av-special-heading-tag '  itemprop=\"headline\"  >ESPECIALIDADES<\/h2><div class='special-heading-border'><div class='special-heading-inner-border' style='border-color:#ffffff'><\/div><\/div><\/div><br \/>\n<div class=\"flex_column av_four_fifth  flex_column_div av-zero-column-padding first  avia-builder-el-22  el_after_av_heading  avia-builder-el-last  \" style='border-radius:0px; '><section class=\"av_textblock_section \"  itemscope=\"itemscope\" itemtype=\"https:\/\/schema.org\/CreativeWork\" ><div class='avia_textblock  '   itemprop=\"text\" ><p><span style=\"color: #ffffff;\">Servicio de <\/span><a href=\"http:\/\/site.ginex.es\/index.php\/inicio\/departments\/\"><span style=\"color: #ffffff;\">Ginecolog\u00eda<\/span><\/a><br \/>\n<span style=\"color: #ffffff;\"> <a style=\"color: #ffffff;\" href=\"http:\/\/site.ginex.es\/index.php\/inicio\/departments\/cirugia_endoscopica\/\">Cirug\u00eda Endosc\u00f3pica<\/a><\/span><br \/>\n<a href=\"http:\/\/site.ginex.es\/index.php\/inicio\/departments\/control_embarazo\/\"><span style=\"color: #ffffff;\"> Control de Embarazo<\/span><\/a><br \/>\n<span style=\"color: #ffffff;\"> <a style=\"color: #ffffff;\" href=\"http:\/\/site.ginex.es\/index.php\/inicio\/departments\/cirugia_mama\/\">Cirug\u00eda de Mama<\/a><\/span><br \/>\n<a href=\"http:\/\/site.ginex.es\/index.php\/inicio\/departments\/visita_oncologica\/\"><span style=\"color: #ffffff;\"> Unidad Oncolog\u00eda<\/span><\/a><br \/>\n<a href=\"http:\/\/site.ginex.es\/index.php\/inicio\/departments\/otros_servicios\/\"><span style=\"color: #ffffff;\"> Otros Servicios<\/span><\/a><\/p>\n<\/div><\/section><\/div><\/p>\n<\/div><\/div><\/div><div id='av_section_1' class='avia-section main_color avia-section-huge avia-no-border-styling avia-bg-style-scroll  avia-builder-el-24  el_after_av_layout_row  avia-builder-el-last    container_wrap fullsize' style=' margin-top:-50px; '  ><div class='container' ><div class='template-page content  av-content-full alpha units'><div class='post-entry post-entry-type-page post-entry-2109'><div class='entry-content-wrapper clearfix'>\n<div style='padding-bottom:30px; margin-bottom:0; ' class='av-special-heading av-special-heading-h2    avia-builder-el-25  el_before_av_one_full  avia-builder-el-first   '><h2 class='av-special-heading-tag '  itemprop=\"headline\"  >Cirug\u00eda Endosc\u00f3pica<\/h2><div class='special-heading-border'><div class='special-heading-inner-border' ><\/div><\/div><\/div>\n<div class=\"flex_column av_one_full  av-animated-generic bottom-to-top  flex_column_div av-zero-column-padding first  avia-builder-el-26  el_after_av_heading  avia-builder-el-last   \" style='border-radius:0px; '><p><div class='avia-icon-list-container   avia-builder-el-27  el_before_av_button  avia-builder-el-first  '><ul class='avia-icon-list avia-icon-list-left av-iconlist-big avia_animate_when_almost_visible avia-iconlist-animate'>\n<li><div  class='iconlist_icon  avia-font-entypo-fontello'><span class='iconlist-char ' aria-hidden='true' data-av_icon='\ue811' data-av_iconfont='entypo-fontello'><\/span><\/div><article class=\"article-icon-entry \"  itemscope=\"itemscope\" itemtype=\"https:\/\/schema.org\/CreativeWork\" ><div class='iconlist_content_wrap'><header class=\"entry-content-header\"><h4 class='av_iconlist_title iconlist_title  '  itemprop=\"headline\"  >Histeroscopia<\/h4><\/header><div class='iconlist_content  '  itemprop=\"text\"  ><p><img loading=\"lazy\" class=\"size-medium wp-image-1936 alignright\" src=\"http:\/\/site.ginex.es\/wp-content\/uploads\/2019\/09\/histeroscopia-300x246.jpeg\" alt=\"\" width=\"300\" height=\"246\" srcset=\"https:\/\/site.ginex.es\/wp-content\/uploads\/2019\/09\/histeroscopia-300x246.jpeg 300w, https:\/\/site.ginex.es\/wp-content\/uploads\/2019\/09\/histeroscopia.jpeg 488w, https:\/\/site.ginex.es\/wp-content\/uploads\/2019\/09\/histeroscopia-450x369.jpeg 450w\" sizes=\"(max-width: 300px) 100vw, 300px\" \/>La\u00a0<strong>histeroscopia<\/strong>\u00a0es un procedimiento cl\u00ednico que le permite a un ginec\u00f3logo ver el interior del \u00fatero por medio de una endoscopia.<\/p>\n<p>Este procedimiento puede realizarse con fines de diagn\u00f3stico o para tratamientos de patolog\u00edas intrauterinas y como m\u00e9todo de intervenci\u00f3n quir\u00fargica.<\/p>\n<\/div><\/div><footer class=\"entry-footer\"><\/footer><\/article><div class='iconlist-timeline'><\/div><\/li>\n<li><div  class='iconlist_icon  avia-font-entypo-fontello'><span class='iconlist-char ' aria-hidden='true' data-av_icon='\ue811' data-av_iconfont='entypo-fontello'><\/span><\/div><article class=\"article-icon-entry \"  itemscope=\"itemscope\" itemtype=\"https:\/\/schema.org\/CreativeWork\" ><div class='iconlist_content_wrap'><header class=\"entry-content-header\"><h4 class='av_iconlist_title iconlist_title  '  itemprop=\"headline\"  >Laparoscop\u00eda<\/h4><\/header><div class='iconlist_content  '  itemprop=\"text\"  ><p><img loading=\"lazy\" class=\"size-medium wp-image-1935 alignright\" src=\"http:\/\/site.ginex.es\/wp-content\/uploads\/2019\/09\/laparoscopia-300x150.jpg\" alt=\"\" width=\"300\" height=\"150\" srcset=\"https:\/\/site.ginex.es\/wp-content\/uploads\/2019\/09\/laparoscopia-300x150.jpg 300w, https:\/\/site.ginex.es\/wp-content\/uploads\/2019\/09\/laparoscopia-600x300.jpg 600w, https:\/\/site.ginex.es\/wp-content\/uploads\/2019\/09\/laparoscopia-768x384.jpg 768w, https:\/\/site.ginex.es\/wp-content\/uploads\/2019\/09\/laparoscopia-705x353.jpg 705w, https:\/\/site.ginex.es\/wp-content\/uploads\/2019\/09\/laparoscopia.jpg 800w\" sizes=\"(max-width: 300px) 100vw, 300px\" \/>Es un procedimiento que permite visualizar la cavidad peritoneal a trav\u00e9s de un aparato \u00f3ptico (laparoscopio). Permite, adem\u00e1s, realizar diversos procedimientos quir\u00fargicos a trav\u00e9s de peque\u00f1as incisiones abdominales.<\/p>\n<p>La laparoscopia se realiza con anestesia general. Se realiza un tiempo vaginal para vaciar la vejiga y colocar una c\u00e1nula intrauterina. Esta c\u00e1nula permite movilizar el \u00fatero e inyectar l\u00edquido para evaluar la permeabilidad de las trompas. Luego introduce aire con una aguja de Veress a nivel umbilical y se inserta un tr\u00f3car, a trav\u00e9s del cual se introduce el laparoscopio, que se conecta a la c\u00e1mara. Una vez reconocidas las estructuras internas de la pared abdominal, se procede a realizar punciones accesorias de 5 \u00f3 10 mm, cuyo n\u00famero y ubicaci\u00f3n dependen de los elementos anat\u00f3micos de la pared y de la enfermedad o anomal\u00eda encontrada. Estas punciones permiten la introducci\u00f3n de instrumental quir\u00fargico y la realizaci\u00f3n de diversos procedimientos.<br \/>\nUna vez realizadas las punciones, se explora sistem\u00e1ticamente la cavidad pelviana y se realizan los procedimientos terap\u00e9uticos. Posteriormente se realiza un lavado exhausivo de la cavidad peritoneal con suero fisiol\u00f3gico y se suturan las incisiones abdominales. Habitualmente las pacientes se encuentran en condiciones de alta a las 24 horas del postoperatorio.<\/p>\n<\/div><\/div><footer class=\"entry-footer\"><\/footer><\/article><div class='iconlist-timeline'><\/div><\/li>\n<li><div  class='iconlist_icon  avia-font-entypo-fontello'><span class='iconlist-char ' aria-hidden='true' data-av_icon='\ue811' data-av_iconfont='entypo-fontello'><\/span><\/div><article class=\"article-icon-entry \"  itemscope=\"itemscope\" itemtype=\"https:\/\/schema.org\/CreativeWork\" ><div class='iconlist_content_wrap'><header class=\"entry-content-header\"><h4 class='av_iconlist_title iconlist_title  '  itemprop=\"headline\"  >Colposcop\u00eda<\/h4><\/header><div class='iconlist_content  '  itemprop=\"text\"  ><p><img loading=\"lazy\" class=\"size-medium wp-image-1937 alignright\" src=\"http:\/\/site.ginex.es\/wp-content\/uploads\/2019\/09\/Colposcopia-300x200.jpg\" alt=\"\" width=\"300\" height=\"200\" srcset=\"https:\/\/site.ginex.es\/wp-content\/uploads\/2019\/09\/Colposcopia-300x200.jpg 300w, https:\/\/site.ginex.es\/wp-content\/uploads\/2019\/09\/Colposcopia-450x301.jpg 450w, https:\/\/site.ginex.es\/wp-content\/uploads\/2019\/09\/Colposcopia.jpg 500w\" sizes=\"(max-width: 300px) 100vw, 300px\" \/>La <strong>colposcop\u00eda<\/strong> es una prueba que permite ver de forma ampliada la superficie del cuello del \u00fatero o c\u00e9rvix. Sirve para identificar de forma precoz posibles lesiones.<\/p>\n<p>Tambi\u00e9n permite tomar biopsias de las zonas sospechosas para estudiarlas posteriormente en el laboratorio, o extirpar estas lesiones solucionando as\u00ed el problema.<\/p>\n<\/div><\/div><footer class=\"entry-footer\"><\/footer><\/article><div class='iconlist-timeline'><\/div><\/li>\n<\/ul><\/div><br \/>\n<div class='avia-button-wrap avia-button-center  avia-builder-el-28  el_after_av_iconlist  avia-builder-el-last  '><a href='https:\/\/site.ginex.es\/index.php\/inicio\/cita-online\/'  class='avia-button   avia-icon_select-no avia-color-theme-color-highlight avia-size-medium avia-position-center '   ><span class='avia_iconbox_title' >Pide Cita<\/span><\/a><\/div><\/p><\/div>\n<\/p>\n","protected":false},"excerpt":{"rendered":"","protected":false},"author":2,"featured_media":0,"parent":961,"menu_order":0,"comment_status":"closed","ping_status":"closed","template":"","meta":{"spay_email":""},"yoast_head":"<!-- This site is optimized with the Yoast SEO plugin v17.5 - https:\/\/yoast.com\/wordpress\/plugins\/seo\/ -->\n<title>Cirugia_endoscopica - GRUPO GINEX - Ginex Instituto Salamero<\/title>\n<meta name=\"robots\" content=\"index, follow, max-snippet:-1, max-image-preview:large, max-video-preview:-1\" \/>\n<link rel=\"canonical\" href=\"https:\/\/site.ginex.es\/index.php\/inicio\/departments\/cirugia_endoscopica\/\" \/>\n<meta property=\"og:locale\" content=\"es_ES\" \/>\n<meta property=\"og:type\" content=\"article\" \/>\n<meta property=\"og:title\" content=\"Cirugia_endoscopica - GRUPO GINEX - Ginex Instituto Salamero\" \/>\n<meta property=\"og:url\" content=\"https:\/\/site.ginex.es\/index.php\/inicio\/departments\/cirugia_endoscopica\/\" \/>\n<meta property=\"og:site_name\" content=\"GRUPO GINEX - Ginex Instituto Salamero\" \/>\n<meta property=\"article:modified_time\" content=\"2019-09-09T13:54:27+00:00\" \/>\n<meta property=\"og:image\" content=\"http:\/\/site.ginex.es\/wp-content\/uploads\/2019\/09\/histeroscopia-300x246.jpeg\" \/>\n<meta name=\"twitter:card\" content=\"summary_large_image\" \/>\n<meta name=\"twitter:label1\" content=\"Tiempo de lectura\" \/>\n\t<meta name=\"twitter:data1\" content=\"14 minutos\" \/>\n<script type=\"application\/ld+json\" class=\"yoast-schema-graph\">{\"@context\":\"https:\/\/schema.org\",\"@graph\":[{\"@type\":\"Organization\",\"@id\":\"https:\/\/site.ginex.es\/#organization\",\"name\":\"Grupo Ginex Centro de Ginecolog\\u00eda y Obstetricia\",\"url\":\"https:\/\/site.ginex.es\/\",\"sameAs\":[],\"logo\":{\"@type\":\"ImageObject\",\"@id\":\"https:\/\/site.ginex.es\/#logo\",\"inLanguage\":\"es\",\"url\":\"http:\/\/site.ginex.es\/wp-content\/uploads\/2019\/08\/grup_ginex_logo_1.png\",\"contentUrl\":\"http:\/\/site.ginex.es\/wp-content\/uploads\/2019\/08\/grup_ginex_logo_1.png\",\"width\":600,\"height\":600,\"caption\":\"Grupo Ginex Centro de Ginecolog\\u00eda y Obstetricia\"},\"image\":{\"@id\":\"https:\/\/site.ginex.es\/#logo\"}},{\"@type\":\"WebSite\",\"@id\":\"https:\/\/site.ginex.es\/#website\",\"url\":\"https:\/\/site.ginex.es\/\",\"name\":\"GRUPO GINEX - Ginex Instituto Salamero\",\"description\":\"Tu centro ginecol\\u00f3gico en Barcelona\",\"publisher\":{\"@id\":\"https:\/\/site.ginex.es\/#organization\"},\"potentialAction\":[{\"@type\":\"SearchAction\",\"target\":{\"@type\":\"EntryPoint\",\"urlTemplate\":\"https:\/\/site.ginex.es\/?s={search_term_string}\"},\"query-input\":\"required name=search_term_string\"}],\"inLanguage\":\"es\"},{\"@type\":\"ImageObject\",\"@id\":\"https:\/\/site.ginex.es\/index.php\/inicio\/departments\/cirugia_endoscopica\/#primaryimage\",\"inLanguage\":\"es\",\"url\":\"http:\/\/site.ginex.es\/wp-content\/uploads\/2019\/09\/histeroscopia-300x246.jpeg\",\"contentUrl\":\"http:\/\/site.ginex.es\/wp-content\/uploads\/2019\/09\/histeroscopia-300x246.jpeg\"},{\"@type\":\"WebPage\",\"@id\":\"https:\/\/site.ginex.es\/index.php\/inicio\/departments\/cirugia_endoscopica\/#webpage\",\"url\":\"https:\/\/site.ginex.es\/index.php\/inicio\/departments\/cirugia_endoscopica\/\",\"name\":\"Cirugia_endoscopica - GRUPO GINEX - Ginex Instituto Salamero\",\"isPartOf\":{\"@id\":\"https:\/\/site.ginex.es\/#website\"},\"primaryImageOfPage\":{\"@id\":\"https:\/\/site.ginex.es\/index.php\/inicio\/departments\/cirugia_endoscopica\/#primaryimage\"},\"datePublished\":\"2019-09-05T06:04:17+00:00\",\"dateModified\":\"2019-09-09T13:54:27+00:00\",\"breadcrumb\":{\"@id\":\"https:\/\/site.ginex.es\/index.php\/inicio\/departments\/cirugia_endoscopica\/#breadcrumb\"},\"inLanguage\":\"es\",\"potentialAction\":[{\"@type\":\"ReadAction\",\"target\":[\"https:\/\/site.ginex.es\/index.php\/inicio\/departments\/cirugia_endoscopica\/\"]}]},{\"@type\":\"BreadcrumbList\",\"@id\":\"https:\/\/site.ginex.es\/index.php\/inicio\/departments\/cirugia_endoscopica\/#breadcrumb\",\"itemListElement\":[{\"@type\":\"ListItem\",\"position\":1,\"name\":\"Portada\",\"item\":\"https:\/\/site.ginex.es\/\"},{\"@type\":\"ListItem\",\"position\":2,\"name\":\"Inicio\",\"item\":\"https:\/\/site.ginex.es\/\"},{\"@type\":\"ListItem\",\"position\":3,\"name\":\"Especialidades\",\"item\":\"https:\/\/site.ginex.es\/index.php\/inicio\/departments\/\"},{\"@type\":\"ListItem\",\"position\":4,\"name\":\"Cirugia_endoscopica\"}]}]}<\/script>\n<!-- \/ Yoast SEO plugin. -->","yoast_head_json":{"title":"Cirugia_endoscopica - GRUPO GINEX - Ginex Instituto Salamero","robots":{"index":"index","follow":"follow","max-snippet":"max-snippet:-1","max-image-preview":"max-image-preview:large","max-video-preview":"max-video-preview:-1"},"canonical":"https:\/\/site.ginex.es\/index.php\/inicio\/departments\/cirugia_endoscopica\/","og_locale":"es_ES","og_type":"article","og_title":"Cirugia_endoscopica - GRUPO GINEX - Ginex Instituto Salamero","og_url":"https:\/\/site.ginex.es\/index.php\/inicio\/departments\/cirugia_endoscopica\/","og_site_name":"GRUPO GINEX - Ginex Instituto Salamero","article_modified_time":"2019-09-09T13:54:27+00:00","og_image":[{"url":"http:\/\/site.ginex.es\/wp-content\/uploads\/2019\/09\/histeroscopia-300x246.jpeg"}],"twitter_card":"summary_large_image","twitter_misc":{"Tiempo de lectura":"14 minutos"},"schema":{"@context":"https:\/\/schema.org","@graph":[{"@type":"Organization","@id":"https:\/\/site.ginex.es\/#organization","name":"Grupo Ginex Centro de Ginecolog\u00eda y Obstetricia","url":"https:\/\/site.ginex.es\/","sameAs":[],"logo":{"@type":"ImageObject","@id":"https:\/\/site.ginex.es\/#logo","inLanguage":"es","url":"http:\/\/site.ginex.es\/wp-content\/uploads\/2019\/08\/grup_ginex_logo_1.png","contentUrl":"http:\/\/site.ginex.es\/wp-content\/uploads\/2019\/08\/grup_ginex_logo_1.png","width":600,"height":600,"caption":"Grupo Ginex Centro de Ginecolog\u00eda y Obstetricia"},"image":{"@id":"https:\/\/site.ginex.es\/#logo"}},{"@type":"WebSite","@id":"https:\/\/site.ginex.es\/#website","url":"https:\/\/site.ginex.es\/","name":"GRUPO GINEX - Ginex Instituto Salamero","description":"Tu centro ginecol\u00f3gico en Barcelona","publisher":{"@id":"https:\/\/site.ginex.es\/#organization"},"potentialAction":[{"@type":"SearchAction","target":{"@type":"EntryPoint","urlTemplate":"https:\/\/site.ginex.es\/?s={search_term_string}"},"query-input":"required name=search_term_string"}],"inLanguage":"es"},{"@type":"ImageObject","@id":"https:\/\/site.ginex.es\/index.php\/inicio\/departments\/cirugia_endoscopica\/#primaryimage","inLanguage":"es","url":"http:\/\/site.ginex.es\/wp-content\/uploads\/2019\/09\/histeroscopia-300x246.jpeg","contentUrl":"http:\/\/site.ginex.es\/wp-content\/uploads\/2019\/09\/histeroscopia-300x246.jpeg"},{"@type":"WebPage","@id":"https:\/\/site.ginex.es\/index.php\/inicio\/departments\/cirugia_endoscopica\/#webpage","url":"https:\/\/site.ginex.es\/index.php\/inicio\/departments\/cirugia_endoscopica\/","name":"Cirugia_endoscopica - GRUPO GINEX - Ginex Instituto Salamero","isPartOf":{"@id":"https:\/\/site.ginex.es\/#website"},"primaryImageOfPage":{"@id":"https:\/\/site.ginex.es\/index.php\/inicio\/departments\/cirugia_endoscopica\/#primaryimage"},"datePublished":"2019-09-05T06:04:17+00:00","dateModified":"2019-09-09T13:54:27+00:00","breadcrumb":{"@id":"https:\/\/site.ginex.es\/index.php\/inicio\/departments\/cirugia_endoscopica\/#breadcrumb"},"inLanguage":"es","potentialAction":[{"@type":"ReadAction","target":["https:\/\/site.ginex.es\/index.php\/inicio\/departments\/cirugia_endoscopica\/"]}]},{"@type":"BreadcrumbList","@id":"https:\/\/site.ginex.es\/index.php\/inicio\/departments\/cirugia_endoscopica\/#breadcrumb","itemListElement":[{"@type":"ListItem","position":1,"name":"Portada","item":"https:\/\/site.ginex.es\/"},{"@type":"ListItem","position":2,"name":"Inicio","item":"https:\/\/site.ginex.es\/"},{"@type":"ListItem","position":3,"name":"Especialidades","item":"https:\/\/site.ginex.es\/index.php\/inicio\/departments\/"},{"@type":"ListItem","position":4,"name":"Cirugia_endoscopica"}]}]}},"jetpack_sharing_enabled":true,"_links":{"self":[{"href":"https:\/\/site.ginex.es\/index.php\/wp-json\/wp\/v2\/pages\/2109"}],"collection":[{"href":"https:\/\/site.ginex.es\/index.php\/wp-json\/wp\/v2\/pages"}],"about":[{"href":"https:\/\/site.ginex.es\/index.php\/wp-json\/wp\/v2\/types\/page"}],"author":[{"embeddable":true,"href":"https:\/\/site.ginex.es\/index.php\/wp-json\/wp\/v2\/users\/2"}],"replies":[{"embeddable":true,"href":"https:\/\/site.ginex.es\/index.php\/wp-json\/wp\/v2\/comments?post=2109"}],"version-history":[{"count":14,"href":"https:\/\/site.ginex.es\/index.php\/wp-json\/wp\/v2\/pages\/2109\/revisions"}],"predecessor-version":[{"id":2462,"href":"https:\/\/site.ginex.es\/index.php\/wp-json\/wp\/v2\/pages\/2109\/revisions\/2462"}],"up":[{"embeddable":true,"href":"https:\/\/site.ginex.es\/index.php\/wp-json\/wp\/v2\/pages\/961"}],"wp:attachment":[{"href":"https:\/\/site.ginex.es\/index.php\/wp-json\/wp\/v2\/media?parent=2109"}],"curies":[{"name":"wp","href":"https:\/\/api.w.org\/{rel}","templated":true}]}}