{"id":2119,"date":"2019-09-05T08:06:03","date_gmt":"2019-09-05T06:06:03","guid":{"rendered":"http:\/\/site.ginex.es\/?page_id=2119"},"modified":"2019-09-09T15:53:33","modified_gmt":"2019-09-09T13:53:33","slug":"visita_oncologica","status":"publish","type":"page","link":"https:\/\/site.ginex.es\/index.php\/inicio\/departments\/visita_oncologica\/","title":{"rendered":"visita_oncologica"},"content":{"rendered":"<div id='ginecologia' class='av-layout-grid-container entry-content-wrapper main_color av-flex-cells   av-small-hide av-mini-hide   avia-builder-el-0  el_before_av_layout_row  avia-builder-el-first   av-cell-min-height av-cell-min-height-50 container_wrap fullsize' style=' '   data-av_minimum_height_pc='50'>\n<div class=\"flex_cell no_margin av_one_half  avia-builder-el-1  el_before_av_cell_one_half  avia-builder-el-first    avia-full-stretch \" style='background:url(https:\/\/site.ginex.es\/wp-content\/uploads\/2019\/09\/especialidades2-1.jpg) top left no-repeat scroll #22689e; vertical-align:middle; padding:0px 80px 0px 80px ; background-color:#22689e; '><div class='flex_cell_inner' ><\/div><\/div><div class=\"flex_cell no_margin av_one_half  avia-builder-el-2  el_after_av_cell_one_half  avia-builder-el-last    avia-full-stretch \" style='background: #22689e; vertical-align:middle; padding:0px 0px 0px 80px ; background-color:#22689e; '><div class='flex_cell_inner' ><p><div style='padding-bottom:25px; color:#ffffff;font-size:34px;' class='av-special-heading av-special-heading-h3 custom-color-heading blockquote modern-quote  avia-builder-el-3  el_before_av_one_fourth  avia-builder-el-first   av-inherit-size '><h3 class='av-special-heading-tag '  itemprop=\"headline\"  >ESPECIALIDADES<\/h3><div class='special-heading-border'><div class='special-heading-inner-border' style='border-color:#ffffff'><\/div><\/div><\/div><br \/>\n<div class=\"flex_column av_one_fourth  flex_column_div av-zero-column-padding first  avia-builder-el-4  el_after_av_heading  el_before_av_one_fourth  \" style='border-radius:0px; '><div class='avia-button-wrap avia-button-center  avia-builder-el-5  avia-builder-el-no-sibling  '><a href='https:\/\/site.ginex.es\/index.php\/inicio\/departments\/'  class='avia-button   avia-icon_select-no avia-color-light avia-size-medium avia-position-center '   ><span class='avia_iconbox_title' >Servicio de Ginecolog\u00eda<\/span><\/a><\/div><\/div><div class=\"flex_column av_one_fourth  flex_column_div av-zero-column-padding   avia-builder-el-6  el_after_av_one_fourth  el_before_av_one_fourth  \" style='border-radius:0px; '><div class='avia-button-wrap avia-button-center  avia-builder-el-7  avia-builder-el-no-sibling  '><a href='https:\/\/site.ginex.es\/index.php\/inicio\/departments\/cirugia_endoscopica\/'  class='avia-button   avia-icon_select-no avia-color-light avia-size-medium avia-position-center '   ><span class='avia_iconbox_title' >Cirug\u00eda Endosc\u00f3pica<\/span><\/a><\/div><\/div><div class=\"flex_column av_one_fourth  flex_column_div av-zero-column-padding   avia-builder-el-8  el_after_av_one_fourth  el_before_av_one_fourth  \" style='border-radius:0px; '><div class='avia-button-wrap avia-button-center  avia-builder-el-9  avia-builder-el-no-sibling  '><a href='https:\/\/site.ginex.es\/index.php\/inicio\/departments\/control_embarazo\/'  class='avia-button   avia-icon_select-no avia-color-light avia-size-medium avia-position-center '   ><span class='avia_iconbox_title' >Control de Embarazo<\/span><\/a><\/div><\/div><div class=\"flex_column av_one_fourth  flex_column_div av-zero-column-padding   avia-builder-el-10  el_after_av_one_fourth  el_before_av_one_fourth  \" style='border-radius:0px; '><\/div><div class=\"flex_column av_one_fourth  flex_column_div av-zero-column-padding first  avia-builder-el-11  el_after_av_one_fourth  el_before_av_one_fourth  column-top-margin\" style='border-radius:0px; '><div class='avia-button-wrap avia-button-center  avia-builder-el-12  avia-builder-el-no-sibling  '><a href='https:\/\/site.ginex.es\/index.php\/inicio\/departments\/cirugia_mama\/'  class='avia-button   avia-icon_select-no avia-color-light avia-size-medium avia-position-center '   ><span class='avia_iconbox_title' >Cirug\u00eda de Mama<\/span><\/a><\/div><\/div><div class=\"flex_column av_one_fourth  flex_column_div av-zero-column-padding   avia-builder-el-13  el_after_av_one_fourth  el_before_av_one_fourth  column-top-margin\" style='border-radius:0px; '><div class='avia-button-wrap avia-button-center  avia-builder-el-14  avia-builder-el-no-sibling  '><a href='https:\/\/site.ginex.es\/index.php\/inicio\/departments\/visita_oncologica\/'  class='avia-button   avia-icon_select-no avia-color-light avia-size-medium avia-position-center '   ><span class='avia_iconbox_title' >Unidad Oncolog\u00eda<\/span><\/a><\/div><\/div><div class=\"flex_column av_one_fourth  flex_column_div av-zero-column-padding   avia-builder-el-15  el_after_av_one_fourth  el_before_av_one_fourth  column-top-margin\" style='border-radius:0px; '><div class='avia-button-wrap avia-button-center  avia-builder-el-16  avia-builder-el-no-sibling  '><a href='https:\/\/site.ginex.es\/index.php\/inicio\/departments\/otros_servicios\/'  class='avia-button   avia-icon_select-no avia-color-light avia-size-medium avia-position-center '   ><span class='avia_iconbox_title' >Otros Servicios<\/span><\/a><\/div><\/div><div class=\"flex_column av_one_fourth  flex_column_div av-zero-column-padding   avia-builder-el-17  el_after_av_one_fourth  avia-builder-el-last  column-top-margin\" style='border-radius:0px; '><\/div><\/p>\n<\/div><\/div>\n<\/div>\n<div id='ginecologia' class='av-layout-grid-container entry-content-wrapper main_color av-fixed-cells   av-desktop-hide av-medium-hide   avia-builder-el-18  el_after_av_layout_row  el_before_av_section   av-cell-min-height av-cell-min-height-50 submenu-not-first container_wrap fullsize' style=' '   data-av_minimum_height_pc='50'>\n<div class=\"flex_cell no_margin av_one_third  avia-builder-el-19  el_before_av_cell_two_third  avia-builder-el-first    avia-full-stretch \" style='background:url(https:\/\/site.ginex.es\/wp-content\/uploads\/2019\/09\/especialidades3.jpg) top right no-repeat scroll #22689e; vertical-align:middle; padding:0px 80px 0px 80px ; background-color:#22689e; '><div class='flex_cell_inner' ><\/div><\/div><div class=\"flex_cell no_margin av_two_third  avia-builder-el-20  el_after_av_cell_one_third  avia-builder-el-last    avia-full-stretch \" style='background: #22689e; vertical-align:bottom; padding:0px 0px 0px 15px ; background-color:#22689e; '><div class='flex_cell_inner' ><p><div style='padding-bottom:15px; margin:20% 0 0 0; color:#ffffff;font-size:34px;' class='av-special-heading av-special-heading-h2 custom-color-heading blockquote modern-quote  avia-builder-el-21  el_before_av_four_fifth  avia-builder-el-first   av-inherit-size '><h2 class='av-special-heading-tag '  itemprop=\"headline\"  >ESPECIALIDADES<\/h2><div class='special-heading-border'><div class='special-heading-inner-border' style='border-color:#ffffff'><\/div><\/div><\/div><br \/>\n<div class=\"flex_column av_four_fifth  flex_column_div av-zero-column-padding first  avia-builder-el-22  el_after_av_heading  avia-builder-el-last  \" style='border-radius:0px; '><section class=\"av_textblock_section \"  itemscope=\"itemscope\" itemtype=\"https:\/\/schema.org\/CreativeWork\" ><div class='avia_textblock  '   itemprop=\"text\" ><p><span style=\"color: #ffffff;\">Servicio de <\/span><a href=\"http:\/\/site.ginex.es\/index.php\/inicio\/departments\/\"><span style=\"color: #ffffff;\">Ginecolog\u00eda<\/span><\/a><br \/>\n<span style=\"color: #ffffff;\"> <a style=\"color: #ffffff;\" href=\"http:\/\/site.ginex.es\/index.php\/inicio\/departments\/cirugia_endoscopica\/\">Cirug\u00eda Endosc\u00f3pica<\/a><\/span><br \/>\n<a href=\"http:\/\/site.ginex.es\/index.php\/inicio\/departments\/control_embarazo\/\"><span style=\"color: #ffffff;\"> Control de Embarazo<\/span><\/a><br \/>\n<span style=\"color: #ffffff;\"> <a style=\"color: #ffffff;\" href=\"http:\/\/site.ginex.es\/index.php\/inicio\/departments\/cirugia_mama\/\">Cirug\u00eda de Mama<\/a><\/span><br \/>\n<a href=\"http:\/\/site.ginex.es\/index.php\/inicio\/departments\/visita_oncologica\/\"><span style=\"color: #ffffff;\"> Unidad Oncolog\u00eda<\/span><\/a><br \/>\n<a href=\"http:\/\/site.ginex.es\/index.php\/inicio\/departments\/otros_servicios\/\"><span style=\"color: #ffffff;\"> Otros Servicios<\/span><\/a><\/p>\n<\/div><\/section><\/div><\/p>\n<\/div><\/div><\/div><div id='av_section_1' class='avia-section main_color avia-section-huge avia-no-border-styling avia-bg-style-scroll  avia-builder-el-24  el_after_av_layout_row  avia-builder-el-last    container_wrap fullsize' style=' margin-top:-50px; '  ><div class='container' ><div class='template-page content  av-content-full alpha units'><div class='post-entry post-entry-type-page post-entry-2119'><div class='entry-content-wrapper clearfix'>\n<div style='padding-bottom:30px; margin-bottom:0; ' class='av-special-heading av-special-heading-h2    avia-builder-el-25  el_before_av_one_full  avia-builder-el-first   '><h2 class='av-special-heading-tag '  itemprop=\"headline\"  >Unidad Oncolog\u00eda<\/h2><div class='special-heading-border'><div class='special-heading-inner-border' ><\/div><\/div><\/div>\n<div class=\"flex_column av_one_full  av-animated-generic bottom-to-top  flex_column_div av-zero-column-padding first  avia-builder-el-26  el_after_av_heading  avia-builder-el-last   \" style='border-radius:0px; '><p><div class='avia-icon-list-container   avia-builder-el-27  el_before_av_button  avia-builder-el-first  '><ul class='avia-icon-list avia-icon-list-left av-iconlist-big avia_animate_when_almost_visible avia-iconlist-animate'>\n<li><div  class='iconlist_icon  avia-font-entypo-fontello'><span class='iconlist-char ' aria-hidden='true' data-av_icon='\ue811' data-av_iconfont='entypo-fontello'><\/span><\/div><article class=\"article-icon-entry \"  itemscope=\"itemscope\" itemtype=\"https:\/\/schema.org\/CreativeWork\" ><div class='iconlist_content_wrap'><header class=\"entry-content-header\"><h4 class='av_iconlist_title iconlist_title  '  itemprop=\"headline\"  >Visita Oncologica<\/h4><\/header><div class='iconlist_content   av-small-font-size-overwrite av-small-font-size-13 av-mini-font-size-overwrite av-mini-font-size-13'  itemprop=\"text\"  ><p><img loading=\"lazy\" class=\"size-medium wp-image-1959 alignright\" src=\"http:\/\/site.ginex.es\/wp-content\/uploads\/2019\/09\/visita-oncologica-300x200.jpg\" alt=\"\" width=\"300\" height=\"200\" srcset=\"https:\/\/site.ginex.es\/wp-content\/uploads\/2019\/09\/visita-oncologica-300x200.jpg 300w, https:\/\/site.ginex.es\/wp-content\/uploads\/2019\/09\/visita-oncologica-600x400.jpg 600w, https:\/\/site.ginex.es\/wp-content\/uploads\/2019\/09\/visita-oncologica.jpg 626w\" sizes=\"(max-width: 300px) 100vw, 300px\" \/>Las <strong>enfermedades benignas de la mama<\/strong> suponen un amplio abanico de situaciones cl\u00ednicas que pueden causar dolor en la mama, tumoraci\u00f3n palpable o secreci\u00f3n por el pez\u00f3n.<\/p>\n<p>La causa m\u00e1s frecuente de nodularidad y dolor en la mama es la alteraci\u00f3n fibroqu\u00edstica de la misma, lo que ocurre aproximadamente en el 60% de las mujeres premenop\u00e1usicas.<\/p>\n<p>Las hormonas regulan el crecimiento de esta gl\u00e1ndula, su maduraci\u00f3n y diferenciaci\u00f3n tisular por lo que pueden influir en el desarrollo de enfermedades benignas.<\/p>\n<\/div><\/div><footer class=\"entry-footer\"><\/footer><\/article><div class='iconlist-timeline'><\/div><\/li>\n<li><div  class='iconlist_icon  avia-font-entypo-fontello'><span class='iconlist-char ' aria-hidden='true' data-av_icon='\ue811' data-av_iconfont='entypo-fontello'><\/span><\/div><article class=\"article-icon-entry \"  itemscope=\"itemscope\" itemtype=\"https:\/\/schema.org\/CreativeWork\" ><div class='iconlist_content_wrap'><header class=\"entry-content-header\"><h4 class='av_iconlist_title iconlist_title  '  itemprop=\"headline\"  > Asa de Diatermia<\/h4><\/header><div class='iconlist_content   av-small-font-size-overwrite av-small-font-size-13 av-mini-font-size-overwrite av-mini-font-size-13'  itemprop=\"text\"  ><p class=\"font_7\" style=\"text-align: left;\"><img loading=\"lazy\" class=\"size-full wp-image-1956 alignright\" src=\"http:\/\/site.ginex.es\/wp-content\/uploads\/2019\/09\/asa-diadermica.png\" alt=\"\" width=\"265\" height=\"205\" \/>Consiste en la extirpaci\u00f3n, mediante un electrobistur\u00ed especial, en forma de asa, de las lesiones provocadas por el <strong>Virus del Papiloma Humano\u00a0<\/strong> en cuello (conizaci\u00f3n ) o en vagina.<\/p>\n<\/div><\/div><footer class=\"entry-footer\"><\/footer><\/article><div class='iconlist-timeline'><\/div><\/li>\n<li><div  class='iconlist_icon  avia-font-entypo-fontello'><span class='iconlist-char ' aria-hidden='true' data-av_icon='\ue811' data-av_iconfont='entypo-fontello'><\/span><\/div><article class=\"article-icon-entry \"  itemscope=\"itemscope\" itemtype=\"https:\/\/schema.org\/CreativeWork\" ><div class='iconlist_content_wrap'><header class=\"entry-content-header\"><h4 class='av_iconlist_title iconlist_title  '  itemprop=\"headline\"  > Biopsia<\/h4><\/header><div class='iconlist_content   av-small-font-size-overwrite av-small-font-size-13 av-mini-font-size-overwrite av-mini-font-size-13'  itemprop=\"text\"  ><p><img loading=\"lazy\" class=\"size-full wp-image-1955 alignright\" src=\"http:\/\/site.ginex.es\/wp-content\/uploads\/2019\/09\/biopsia.jpg\" alt=\"\" width=\"278\" height=\"181\" \/><\/p>\n<p>La <strong>biopsia<\/strong> es la toma de una muestra de tejido para su estudio microsc\u00f3pico en el laboratorio. Sirve para confirmar o descartar la presencia de una lesi\u00f3n ginecol\u00f3gica que requiera tratamiento posterior.<\/p>\n<p>En una exploraci\u00f3n ginecol\u00f3gica de rutina se exploran los genitales externos y el cuello del \u00fatero. Ante la sospecha de cualquier anomal\u00eda a esos niveles, se proceder\u00e1 a la toma de una peque\u00f1a muestra de tejido (biopsia) para ser analizada en el laboratorio. En el caso de la zona vulvar, la toma de biopsia puede requerir anestesia local. La biopsia de c\u00e9rvix (cuello del \u00fatero) habitualemente no requiere anestesia y se realiza en el transcurso de una colposcopia. En ambos casos la prueba se realiza de manera ambulatoria y no requiere ingreso ni cuidados especiales.<\/p>\n<p>Cuando se sospecha que pueda existir una anomal\u00eda en la capa interna que reviste el \u00fatero (endometrio) se debe realizar una biopsia para descartar la presencia de lesiones. Es un proceso que puede causar una peque\u00f1a molestia, pues se introduce una c\u00e1nula en el interior uterino, y se realiza en la consulta sin necesidad de anestesia. Esta prueba puede ser necesaria, por ejemplo, si usted presenta sangrado despu\u00e9s de haber pasado la menopausia.<\/p>\n<\/div><\/div><footer class=\"entry-footer\"><\/footer><\/article><div class='iconlist-timeline'><\/div><\/li>\n<li><div  class='iconlist_icon  avia-font-entypo-fontello'><span class='iconlist-char ' aria-hidden='true' data-av_icon='\ue811' data-av_iconfont='entypo-fontello'><\/span><\/div><article class=\"article-icon-entry \"  itemscope=\"itemscope\" itemtype=\"https:\/\/schema.org\/CreativeWork\" ><div class='iconlist_content_wrap'><header class=\"entry-content-header\"><h4 class='av_iconlist_title iconlist_title  '  itemprop=\"headline\"  >Cirug\u00eda Oncol\u00f3gica<\/h4><\/header><div class='iconlist_content   av-small-font-size-overwrite av-small-font-size-13 av-mini-font-size-overwrite av-mini-font-size-13'  itemprop=\"text\"  ><p><img loading=\"lazy\" class=\"size-full wp-image-1954 alignright\" src=\"http:\/\/site.ginex.es\/wp-content\/uploads\/2019\/09\/cirugia-oncologicas.jpg\" alt=\"\" width=\"275\" height=\"183\" \/>La especialidad de <strong>Cirug\u00eda Oncol\u00f3gica<\/strong> se dedica al diagn\u00f3stico y tratamiento quir\u00fargico de los tumores, adem\u00e1s del estudio del c\u00e1ncer junto a las especialidades como Oncolog\u00eda Cl\u00ednica, Inmunolog\u00eda, Medicina Nuclear y Radioterapia.<\/p>\n<p>Los ginec\u00f3logos oncol\u00f3gicos son especialistas en Obstetricia y Ginecolog\u00eda que posteriormente han recibido formaci\u00f3n en prevenci\u00f3n y tratamiento del c\u00e1ncer, principalmente el que afecta al \u00fatero, ovarios, vulva y cuello uterino.<\/p>\n<\/div><\/div><footer class=\"entry-footer\"><\/footer><\/article><div class='iconlist-timeline'><\/div><\/li>\n<li><div  class='iconlist_icon  avia-font-entypo-fontello'><span class='iconlist-char ' aria-hidden='true' data-av_icon='\ue811' data-av_iconfont='entypo-fontello'><\/span><\/div><article class=\"article-icon-entry \"  itemscope=\"itemscope\" itemtype=\"https:\/\/schema.org\/CreativeWork\" ><div class='iconlist_content_wrap'><header class=\"entry-content-header\"><h4 class='av_iconlist_title iconlist_title  '  itemprop=\"headline\"  >Colposcopia<\/h4><\/header><div class='iconlist_content   av-small-font-size-overwrite av-small-font-size-13 av-mini-font-size-overwrite av-mini-font-size-13'  itemprop=\"text\"  ><p><img loading=\"lazy\" class=\"size-medium wp-image-1953 alignright\" src=\"http:\/\/site.ginex.es\/wp-content\/uploads\/2019\/09\/oncologia-colposcopia-300x200.jpg\" alt=\"\" width=\"300\" height=\"200\" srcset=\"https:\/\/site.ginex.es\/wp-content\/uploads\/2019\/09\/oncologia-colposcopia-300x200.jpg 300w, https:\/\/site.ginex.es\/wp-content\/uploads\/2019\/09\/oncologia-colposcopia-600x400.jpg 600w, https:\/\/site.ginex.es\/wp-content\/uploads\/2019\/09\/oncologia-colposcopia-768x512.jpg 768w, https:\/\/site.ginex.es\/wp-content\/uploads\/2019\/09\/oncologia-colposcopia-705x470.jpg 705w, https:\/\/site.ginex.es\/wp-content\/uploads\/2019\/09\/oncologia-colposcopia.jpg 940w\" sizes=\"(max-width: 300px) 100vw, 300px\" \/>La <strong>colposcop\u00eda<\/strong> es la exploraci\u00f3n o examen visual del conducto vaginal y del cuello del \u00fatero mediante un aparato \u00f3ptico que amplifica las im\u00e1genes.<\/p>\n<\/div><\/div><footer class=\"entry-footer\"><\/footer><\/article><div class='iconlist-timeline'><\/div><\/li>\n<\/ul><\/div><br \/>\n<div class='avia-button-wrap avia-button-center  avia-builder-el-28  el_after_av_iconlist  avia-builder-el-last  '><a href='https:\/\/site.ginex.es\/index.php\/inicio\/cita-online\/'  class='avia-button   avia-icon_select-no avia-color-theme-color-highlight avia-size-medium avia-position-center '   ><span class='avia_iconbox_title' >Pide Cita<\/span><\/a><\/div><\/p><\/div>\n<\/p>\n","protected":false},"excerpt":{"rendered":"","protected":false},"author":2,"featured_media":0,"parent":961,"menu_order":0,"comment_status":"closed","ping_status":"closed","template":"","meta":{"spay_email":""},"yoast_head":"<!-- This site is optimized with the Yoast SEO plugin v17.5 - https:\/\/yoast.com\/wordpress\/plugins\/seo\/ -->\n<title>visita_oncologica - GRUPO GINEX - Ginex Instituto Salamero<\/title>\n<meta name=\"robots\" content=\"index, follow, max-snippet:-1, max-image-preview:large, max-video-preview:-1\" \/>\n<link rel=\"canonical\" href=\"https:\/\/site.ginex.es\/index.php\/inicio\/departments\/visita_oncologica\/\" \/>\n<meta property=\"og:locale\" content=\"es_ES\" \/>\n<meta property=\"og:type\" content=\"article\" \/>\n<meta property=\"og:title\" content=\"visita_oncologica - GRUPO GINEX - Ginex Instituto Salamero\" \/>\n<meta property=\"og:url\" content=\"https:\/\/site.ginex.es\/index.php\/inicio\/departments\/visita_oncologica\/\" \/>\n<meta property=\"og:site_name\" content=\"GRUPO GINEX - Ginex Instituto Salamero\" \/>\n<meta property=\"article:modified_time\" content=\"2019-09-09T13:53:33+00:00\" \/>\n<meta property=\"og:image\" content=\"http:\/\/site.ginex.es\/wp-content\/uploads\/2019\/09\/visita-oncologica-300x200.jpg\" \/>\n<meta name=\"twitter:card\" content=\"summary_large_image\" \/>\n<meta name=\"twitter:label1\" content=\"Tiempo de lectura\" \/>\n\t<meta name=\"twitter:data1\" content=\"14 minutos\" \/>\n<script type=\"application\/ld+json\" class=\"yoast-schema-graph\">{\"@context\":\"https:\/\/schema.org\",\"@graph\":[{\"@type\":\"Organization\",\"@id\":\"https:\/\/site.ginex.es\/#organization\",\"name\":\"Grupo Ginex Centro de Ginecolog\\u00eda y Obstetricia\",\"url\":\"https:\/\/site.ginex.es\/\",\"sameAs\":[],\"logo\":{\"@type\":\"ImageObject\",\"@id\":\"https:\/\/site.ginex.es\/#logo\",\"inLanguage\":\"es\",\"url\":\"http:\/\/site.ginex.es\/wp-content\/uploads\/2019\/08\/grup_ginex_logo_1.png\",\"contentUrl\":\"http:\/\/site.ginex.es\/wp-content\/uploads\/2019\/08\/grup_ginex_logo_1.png\",\"width\":600,\"height\":600,\"caption\":\"Grupo Ginex Centro de Ginecolog\\u00eda y Obstetricia\"},\"image\":{\"@id\":\"https:\/\/site.ginex.es\/#logo\"}},{\"@type\":\"WebSite\",\"@id\":\"https:\/\/site.ginex.es\/#website\",\"url\":\"https:\/\/site.ginex.es\/\",\"name\":\"GRUPO GINEX - Ginex Instituto Salamero\",\"description\":\"Tu centro ginecol\\u00f3gico en Barcelona\",\"publisher\":{\"@id\":\"https:\/\/site.ginex.es\/#organization\"},\"potentialAction\":[{\"@type\":\"SearchAction\",\"target\":{\"@type\":\"EntryPoint\",\"urlTemplate\":\"https:\/\/site.ginex.es\/?s={search_term_string}\"},\"query-input\":\"required name=search_term_string\"}],\"inLanguage\":\"es\"},{\"@type\":\"ImageObject\",\"@id\":\"https:\/\/site.ginex.es\/index.php\/inicio\/departments\/visita_oncologica\/#primaryimage\",\"inLanguage\":\"es\",\"url\":\"http:\/\/site.ginex.es\/wp-content\/uploads\/2019\/09\/visita-oncologica-300x200.jpg\",\"contentUrl\":\"http:\/\/site.ginex.es\/wp-content\/uploads\/2019\/09\/visita-oncologica-300x200.jpg\"},{\"@type\":\"WebPage\",\"@id\":\"https:\/\/site.ginex.es\/index.php\/inicio\/departments\/visita_oncologica\/#webpage\",\"url\":\"https:\/\/site.ginex.es\/index.php\/inicio\/departments\/visita_oncologica\/\",\"name\":\"visita_oncologica - GRUPO GINEX - Ginex Instituto Salamero\",\"isPartOf\":{\"@id\":\"https:\/\/site.ginex.es\/#website\"},\"primaryImageOfPage\":{\"@id\":\"https:\/\/site.ginex.es\/index.php\/inicio\/departments\/visita_oncologica\/#primaryimage\"},\"datePublished\":\"2019-09-05T06:06:03+00:00\",\"dateModified\":\"2019-09-09T13:53:33+00:00\",\"breadcrumb\":{\"@id\":\"https:\/\/site.ginex.es\/index.php\/inicio\/departments\/visita_oncologica\/#breadcrumb\"},\"inLanguage\":\"es\",\"potentialAction\":[{\"@type\":\"ReadAction\",\"target\":[\"https:\/\/site.ginex.es\/index.php\/inicio\/departments\/visita_oncologica\/\"]}]},{\"@type\":\"BreadcrumbList\",\"@id\":\"https:\/\/site.ginex.es\/index.php\/inicio\/departments\/visita_oncologica\/#breadcrumb\",\"itemListElement\":[{\"@type\":\"ListItem\",\"position\":1,\"name\":\"Portada\",\"item\":\"https:\/\/site.ginex.es\/\"},{\"@type\":\"ListItem\",\"position\":2,\"name\":\"Inicio\",\"item\":\"https:\/\/site.ginex.es\/\"},{\"@type\":\"ListItem\",\"position\":3,\"name\":\"Especialidades\",\"item\":\"https:\/\/site.ginex.es\/index.php\/inicio\/departments\/\"},{\"@type\":\"ListItem\",\"position\":4,\"name\":\"visita_oncologica\"}]}]}<\/script>\n<!-- \/ Yoast SEO plugin. -->","yoast_head_json":{"title":"visita_oncologica - GRUPO GINEX - Ginex Instituto Salamero","robots":{"index":"index","follow":"follow","max-snippet":"max-snippet:-1","max-image-preview":"max-image-preview:large","max-video-preview":"max-video-preview:-1"},"canonical":"https:\/\/site.ginex.es\/index.php\/inicio\/departments\/visita_oncologica\/","og_locale":"es_ES","og_type":"article","og_title":"visita_oncologica - GRUPO GINEX - Ginex Instituto Salamero","og_url":"https:\/\/site.ginex.es\/index.php\/inicio\/departments\/visita_oncologica\/","og_site_name":"GRUPO GINEX - Ginex Instituto Salamero","article_modified_time":"2019-09-09T13:53:33+00:00","og_image":[{"url":"http:\/\/site.ginex.es\/wp-content\/uploads\/2019\/09\/visita-oncologica-300x200.jpg"}],"twitter_card":"summary_large_image","twitter_misc":{"Tiempo de lectura":"14 minutos"},"schema":{"@context":"https:\/\/schema.org","@graph":[{"@type":"Organization","@id":"https:\/\/site.ginex.es\/#organization","name":"Grupo Ginex Centro de Ginecolog\u00eda y Obstetricia","url":"https:\/\/site.ginex.es\/","sameAs":[],"logo":{"@type":"ImageObject","@id":"https:\/\/site.ginex.es\/#logo","inLanguage":"es","url":"http:\/\/site.ginex.es\/wp-content\/uploads\/2019\/08\/grup_ginex_logo_1.png","contentUrl":"http:\/\/site.ginex.es\/wp-content\/uploads\/2019\/08\/grup_ginex_logo_1.png","width":600,"height":600,"caption":"Grupo Ginex Centro de Ginecolog\u00eda y Obstetricia"},"image":{"@id":"https:\/\/site.ginex.es\/#logo"}},{"@type":"WebSite","@id":"https:\/\/site.ginex.es\/#website","url":"https:\/\/site.ginex.es\/","name":"GRUPO GINEX - Ginex Instituto Salamero","description":"Tu centro ginecol\u00f3gico en Barcelona","publisher":{"@id":"https:\/\/site.ginex.es\/#organization"},"potentialAction":[{"@type":"SearchAction","target":{"@type":"EntryPoint","urlTemplate":"https:\/\/site.ginex.es\/?s={search_term_string}"},"query-input":"required name=search_term_string"}],"inLanguage":"es"},{"@type":"ImageObject","@id":"https:\/\/site.ginex.es\/index.php\/inicio\/departments\/visita_oncologica\/#primaryimage","inLanguage":"es","url":"http:\/\/site.ginex.es\/wp-content\/uploads\/2019\/09\/visita-oncologica-300x200.jpg","contentUrl":"http:\/\/site.ginex.es\/wp-content\/uploads\/2019\/09\/visita-oncologica-300x200.jpg"},{"@type":"WebPage","@id":"https:\/\/site.ginex.es\/index.php\/inicio\/departments\/visita_oncologica\/#webpage","url":"https:\/\/site.ginex.es\/index.php\/inicio\/departments\/visita_oncologica\/","name":"visita_oncologica - GRUPO GINEX - Ginex Instituto Salamero","isPartOf":{"@id":"https:\/\/site.ginex.es\/#website"},"primaryImageOfPage":{"@id":"https:\/\/site.ginex.es\/index.php\/inicio\/departments\/visita_oncologica\/#primaryimage"},"datePublished":"2019-09-05T06:06:03+00:00","dateModified":"2019-09-09T13:53:33+00:00","breadcrumb":{"@id":"https:\/\/site.ginex.es\/index.php\/inicio\/departments\/visita_oncologica\/#breadcrumb"},"inLanguage":"es","potentialAction":[{"@type":"ReadAction","target":["https:\/\/site.ginex.es\/index.php\/inicio\/departments\/visita_oncologica\/"]}]},{"@type":"BreadcrumbList","@id":"https:\/\/site.ginex.es\/index.php\/inicio\/departments\/visita_oncologica\/#breadcrumb","itemListElement":[{"@type":"ListItem","position":1,"name":"Portada","item":"https:\/\/site.ginex.es\/"},{"@type":"ListItem","position":2,"name":"Inicio","item":"https:\/\/site.ginex.es\/"},{"@type":"ListItem","position":3,"name":"Especialidades","item":"https:\/\/site.ginex.es\/index.php\/inicio\/departments\/"},{"@type":"ListItem","position":4,"name":"visita_oncologica"}]}]}},"jetpack_sharing_enabled":true,"_links":{"self":[{"href":"https:\/\/site.ginex.es\/index.php\/wp-json\/wp\/v2\/pages\/2119"}],"collection":[{"href":"https:\/\/site.ginex.es\/index.php\/wp-json\/wp\/v2\/pages"}],"about":[{"href":"https:\/\/site.ginex.es\/index.php\/wp-json\/wp\/v2\/types\/page"}],"author":[{"embeddable":true,"href":"https:\/\/site.ginex.es\/index.php\/wp-json\/wp\/v2\/users\/2"}],"replies":[{"embeddable":true,"href":"https:\/\/site.ginex.es\/index.php\/wp-json\/wp\/v2\/comments?post=2119"}],"version-history":[{"count":11,"href":"https:\/\/site.ginex.es\/index.php\/wp-json\/wp\/v2\/pages\/2119\/revisions"}],"predecessor-version":[{"id":2459,"href":"https:\/\/site.ginex.es\/index.php\/wp-json\/wp\/v2\/pages\/2119\/revisions\/2459"}],"up":[{"embeddable":true,"href":"https:\/\/site.ginex.es\/index.php\/wp-json\/wp\/v2\/pages\/961"}],"wp:attachment":[{"href":"https:\/\/site.ginex.es\/index.php\/wp-json\/wp\/v2\/media?parent=2119"}],"curies":[{"name":"wp","href":"https:\/\/api.w.org\/{rel}","templated":true}]}}