{"id":2172,"date":"2019-09-05T11:45:18","date_gmt":"2019-09-05T09:45:18","guid":{"rendered":"http:\/\/site.ginex.es\/?page_id=2172"},"modified":"2023-02-03T11:10:36","modified_gmt":"2023-02-03T10:10:36","slug":"politica-de-privacidad-y-cookies","status":"publish","type":"page","link":"https:\/\/site.ginex.es\/index.php\/inicio\/politica-de-privacidad-y-cookies\/","title":{"rendered":"Pol\u00edtica de Privacidad y Cookies"},"content":{"rendered":"<div id='av-layout-grid-1' class='av-layout-grid-container entry-content-wrapper main_color av-flex-cells     avia-builder-el-0  el_before_av_section  avia-builder-el-first  av-cell-min-height av-cell-min-height-50 container_wrap fullsize' style=' '   data-av_minimum_height_pc='50'>\n<div class=\"flex_cell no_margin av_one_half  avia-builder-el-1  el_before_av_cell_one_half  avia-builder-el-first    avia-full-stretch av-zero-padding \" style='background:url(https:\/\/site.ginex.es\/wp-content\/uploads\/2019\/09\/politica-de-privacidad.png) top center no-repeat scroll #22689e; vertical-align:top; padding:0px; background-color:#22689e; '><div class='flex_cell_inner' ><\/div><\/div><div class=\"flex_cell no_margin av_one_half  avia-builder-el-2  el_after_av_cell_one_half  avia-builder-el-last   \" style='background: #22689e; vertical-align:middle; padding:0px 0px 0px 80px ; background-color:#22689e; '><div class='flex_cell_inner' ><div style='padding-bottom:0px; margin:0 0 0 0; color:#ffffff;font-size:34px;' class='av-special-heading av-special-heading-h3 custom-color-heading blockquote modern-quote  avia-builder-el-3  avia-builder-el-no-sibling   av-inherit-size '><h3 class='av-special-heading-tag '  itemprop=\"headline\"  >POL\u00cdTICA DE PRIVACIDAD <\/p>\n<p> DE DATOS LOPD <\/p>\n<p> y Cookies<\/h3><div class='special-heading-border'><div class='special-heading-inner-border' style='border-color:#ffffff'><\/div><\/div><\/div>\n<\/div><\/div><\/div><div id='av_section_1' class='avia-section main_color avia-section-default avia-no-border-styling avia-bg-style-scroll  avia-builder-el-4  el_after_av_layout_row  el_before_av_section    container_wrap fullsize' style=' '  ><div class='container' ><div class='template-page content  av-content-full alpha units'><div class='post-entry post-entry-type-page post-entry-2172'><div class='entry-content-wrapper clearfix'>\n<div class=\"flex_column av_one_full  flex_column_div av-zero-column-padding first  \" style='border-radius:0px; '><section class=\"av_textblock_section \"  itemscope=\"itemscope\" itemtype=\"https:\/\/schema.org\/CreativeWork\" ><div class='avia_textblock  '   itemprop=\"text\" ><h2 class=\"av-special-heading-tag \">POL\u00cdTICA DE PRIVACIDAD DE DATOS LOPD<\/h2>\n<div class=\"special-heading-border\"><\/div>\n<\/div><\/section><\/div><div class=\"flex_column av_one_full  flex_column_div av-zero-column-padding first  \" style='border-radius:0px; '><section class=\"av_textblock_section \"  itemscope=\"itemscope\" itemtype=\"https:\/\/schema.org\/CreativeWork\" ><div class='avia_textblock  '   itemprop=\"text\" ><p class=\"avia_textblock \">De conformidad con lo dispuesto en la Ley Org\u00e1nica 15\/1999, de Protecci\u00f3n de Datos de\u00a0 Car\u00e1cter\u00a0 Personal (LOPD) y su normativa el responsable del sitio web site.gines.es, en cumplimiento de lo dispuesto\u00a0 en el art. 5 y 6\u00a0 de la LOPD, informa a todos los usuarios\u00a0 del\u00a0 sitio\u00a0 web\u00a0 que\u00a0 faciliten o vayan\u00a0 a\u00a0 facilitar sus\u00a0 datos personales,\u00a0 que\u00a0 estos\u00a0 ser\u00e1n\u00a0 incorporados\u00a0 en un fichero\u00a0 automatizado\u00a0 que se encuentra\u00a0 \u00a0bajo custodia\u00a0 de la empresa.<\/p>\n<p>Los\u00a0usuarios,\u00a0mediante\u00a0la\u00a0marcaci\u00f3n\u00a0de\u00a0la\u00a0casilla,\u00a0aceptan\u00a0expresamente\u00a0y\u00a0de\u00a0forma\u00a0libre\u00a0 e\u00a0 inequ\u00edvoca\u00a0 que\u00a0 sus\u00a0 datos\u00a0personales\u00a0 sean\u00a0 tratados por\u00a0 parte\u00a0 del\u00a0 prestador\u00a0para\u00a0 realizar\u00a0 las\u00a0 siguientes\u00a0finalidades:<\/p>\n<ol>\n<li>Remisi\u00f3n\u00a0de\u00a0comunicaciones\u00a0comerciales por\u00a0email,\u00a0fax,\u00a0 SMS,\u00a0 MMS,\u00a0 comunidades\u00a0 sociales\u00a0o\u00a0cualesquier\u00a0 otro\u00a0medio\u00a0electr\u00f3nico\u00a0o\u00a0 f\u00edsico,\u00a0presente\u00a0o\u00a0futuro,\u00a0 que\u00a0 posibilite\u00a0 realizar\u00a0 comunicaci\u00f3n\u00a0 comerciales.<br \/>\nDichas\u00a0comunicaciones\u00a0comerciales\u00a0ser\u00e1n\u00a0 relacionadas\u00a0 sobre\u00a0 productos\u00a0 o\u00a0 servicios\u00a0 ofrecidos\u00a0 por\u00a0 el\u00a0prestador,\u00a0as\u00ed\u00a0 como\u00a0por\u00a0parte\u00a0 de\u00a0 los\u00a0 colaboradores\u00a0 o\u00a0 partners\u00a0 con\u00a0los\u00a0 que\u00a0 \u00e9ste\u00a0 hubiera\u00a0 alcanzado\u00a0 alg\u00fan\u00a0 acuerdo\u00a0 de\u00a0 promoci\u00f3n\u00a0 comercial\u00a0 entre\u00a0 sus clientes.<br \/>\nEn\u00a0 este\u00a0 caso,\u00a0 los\u00a0terceros\u00a0 nunca\u00a0 tendr\u00e1n\u00a0 acceso\u00a0 a\u00a0 los\u00a0datos\u00a0personales.\u00a0 En\u00a0 todo\u00a0 caso\u00a0 las\u00a0 comunicaciones\u00a0 comerciales\u00a0 ser\u00e1n\u00a0 realizadas\u00a0 por\u00a0 parte\u00a0 del\u00a0 prestador\u00a0 y\u00a0 \u00a0ser\u00e1n\u00a0 de\u00a0 productos\u00a0y\u00a0 \u00a0servicios\u00a0 relacionados\u00a0 con\u00a0 el\u00a0 sector\u00a0 del\u00a0 prestador.<\/li>\n<li>Los encargos,\u00a0 solicitudes\u00a0 o\u00a0 cualquier\u00a0 tipo\u00a0 de\u00a0 petici\u00f3n\u00a0 que\u00a0 sea\u00a0 realizada\u00a0 por\u00a0 el\u00a0 usuario\u00a0 a\u00a0 \u00a0trav\u00e9s\u00a0 de\u00a0 cualquiera\u00a0 de\u00a0 las\u00a0 formas de contacto que se ponen a disposici\u00f3n del usuario en el sitio web.<\/li>\n<li>Remitir\u00a0 el\u00a0 bolet\u00edn\u00a0 de\u00a0 noticias\u00a0 de\u00a0 la\u00a0 p\u00e1gina\u00a0 web. El\u00a0 prestador\u00a0 informa\u00a0 y\u00a0 garantiza\u00a0 expresamente\u00a0 a\u00a0 los\u00a0 usuarios\u00a0 que\u00a0 sus\u00a0 datos\u00a0 personales\u00a0 no\u00a0 ser\u00e1n\u00a0 cedidos\u00a0 en\u00a0 ning\u00fan\u00a0 caso\u00a0 a\u00a0 terceras\u00a0 compa\u00f1\u00edas,\u00a0 y\u00a0 que\u00a0 siempre\u00a0 que\u00a0 fuera\u00a0 a\u00a0 realizarse\u00a0 alg\u00fan\u00a0 tipo\u00a0 de\u00a0 cesi\u00f3n\u00a0 de\u00a0 datos\u00a0 personales,\u00a0 de\u00a0 forma\u00a0 previa,\u00a0 se\u00a0 solicitar\u00eda\u00a0 el\u00a0 consentimiento\u00a0 expreso,\u00a0 informado,\u00a0 e\u00a0 inequ\u00edvoco\u00a0 por\u00a0 parte de los titulares.<\/li>\n<\/ol>\n<p>Todos\u00a0los\u00a0 datos\u00a0 solicitados\u00a0 a\u00a0 trav\u00e9s\u00a0 del\u00a0 sitio\u00a0 web\u00a0 son\u00a0obligatorios,\u00a0 ya\u00a0 que\u00a0 son\u00a0 necesarios\u00a0 para\u00a0 la\u00a0 prestaci\u00f3n\u00a0 de\u00a0 un\u00a0servicio\u00a0\u00f3ptimo\u00a0al\u00a0usuario.<\/p>\n<p>En\u00a0 caso\u00a0 de\u00a0 que\u00a0 no\u00a0 sean\u00a0 facilitados\u00a0 todos\u00a0 los\u00a0 datos,\u00a0 la\u00a0 entidad\u00a0 no\u00a0 garantiza\u00a0 que\u00a0 la\u00a0 informaci\u00f3n\u00a0 y\u00a0 servicios\u00a0 facilitados\u00a0 sean\u00a0 completamente\u00a0 ajustados\u00a0 a\u00a0 sus\u00a0 necesidades.<\/p>\n<p>Se garantiza\u00a0 en\u00a0 todo\u00a0 caso\u00a0 al\u00a0 usuario\u00a0 el\u00a0 ejercicio\u00a0 de\u00a0 los\u00a0 derechos\u00a0 de\u00a0 acceso,\u00a0 rectificaci\u00f3n,\u00a0 cancelaci\u00f3n,\u00a0 informaci\u00f3n\u00a0 y\u00a0 oposici\u00f3n,\u00a0 en\u00a0 los\u00a0 t\u00e9rminos\u00a0 dispuestos\u00a0 en\u00a0 la\u00a0 legislaci\u00f3n\u00a0 vigente.<\/p>\n<p>Por\u00a0 ello,\u00a0 de\u00a0 conformidad\u00a0 con\u00a0 lo\u00a0 dispuesto\u00a0 en\u00a0 la\u00a0 Ley\u00a0 Org\u00e1nica\u00a0 15\/ 1999,\u00a0 de\u00a0 Protecci\u00f3n\u00a0 de Datos\u00a0 de\u00a0 Car\u00e1cter\u00a0 Personal\u00a0(LOPD)\u00a0 podr\u00e1\u00a0ejercer\u00a0 sus\u00a0 derechos\u00a0 remitiendo\u00a0 una\u00a0 solicitud\u00a0 expresa,\u00a0 junto\u00a0 a\u00a0 una\u00a0copia\u00a0 de\u00a0 su\u00a0 DNI,\u00a0a\u00a0trav\u00e9s\u00a0de\u00a0los siguientes\u00a0medios:<\/p>\n<p>1.- E-Mail: ginex@ginex.es<\/p>\n<p>2.- Correo Postal: C\/Bu\u00efgas, 19 1\u00aa Planta C2 &#8211; CP. 08017\u00a0 &#8211; Barcelona &#8211; Espa\u00f1a<\/p>\n<p>El\u00a0usuario\u00a0 podr\u00e1\u00a0 darse\u00a0 de\u00a0 baja\u00a0 de\u00a0 cualquiera\u00a0 de\u00a0 los\u00a0 servicios\u00a0 de\u00a0 suscripci\u00f3n\u00a0 facilitados\u00a0 siguiendo\u00a0 las\u00a0 instrucciones\u00a0 para\u00a0 tal\u00a0 efecto\u00a0 incluida\u00a0 en\u00a0 todos\u00a0 los\u00a0 correos\u00a0 electr\u00f3nicos\u00a0 remitidos\u00a0 por\u00a0 parte\u00a0 del\u00a0 Responsable.<\/p>\n<p>Del\u00a0mismo\u00a0modo,\u00a0 se han\u00a0 adoptado\u00a0 todas\u00a0 las\u00a0 medidas\u00a0 t\u00e9cnicas\u00a0 y\u00a0 de\u00a0 organizaci\u00f3n\u00a0 necesarias\u00a0 para\u00a0garantizar\u00a0la seguridad\u00a0 e\u00a0 integridad\u00a0 de\u00a0 los\u00a0 datos\u00a0 de\u00a0car\u00e1cter\u00a0 personal\u00a0 que\u00a0 trate,\u00a0 as\u00ed\u00a0 como\u00a0 para\u00a0 evitar\u00a0 su\u00a0 p\u00e9rdida,\u00a0 alteraci\u00f3n\u00a0 y\/o\u00a0 acceso\u00a0por\u00a0parte\u00a0de\u00a0terceros\u00a0no\u00a0autorizados.<\/p>\n<\/div><\/section><\/div><\/div><\/div><\/div><!-- close content main div --><\/div><\/div><div id='av_section_2' class='avia-section main_color avia-section-default avia-no-border-styling avia-bg-style-scroll    container_wrap fullsize' style=' '  ><div class='container' ><div class='template-page content  av-content-full alpha units'><div class='post-entry post-entry-type-page post-entry-2172'><div class='entry-content-wrapper clearfix'>\n<div class=\"flex_column av_one_full  flex_column_div av-zero-column-padding first  \" style='border-radius:0px; '><section class=\"av_textblock_section \"  itemscope=\"itemscope\" itemtype=\"https:\/\/schema.org\/CreativeWork\" ><div class='avia_textblock  '   itemprop=\"text\" ><h2 class=\"av-special-heading-tag \">POL\u00cdTICA DE COOKIES<\/h2>\n<div class=\"special-heading-border\"><\/div>\n<\/div><\/section><\/div><div class=\"flex_column av_one_full  flex_column_div av-zero-column-padding first  \" style='border-radius:0px; '><section class=\"av_textblock_section \"  itemscope=\"itemscope\" itemtype=\"https:\/\/schema.org\/CreativeWork\" ><div class='avia_textblock  '   itemprop=\"text\" ><div class=\"entry-content\">\n<p>En cumplimiento con lo dispuesto en el art\u00edculo 22.2 de la Ley 34\/2002, de 11 de julio, de Servicios de la Sociedad de la Informaci\u00f3n y de Comercio Electr\u00f3nico, esta p\u00e1gina web le informa, en esta secci\u00f3n, sobre la\u00a0<strong>pol\u00edtica de recogida y tratamiento de cookies<\/strong>.<\/p>\n<h3>\u00bfQU\u00c9 SON LAS COOKIES?<\/h3>\n<p>Una cookie es un fichero que se descarga en su ordenador al\u00a0acceder a determinadas p\u00e1ginas web. Las cookies permiten a una p\u00e1gina web,\u00a0entre otras cosas, almacenar y recuperar informaci\u00f3n sobre los h\u00e1bitos de\u00a0navegaci\u00f3n de un usuario o de su equipo y, dependiendo de la informaci\u00f3n que\u00a0contengan y de la forma en que utilice su equipo, pueden utilizarse para\u00a0reconocer al usuario.<\/p>\n<h3>\u00bfQU\u00c9 TIPOS DE COOKIES UTILIZA ESTA P\u00c1GINA WEB?<\/h3>\n<p>Esta p\u00e1gina web utiliza los siguientes tipos de cookies:<\/p>\n<p><strong>Cookies de an\u00e1lisis<\/strong>: Son aqu\u00e9llas que bien tratadas por nosotros o por\u00a0terceros, nos permiten cuantificar el n\u00famero de usuarios y as\u00ed realizar la\u00a0medici\u00f3n y an\u00e1lisis estad\u00edstico de la utilizaci\u00f3n que hacen los usuarios del\u00a0servicio ofertado. Para ello se analiza su navegaci\u00f3n en nuestra p\u00e1gina web\u00a0con el fin de mejorar la oferta de productos o servicios que le ofrecemos.<\/p>\n<p><strong>Cookies t\u00e9cnicas<\/strong>: Son aquellas que permiten al usuario la navegaci\u00f3n a trav\u00e9s del \u00e1rea restringida y la utilizaci\u00f3n de sus diferentes funciones, como por ejemplo, llevar a cambio el proceso de compra de un art\u00edculo.<\/p>\n<p><strong>Cookies de personalizaci\u00f3n<\/strong>: Son aquellas que permiten al usuario acceder al servicio con algunas caracter\u00edsticas de car\u00e1cter general predefinidas en funci\u00f3n de una serie de criterios en el terminal del usuario como por ejemplo serian el idioma o el tipo de navegador a trav\u00e9s del cual se conecta al servicio.<\/p>\n<p><strong>Cookies publicitarias<\/strong>: Son aqu\u00e9llas que, bien tratadas por esta web\u00a0o por\u00a0terceros, permiten gestionar de la forma m\u00e1s eficaz posible la oferta de\u00a0los espacios publicitarios que hay en la p\u00e1gina web, adecuando el contenido\u00a0del anuncio al contenido del servicio solicitado o al uso que realice de nuestra\u00a0p\u00e1gina web. Para ello podemos analizar sus h\u00e1bitos de navegaci\u00f3n en Internet\u00a0y podemos mostrarle publicidad relacionada con su perfil de navegaci\u00f3n.<\/p>\n<p><strong>Cookies de publicidad comportamental<\/strong>: Son aquellas que permiten la gesti\u00f3n, de la forma m\u00e1s eficaz posible, de los espacios publicitarios que, en su caso, el editor haya incluido en una p\u00e1gina web, aplicaci\u00f3n o plataforma desde la que presta el servicio solicitado. Este tipo de cookies almacenan informaci\u00f3n del comportamiento de los visitantes\u00a0obtenida a trav\u00e9s de la observaci\u00f3n continuada de sus h\u00e1bitos de navegaci\u00f3n, lo que permite desarrollar un perfil espec\u00edfico para mostrar avisos publicitarios\u00a0en funci\u00f3n del mismo.<\/p>\n<h3>DESACTIVAR LAS COOKIES.<\/h3>\n<p>Puede usted\u00a0<strong>permitir, bloquear o eliminar las cookies<\/strong>\u00a0instaladas en su equipo\u00a0mediante la configuraci\u00f3n de las opciones del navegador instalado en su\u00a0ordenador.<\/p>\n<p>En la mayor\u00eda de los navegadores web se ofrece la posibilidad de permitir, bloquear o eliminar las cookies instaladas en su equipo.<\/p>\n<p>A continuaci\u00f3n puede acceder a la configuraci\u00f3n de los navegadores webs m\u00e1s frecuentes para aceptar, instalar o desactivar las cookies:<\/p>\n<p><a href=\"https:\/\/support.google.com\/chrome\/answer\/95647?hl=es\" target=\"_blank\" rel=\"noopener noreferrer\">Configurar cookies en Google Chrome<\/a><\/p>\n<p><a href=\"http:\/\/windows.microsoft.com\/es-es\/windows7\/how-to-manage-cookies-in-internet-explorer-9\" target=\"_blank\" rel=\"noopener noreferrer\">Configurar cookies en Microsoft Internet Explorer<\/a><\/p>\n<p><a href=\"https:\/\/support.mozilla.org\/es\/kb\/habilitar-y-deshabilitar-cookies-sitios-web-rastrear-preferencias?redirectlocale=es&amp;redirectslug=habilitar-y-deshabilitar-cookies-que-los-sitios-we\" target=\"_blank\" rel=\"noopener noreferrer\">Configurar cookies en Mozilla Firefox<\/a><\/p>\n<p><a href=\"https:\/\/support.apple.com\/es-es\/HT201265\" target=\"_blank\" rel=\"noopener noreferrer\">Configurar cookies en Safari (Apple)<\/a><\/p>\n<h3>COOKIES DE TERCEROS.<\/h3>\n<p>Esta p\u00e1gina web utiliza\u00a0servicios de terceros para recopilar informaci\u00f3n con fines estad\u00edsticos y de uso de la web. Se usan cookies de DoubleClick para mejorar la publicidad que se incluye en el sitio web. Son utilizadas para orientar la publicidad seg\u00fan el contenido que es relevante para un usuario, mejorando as\u00ed la calidad de experiencia en el uso del mismo.<\/p>\n<p>En concreto, usamos los servicios de Google Adsense y de Google Analytics para nuestras estad\u00edsticas y publicidad. Algunas cookies son esenciales para el funcionamiento del sitio, por ejemplo el buscador incorporado.<\/p>\n<p>Nuestro sitio incluye otras funcionalidades proporcionadas por terceros. Usted puede f\u00e1cilmente compartir el contenido en redes sociales como Facebook, Twitter o Google +, con los botones que hemos incluido a tal efecto.<\/p>\n<h4>ADVERTENCIA SOBRE ELIMINAR\u00a0COOKIES.<\/h4>\n<p>Usted puede eliminar y bloquear todas las cookies de este sitio, pero parte del sitio no funcionar\u00e1 o la calidad de la p\u00e1gina web puede verse afectada.<\/p>\n<p>Si tiene cualquier duda acerca de\u00a0nuestra pol\u00edtica de cookies, puede contactar con esta p\u00e1gina web a trav\u00e9s de nuestros canales de Contacto.<\/p>\n<\/div>\n<\/div><\/section><\/div><\/div><\/div><\/div><!-- close content main div --><\/div><\/div><div id='av-layout-grid-2' class='av-layout-grid-container entry-content-wrapper main_color av-flex-cells     container_wrap fullsize' style=' '  >\n<div class=\"flex_cell no_margin av_one_fourth   avia-full-stretch \" style='background: #007ac1; vertical-align:middle; padding:80px 50px 80px 50px ; background-color:#007ac1; '><div class='flex_cell_inner' ><div class=\"avia-animated-number av-force-default-color  avia-color-font-custom   avia_animate_when_visible\" style='color:#ffffff;' data-timer=\"3000\"><strong class=\"heading avia-animated-number-title\" style='font-size:34px;'><span class=\"avia-single-number __av-single-number\" data-number_format=\"\" data-number=\"2000\">2000<\/span><span class=\"avia-no-number\"> partos<\/span><\/strong><div class='avia-animated-number-content' style='font-size:20px;'><p>asistidos<\/p>\n<\/div><\/div>\n<\/div><\/div><div class=\"flex_cell no_margin av_one_fourth   avia-full-stretch \" style='vertical-align:middle; padding:80px 50px 80px 50px ; background-color:#379cd6; '><div class='flex_cell_inner' ><div class=\"avia-animated-number av-force-default-color  avia-color-font-custom   avia_animate_when_visible\" style='color:#ffffff;' data-timer=\"3000\"><strong class=\"heading avia-animated-number-title\" style='font-size:34px;'><span class=\"avia-single-number __av-single-number\" data-number_format=\"\" data-number=\"3000\">3000<\/span><span class=\"avia-no-number\"> Pacientes<\/span><\/strong><div class='avia-animated-number-content' style='font-size:20px;'><p>tratadas<\/p>\n<\/div><\/div>\n<\/div><\/div><div class=\"flex_cell no_margin av_one_fourth   avia-full-stretch \" style='vertical-align:middle; padding:80px 50px 80px 50px ; background-color:#5fb4e4; '><div class='flex_cell_inner' ><div class=\"avia-animated-number av-force-default-color  avia-color-font-custom   avia_animate_when_visible\" style='color:#ffffff;' data-timer=\"3000\"><strong class=\"heading avia-animated-number-title\" style='font-size:34px;'><span class=\"avia-single-number __av-single-number\" data-number_format=\"\" data-number=\"25\">25<\/span><span class=\"avia-no-number\"> Doctores<\/span><\/strong><div class='avia-animated-number-content' style='font-size:20px;'><p>cuidando tu salud<\/p>\n<\/div><\/div>\n<\/div><\/div><div class=\"flex_cell no_margin av_one_fourth   avia-full-stretch \" style='vertical-align:middle; padding:80px 50px 80px 50px ; background-color:#80c7ef; '><div class='flex_cell_inner' ><div class=\"avia-animated-number av-force-default-color  avia-color-font-custom   avia_animate_when_visible\" style='color:#ffffff;' data-timer=\"3000\"><strong class=\"heading avia-animated-number-title\" style='font-size:34px;'><span class=\"avia-single-number __av-single-number\" data-number_format=\"\" data-number=\"70\">70<\/span><span class=\"avia-no-number\"> A\u00f1os<\/span><\/strong><div class='avia-animated-number-content' style='font-size:20px;'><p>de experiencia<\/p>\n<\/div><\/div>\n<\/div><\/div>\n<\/div><\/p>\n","protected":false},"excerpt":{"rendered":"","protected":false},"author":2,"featured_media":0,"parent":330,"menu_order":0,"comment_status":"closed","ping_status":"closed","template":"","meta":{"spay_email":""},"yoast_head":"<!-- This site is optimized with the Yoast SEO plugin v17.5 - https:\/\/yoast.com\/wordpress\/plugins\/seo\/ -->\n<title>Pol\u00edtica de Privacidad y Cookies - GRUPO GINEX - Ginex Instituto Salamero<\/title>\n<meta name=\"robots\" content=\"index, follow, max-snippet:-1, max-image-preview:large, max-video-preview:-1\" \/>\n<link rel=\"canonical\" href=\"https:\/\/site.ginex.es\/index.php\/inicio\/politica-de-privacidad-y-cookies\/\" \/>\n<meta property=\"og:locale\" content=\"es_ES\" \/>\n<meta property=\"og:type\" content=\"article\" \/>\n<meta property=\"og:title\" content=\"Pol\u00edtica de Privacidad y Cookies - GRUPO GINEX - Ginex Instituto Salamero\" \/>\n<meta property=\"og:url\" content=\"https:\/\/site.ginex.es\/index.php\/inicio\/politica-de-privacidad-y-cookies\/\" \/>\n<meta property=\"og:site_name\" content=\"GRUPO GINEX - Ginex Instituto Salamero\" \/>\n<meta property=\"article:modified_time\" content=\"2023-02-03T10:10:36+00:00\" \/>\n<meta name=\"twitter:card\" content=\"summary_large_image\" \/>\n<meta name=\"twitter:label1\" content=\"Tiempo de lectura\" \/>\n\t<meta name=\"twitter:data1\" content=\"8 minutos\" \/>\n<script type=\"application\/ld+json\" class=\"yoast-schema-graph\">{\"@context\":\"https:\/\/schema.org\",\"@graph\":[{\"@type\":\"Organization\",\"@id\":\"https:\/\/site.ginex.es\/#organization\",\"name\":\"Grupo Ginex Centro de Ginecolog\\u00eda y Obstetricia\",\"url\":\"https:\/\/site.ginex.es\/\",\"sameAs\":[],\"logo\":{\"@type\":\"ImageObject\",\"@id\":\"https:\/\/site.ginex.es\/#logo\",\"inLanguage\":\"es\",\"url\":\"http:\/\/site.ginex.es\/wp-content\/uploads\/2019\/08\/grup_ginex_logo_1.png\",\"contentUrl\":\"http:\/\/site.ginex.es\/wp-content\/uploads\/2019\/08\/grup_ginex_logo_1.png\",\"width\":600,\"height\":600,\"caption\":\"Grupo Ginex Centro de Ginecolog\\u00eda y Obstetricia\"},\"image\":{\"@id\":\"https:\/\/site.ginex.es\/#logo\"}},{\"@type\":\"WebSite\",\"@id\":\"https:\/\/site.ginex.es\/#website\",\"url\":\"https:\/\/site.ginex.es\/\",\"name\":\"GRUPO GINEX - Ginex Instituto Salamero\",\"description\":\"Tu centro ginecol\\u00f3gico en Barcelona\",\"publisher\":{\"@id\":\"https:\/\/site.ginex.es\/#organization\"},\"potentialAction\":[{\"@type\":\"SearchAction\",\"target\":{\"@type\":\"EntryPoint\",\"urlTemplate\":\"https:\/\/site.ginex.es\/?s={search_term_string}\"},\"query-input\":\"required name=search_term_string\"}],\"inLanguage\":\"es\"},{\"@type\":\"WebPage\",\"@id\":\"https:\/\/site.ginex.es\/index.php\/inicio\/politica-de-privacidad-y-cookies\/#webpage\",\"url\":\"https:\/\/site.ginex.es\/index.php\/inicio\/politica-de-privacidad-y-cookies\/\",\"name\":\"Pol\\u00edtica de Privacidad y Cookies - GRUPO GINEX - Ginex Instituto Salamero\",\"isPartOf\":{\"@id\":\"https:\/\/site.ginex.es\/#website\"},\"datePublished\":\"2019-09-05T09:45:18+00:00\",\"dateModified\":\"2023-02-03T10:10:36+00:00\",\"breadcrumb\":{\"@id\":\"https:\/\/site.ginex.es\/index.php\/inicio\/politica-de-privacidad-y-cookies\/#breadcrumb\"},\"inLanguage\":\"es\",\"potentialAction\":[{\"@type\":\"ReadAction\",\"target\":[\"https:\/\/site.ginex.es\/index.php\/inicio\/politica-de-privacidad-y-cookies\/\"]}]},{\"@type\":\"BreadcrumbList\",\"@id\":\"https:\/\/site.ginex.es\/index.php\/inicio\/politica-de-privacidad-y-cookies\/#breadcrumb\",\"itemListElement\":[{\"@type\":\"ListItem\",\"position\":1,\"name\":\"Portada\",\"item\":\"https:\/\/site.ginex.es\/\"},{\"@type\":\"ListItem\",\"position\":2,\"name\":\"Inicio\",\"item\":\"https:\/\/site.ginex.es\/\"},{\"@type\":\"ListItem\",\"position\":3,\"name\":\"Pol\\u00edtica de Privacidad y Cookies\"}]}]}<\/script>\n<!-- \/ Yoast SEO plugin. -->","yoast_head_json":{"title":"Pol\u00edtica de Privacidad y Cookies - GRUPO GINEX - Ginex Instituto Salamero","robots":{"index":"index","follow":"follow","max-snippet":"max-snippet:-1","max-image-preview":"max-image-preview:large","max-video-preview":"max-video-preview:-1"},"canonical":"https:\/\/site.ginex.es\/index.php\/inicio\/politica-de-privacidad-y-cookies\/","og_locale":"es_ES","og_type":"article","og_title":"Pol\u00edtica de Privacidad y Cookies - GRUPO GINEX - Ginex Instituto Salamero","og_url":"https:\/\/site.ginex.es\/index.php\/inicio\/politica-de-privacidad-y-cookies\/","og_site_name":"GRUPO GINEX - Ginex Instituto Salamero","article_modified_time":"2023-02-03T10:10:36+00:00","twitter_card":"summary_large_image","twitter_misc":{"Tiempo de lectura":"8 minutos"},"schema":{"@context":"https:\/\/schema.org","@graph":[{"@type":"Organization","@id":"https:\/\/site.ginex.es\/#organization","name":"Grupo Ginex Centro de Ginecolog\u00eda y Obstetricia","url":"https:\/\/site.ginex.es\/","sameAs":[],"logo":{"@type":"ImageObject","@id":"https:\/\/site.ginex.es\/#logo","inLanguage":"es","url":"http:\/\/site.ginex.es\/wp-content\/uploads\/2019\/08\/grup_ginex_logo_1.png","contentUrl":"http:\/\/site.ginex.es\/wp-content\/uploads\/2019\/08\/grup_ginex_logo_1.png","width":600,"height":600,"caption":"Grupo Ginex Centro de Ginecolog\u00eda y Obstetricia"},"image":{"@id":"https:\/\/site.ginex.es\/#logo"}},{"@type":"WebSite","@id":"https:\/\/site.ginex.es\/#website","url":"https:\/\/site.ginex.es\/","name":"GRUPO GINEX - Ginex Instituto Salamero","description":"Tu centro ginecol\u00f3gico en Barcelona","publisher":{"@id":"https:\/\/site.ginex.es\/#organization"},"potentialAction":[{"@type":"SearchAction","target":{"@type":"EntryPoint","urlTemplate":"https:\/\/site.ginex.es\/?s={search_term_string}"},"query-input":"required name=search_term_string"}],"inLanguage":"es"},{"@type":"WebPage","@id":"https:\/\/site.ginex.es\/index.php\/inicio\/politica-de-privacidad-y-cookies\/#webpage","url":"https:\/\/site.ginex.es\/index.php\/inicio\/politica-de-privacidad-y-cookies\/","name":"Pol\u00edtica de Privacidad y Cookies - GRUPO GINEX - Ginex Instituto Salamero","isPartOf":{"@id":"https:\/\/site.ginex.es\/#website"},"datePublished":"2019-09-05T09:45:18+00:00","dateModified":"2023-02-03T10:10:36+00:00","breadcrumb":{"@id":"https:\/\/site.ginex.es\/index.php\/inicio\/politica-de-privacidad-y-cookies\/#breadcrumb"},"inLanguage":"es","potentialAction":[{"@type":"ReadAction","target":["https:\/\/site.ginex.es\/index.php\/inicio\/politica-de-privacidad-y-cookies\/"]}]},{"@type":"BreadcrumbList","@id":"https:\/\/site.ginex.es\/index.php\/inicio\/politica-de-privacidad-y-cookies\/#breadcrumb","itemListElement":[{"@type":"ListItem","position":1,"name":"Portada","item":"https:\/\/site.ginex.es\/"},{"@type":"ListItem","position":2,"name":"Inicio","item":"https:\/\/site.ginex.es\/"},{"@type":"ListItem","position":3,"name":"Pol\u00edtica de Privacidad y Cookies"}]}]}},"jetpack_sharing_enabled":true,"_links":{"self":[{"href":"https:\/\/site.ginex.es\/index.php\/wp-json\/wp\/v2\/pages\/2172"}],"collection":[{"href":"https:\/\/site.ginex.es\/index.php\/wp-json\/wp\/v2\/pages"}],"about":[{"href":"https:\/\/site.ginex.es\/index.php\/wp-json\/wp\/v2\/types\/page"}],"author":[{"embeddable":true,"href":"https:\/\/site.ginex.es\/index.php\/wp-json\/wp\/v2\/users\/2"}],"replies":[{"embeddable":true,"href":"https:\/\/site.ginex.es\/index.php\/wp-json\/wp\/v2\/comments?post=2172"}],"version-history":[{"count":4,"href":"https:\/\/site.ginex.es\/index.php\/wp-json\/wp\/v2\/pages\/2172\/revisions"}],"predecessor-version":[{"id":2181,"href":"https:\/\/site.ginex.es\/index.php\/wp-json\/wp\/v2\/pages\/2172\/revisions\/2181"}],"up":[{"embeddable":true,"href":"https:\/\/site.ginex.es\/index.php\/wp-json\/wp\/v2\/pages\/330"}],"wp:attachment":[{"href":"https:\/\/site.ginex.es\/index.php\/wp-json\/wp\/v2\/media?parent=2172"}],"curies":[{"name":"wp","href":"https:\/\/api.w.org\/{rel}","templated":true}]}}