{"id":2183,"date":"2019-09-05T12:52:05","date_gmt":"2019-09-05T10:52:05","guid":{"rendered":"http:\/\/site.ginex.es\/?page_id=2183"},"modified":"2026-01-28T16:27:05","modified_gmt":"2026-01-28T15:27:05","slug":"cita-online","status":"publish","type":"page","link":"https:\/\/site.ginex.es\/index.php\/inicio\/cita-online\/","title":{"rendered":"Pide Cita"},"content":{"rendered":"<div id='av-layout-grid-1' class='av-layout-grid-container entry-content-wrapper main_color av-fixed-cells   av-small-hide av-mini-hide   avia-builder-el-0  el_before_av_layout_row  avia-builder-el-first   av-cell-min-height av-cell-min-height-50 container_wrap fullsize' style=' '   data-av_minimum_height_pc='50'>\n<div class=\"flex_cell no_margin av_one_half  avia-builder-el-1  el_before_av_cell_one_half  avia-builder-el-first    avia-full-stretch av-zero-padding \" style='background:url(https:\/\/site.ginex.es\/wp-content\/uploads\/2019\/09\/cita.jpg) top center no-repeat scroll #22689e; vertical-align:top; padding:0px; background-color:#22689e; '><div class='flex_cell_inner' ><\/div><\/div><div class=\"flex_cell no_margin av_one_half  avia-builder-el-2  el_after_av_cell_one_half  avia-builder-el-last   \" style='background: #22689e; vertical-align:middle; padding:0px 0px 0px 80px ; background-color:#22689e; '><div class='flex_cell_inner' ><div style='padding-bottom:0px; margin:0 0 0 0; color:#ffffff;font-size:34px;' class='av-special-heading av-special-heading-h3 custom-color-heading blockquote modern-quote  avia-builder-el-3  avia-builder-el-no-sibling   av-inherit-size '><h3 class='av-special-heading-tag '  itemprop=\"headline\"  >Pide Cita<\/h3><div class ='av-subheading av-subheading_below av_custom_color ' style='font-size:15px;'><p>Pide tu cita con un especialista<\/p>\n<\/div><div class='special-heading-border'><div class='special-heading-inner-border' style='border-color:#ffffff'><\/div><\/div><\/div>\n<\/div><\/div>\n<\/div>\n<div id='av-layout-grid-2' class='av-layout-grid-container entry-content-wrapper main_color av-fixed-cells   av-desktop-hide av-medium-hide   avia-builder-el-4  el_after_av_layout_row  el_before_av_section   av-cell-min-height av-cell-min-height-50 submenu-not-first container_wrap fullsize' style=' '   data-av_minimum_height_pc='50'>\n<div class=\"flex_cell no_margin av_one_fourth  avia-builder-el-5  el_before_av_cell_three_fourth  avia-builder-el-first    avia-full-stretch av-zero-padding \" style='background:url(https:\/\/site.ginex.es\/wp-content\/uploads\/2019\/09\/cita.jpg) top center no-repeat scroll #22689e; vertical-align:top; padding:0px; background-color:#22689e; '><div class='flex_cell_inner' ><\/div><\/div><div class=\"flex_cell no_margin av_three_fourth  avia-builder-el-6  el_after_av_cell_one_fourth  avia-builder-el-last    \" style='background: #22689e; vertical-align:middle; padding:0px 20px 0px 20px ; background-color:#22689e; '><div class='flex_cell_inner' ><div style='padding-bottom:0px; margin:0 0 0 0; color:#ffffff;font-size:34px;' class='av-special-heading av-special-heading-h3 custom-color-heading blockquote modern-quote  avia-builder-el-7  avia-builder-el-no-sibling   av-inherit-size '><h3 class='av-special-heading-tag '  itemprop=\"headline\"  >Pide Cita<\/h3><div class ='av-subheading av-subheading_below av_custom_color ' style='font-size:15px;'><p>Pide tu cita con un especialista<\/p>\n<\/div><div class='special-heading-border'><div class='special-heading-inner-border' style='border-color:#ffffff'><\/div><\/div><\/div>\n<\/div><\/div>\n<\/div>\n<div id='av_section_1' class='avia-section main_color avia-section-default avia-no-border-styling avia-bg-style-scroll  avia-builder-el-8  el_after_av_layout_row  el_before_av_layout_row    container_wrap fullsize' style=' '  ><div class='container' ><div class='template-page content  av-content-full alpha units'><div class='post-entry post-entry-type-page post-entry-2183'><div class='entry-content-wrapper clearfix'>\n<div class=\"flex_column av_one_full  flex_column_div av-zero-column-padding first  avia-builder-el-9  el_before_av_one_full  avia-builder-el-first  \" style='border-radius:0px; '><section class=\"av_textblock_section \"  itemscope=\"itemscope\" itemtype=\"https:\/\/schema.org\/CreativeWork\" ><div class='avia_textblock  '   itemprop=\"text\" ><h1>CITA<\/h1>\n<p>Ind\u00edquenos si se trata de un paciente privado o seleccione su aseguradora, elija la especialidad y el profesional que desee que le atienda, le contactaremos a la brevedad para coordinar su turno.<\/p>\n<\/div><\/section><\/div><div class=\"flex_column av_one_full  flex_column_div av-zero-column-padding first  avia-builder-el-11  el_after_av_one_full  avia-builder-el-last  column-top-margin\" style='border-radius:0px; '><form action=\"https:\/\/site.ginex.es\/index.php\/inicio\/cita-online\/\" method=\"post\"  class=\"avia_ajax_form av-form-labels-visible   avia-builder-el-12  avia-builder-el-no-sibling    \" data-avia-form-id=\"1\" data-avia-redirect=''><fieldset><h3>DATOS<\/h3><p class=' first_form  form_element form_element_half' id='element_avia_1_1'><label for=\"avia_1_1\">Nombre <abbr class=\"required\" title=\"requerido\">*<\/abbr><\/label> <input name=\"avia_1_1\" class=\"text_input is_empty\" type=\"text\" id=\"avia_1_1\" value=\"\" \/><\/p><p class=' form_element form_element_half' id='element_avia_2_1'><label for=\"avia_2_1\">Apellido <abbr class=\"required\" title=\"requerido\">*<\/abbr><\/label> <input name=\"avia_2_1\" class=\"text_input is_empty\" type=\"text\" id=\"avia_2_1\" value=\"\" \/><\/p><p class=' first_form  form_element form_element_half' id='element_avia_3_1'><label for=\"avia_3_1\">Tel\u00e9fono <abbr class=\"required\" title=\"requerido\">*<\/abbr><\/label> <input name=\"avia_3_1\" class=\"text_input is_phone\" type=\"text\" id=\"avia_3_1\" value=\"\" \/><\/p><p class=' form_element form_element_half' id='element_avia_4_1'><label for=\"avia_4_1\">Correo electr\u00f3nico<\/label> <input name=\"avia_4_1\" class=\"text_input \" type=\"text\" id=\"avia_4_1\" value=\"\" \/><\/p><p class=' first_form  form_element form_fullwidth' id='element_avia_5_1'><label for=\"avia_5_1\">Aseguradora<\/label> <select  name=\"avia_5_1\" class=\"select \" id=\"avia_5_1\"><option  value ='PARTICULAR (SIN ASEGURADORA)'>PARTICULAR (SIN ASEGURADORA)<\/option><option  value ='ADESLAS'>ADESLAS<\/option><option  value ='AEGON'>AEGON<\/option><option  value ='AGM'>AGM<\/option><option  value ='ALIAN\u00c7-D. PAS'>ALIAN\u00c7-D. PAS<\/option><option  value ='ALLIANZ'>ALLIANZ<\/option><option  value ='ASISA'>ASISA<\/option><option  value ='ASC'>ASC<\/option><option  value ='ATLANTIDA'>ATLANTIDA<\/option><option  value ='AXA- WINTHERTUR'>AXA- WINTHERTUR<\/option><option  value ='CASER'>CASER<\/option><option  value ='CIGNA'>CIGNA<\/option><option  value ='CLINICUM'>CLINICUM<\/option><option  value ='COSALUD'>COSALUD<\/option><option  value ='GROUPON'>GROUPON<\/option><option  value ='HNA'>HNA<\/option><option  value ='HNA SC'>HNA SC<\/option><option  value ='MFIATC'>MFIATC<\/option><option  value ='MAPFRE'>MAPFRE<\/option><option  value ='M. LATINA'>M. LATINA<\/option><option  value ='MGC'>MGC<\/option><option  value ='MUTUACAT'>MUTUACAT<\/option><option  value ='NUEVA MUTUA SANITARIA'>NUEVA MUTUA SANITARIA<\/option><option  value ='DKV'>DKV<\/option><option  value ='SANITAS'>SANITAS<\/option><option  value ='SMART SALUS'>SMART SALUS<\/option><option  value ='VITAL SEGURO'>VITAL SEGURO<\/option><option  value ='OTRA'>OTRA<\/option><\/select><\/p><p class=' first_form  form_element form_fullwidth' id='element_avia_6_1'><label for=\"avia_6_1\">Prestaci\u00f3n<\/label> <select  name=\"avia_6_1\" class=\"select \" id=\"avia_6_1\"><option  value ='1\u00aa ECO CONTROL VITRIFICACION OVULOS'>1\u00aa ECO CONTROL VITRIFICACION OVULOS<\/option><option  value ='1\u00aa SESION LASER GINE'>1\u00aa SESION LASER GINE<\/option><option  value ='1\u00aa SESION LASER GINE POST PARTO'>1\u00aa SESION LASER GINE POST PARTO<\/option><option  value ='1\u00aa VISITA DONANTE'>1\u00aa VISITA DONANTE<\/option><option  value ='1\u00aa VISITA ESTERILIDAD REPRODUCCION'>1\u00aa VISITA ESTERILIDAD REPRODUCCION<\/option><option  value ='2\u00aa VISITA DONANTE'>2\u00aa VISITA DONANTE<\/option><option  value ='AMNIOCENTESIS PRECOZ (MENOS DE 20 SEMANAS)'>AMNIOCENTESIS PRECOZ (MENOS DE 20 SEMANAS)<\/option><option  value ='BIOPSIA CORIAL'>BIOPSIA CORIAL<\/option><option  value ='CONIZACION'>CONIZACION<\/option><option  value ='CONSULTA TELEFONICA GINECOLOGIA'>CONSULTA TELEFONICA GINECOLOGIA<\/option><option  value ='CONTROL ENDOMETRIO CRIOTRANSFER (HM)'>CONTROL ENDOMETRIO CRIOTRANSFER (HM)<\/option><option  value ='CONTROL ENDOMETRIO CRIOTRANSFER PROG.DESCONGELACION'>CONTROL ENDOMETRIO CRIOTRANSFER PROG.DESCONGELACION<\/option><option  value ='CONTROL ENDOMETRIO RECEPTORA (HM)'>CONTROL ENDOMETRIO RECEPTORA (HM)<\/option><option  value ='ECO CONTROL FIV SUCESIVA'>ECO CONTROL FIV SUCESIVA<\/option><option  value ='ECO CONTROL OVULACION IAC\/IAD\/IO SUCESIVA'>ECO CONTROL OVULACION IAC\/IAD\/IO SUCESIVA<\/option><option  value ='ECOGRAFIA CEREBRAL FETAL'>ECOGRAFIA CEREBRAL FETAL<\/option><option  value ='ECOGRAFIA DEL SUELO PELVICO'>ECOGRAFIA DEL SUELO PELVICO<\/option><option  value ='ECOGRAFIA DOPPLER GINECOLOGICA'>ECOGRAFIA DOPPLER GINECOLOGICA<\/option><option  value ='ECOGRAFIA DOPPLER OBSTETRICA'>ECOGRAFIA DOPPLER OBSTETRICA<\/option><option  value ='ECOGRAFIA ENDOMETRIOSIS'>ECOGRAFIA ENDOMETRIOSIS<\/option><option  value ='ECOGRAFIA GINECOLOGICA'>ECOGRAFIA GINECOLOGICA<\/option><option  value ='ECOGRAFIA OBSTETRICA (1\u00ba TRIMESTRE)'>ECOGRAFIA OBSTETRICA (1\u00ba TRIMESTRE)<\/option><option  value ='ECOGRAFIA OBSTETRICA (2\u00ba TRIMESTRE)'>ECOGRAFIA OBSTETRICA (2\u00ba TRIMESTRE)<\/option><option  value ='ECOGRAFIA OBSTETRICA (3\u00ba TRIMESTRE)'>ECOGRAFIA OBSTETRICA (3\u00ba TRIMESTRE)<\/option><option  value ='ECOGRAFIA TRANSVAGINAL'>ECOGRAFIA TRANSVAGINAL<\/option><option  value ='ECOGRAFIA TRIDIMENSIONAL DEL EMBARAZO'>ECOGRAFIA TRIDIMENSIONAL DEL EMBARAZO<\/option><option  value ='MONITORIZACION MATERNO-FETAL'>MONITORIZACION MATERNO-FETAL<\/option><option  value ='REVISION DE EMBARAZO DE RIESGO'>REVISION DE EMBARAZO DE RIESGO<\/option><option  value ='REVISION DE MENOPAUSIA'>REVISION DE MENOPAUSIA<\/option><option  value ='REVISION DIAGNOSTICO PRENATAL'>REVISION DIAGNOSTICO PRENATAL<\/option><option  value ='REVISION DISPLASIA GINECOLOGIA'>REVISION DISPLASIA GINECOLOGIA<\/option><option  value ='REVISION GINECOLOGIA'>REVISION GINECOLOGIA<\/option><option  value ='REVISION GINECOLOGIA Y OBSTETRICIA - C'>REVISION GINECOLOGIA Y OBSTETRICIA - C<\/option><option  value ='REVISION OBSTETRICIA'>REVISION OBSTETRICIA<\/option><option  value ='REVISION SEXOLOGIA'>REVISION SEXOLOGIA<\/option><option  value ='REVISION UNIDAD DE ENDOMETRIOSIS'>REVISION UNIDAD DE ENDOMETRIOSIS<\/option><option  value ='REVISON UNIDAD MAMA'>REVISON UNIDAD MAMA<\/option><option  value ='SESION SUCESIVA LASER GINE'>SESION SUCESIVA LASER GINE<\/option><option  value ='VISITA CATETER (CONTROL HIPOFISECTOMIA)'>VISITA CATETER (CONTROL HIPOFISECTOMIA)<\/option><option  value ='VISITA DE SUELO PELVICO'>VISITA DE SUELO PELVICO<\/option><option  value ='VISITA PRUEBA EMBARAZO + BETA-HCG'>VISITA PRUEBA EMBARAZO + BETA-HCG<\/option><option  value ='VISITA SEGUIMIENTO REPRODUCCION'>VISITA SEGUIMIENTO REPRODUCCION<\/option><option  value ='VISITA SUCESIVA EMBARAZO'>VISITA SUCESIVA EMBARAZO<\/option><option  value ='VISITA SUCESIVA REPRODUCCION'>VISITA SUCESIVA REPRODUCCION<\/option><\/select><\/p><p class=' first_form  form_element form_fullwidth' id='element_avia_7_1'><label for=\"avia_7_1\">M\u00ebdico<\/label> <select  name=\"avia_7_1\" class=\"select \" id=\"avia_7_1\"><option  value ='CUALQUIER M\u00c9DICO'>CUALQUIER M\u00c9DICO<\/option><option  value ='FRANCISCO SALAMERO PRAT'>FRANCISCO SALAMERO PRAT<\/option><option  value ='JUAN M\u00aa ADELANTADO P\u00c9REZ'>JUAN M\u00aa ADELANTADO P\u00c9REZ<\/option><option  value ='MARTA'>MARTA<\/option><option  value ='ALLU\u00c9 LOPEZ'>ALLU\u00c9 LOPEZ<\/option><option  value ='MARTA'>MARTA<\/option><option  value ='ALLU\u00c9 LOPEZ'>ALLU\u00c9 LOPEZ<\/option><option  value ='EVA'>EVA<\/option><option  value ='CISCAR GRACIA'>CISCAR GRACIA<\/option><option  value ='ALBERT FONT VILAMITJANA'>ALBERT FONT VILAMITJANA<\/option><option  value ='ALBERT FONT VILAMITJANA'>ALBERT FONT VILAMITJANA<\/option><option  value ='MIREIA GONZALEZ CAMADRAN'>MIREIA GONZALEZ CAMADRAN<\/option><option  value ='ARMAND MART\u00cd LAPORTE'>ARMAND MART\u00cd LAPORTE<\/option><option  value ='JUAN A. HAGA LA GUIDARA'>JUAN A. HAGA LA GUIDARA<\/option><option  value ='JUAN PARRA ROCA'>JUAN PARRA ROCA<\/option><option  value ='VANESSA RAYO FABREGAT'>VANESSA RAYO FABREGAT<\/option><option  value ='CYNTHIA ROA CAMACHO'>CYNTHIA ROA CAMACHO<\/option><option  value ='BEL\u00c9N SIMONE'>BEL\u00c9N SIMONE<\/option><option  value ='IRENE PASTOR ROYO'>IRENE PASTOR ROYO<\/option><option  value ='CLAUDIA BRASSESCO GARCIA'>CLAUDIA BRASSESCO GARCIA<\/option><option  value ='SRTA. ESTEFAN\u00cdA'>SRTA. ESTEFAN\u00cdA<\/option><option  value ='BUIX\u00d3 RIBES'>BUIX\u00d3 RIBES<\/option><\/select><\/p><p class=' first_form  form_element form_fullwidth' id='element_avia_8_1'>\t <label for=\"avia_8_1\" class=\"textare_label hidden textare_label_avia_8_1\">Comentarios<\/label>\t <textarea  name=\"avia_8_1\" class=\"text_area \" cols=\"40\" rows=\"7\" id=\"avia_8_1\" ><\/textarea><\/p><p class=' first_form  form_element form_fullwidth' id='element_avia_9_1'>    <input  name=\"avia_9_1\" class=\"input_checkbox is_empty\" type=\"checkbox\" id=\"avia_9_1\" value=\"true\"\/><label class=\"input_checkbox_label\" for=\"avia_9_1\">\tHe le\u00eddo y acepto la Pol\u00edtica de privacidad y condiciones de uso y declaro ser mayor de 16 a\u00f1os  <abbr class=\"required\" title=\"requerido\">*<\/abbr><\/label><\/p><p class=\"hidden\"><input type=\"text\" name=\"avia_10_1\" class=\"hidden \" id=\"avia_10_1\" value=\"\" \/><\/p><p class='' id='element_avia_11_1'>    <span class='value_verifier_label'>1 + 7 = ?<\/span>    <input name=\"avia_11_1_verifier\" type=\"hidden\" id=\"avia_11_1_verifier\" value=\"174578718\"\/><label for=\"avia_11_1\">Para mayor seguridad, responde la siguiente pregunta <abbr class=\"required\" title=\"requerido\">*<\/abbr><\/label>    <input name=\"avia_11_1\" class=\"text_input captcha\" type=\"text\" id=\"avia_11_1\" value=\"\"\/><\/p><p class=\"form_element \"><input type=\"hidden\" value=\"1\" name=\"avia_generated_form1\" \/><input type=\"submit\" value=\"Enviar\" class=\"button\"  data-sending-label=\"Enviando\"\/><\/p><\/fieldset><\/form><div id=\"ajaxresponse_1\" class=\"ajaxresponse ajaxresponse_1 hidden\"><\/div><\/div><\/div><\/div><\/div><!-- close content main div --><\/div><\/div><div id='av-layout-grid-3' class='av-layout-grid-container entry-content-wrapper main_color av-flex-cells     avia-builder-el-13  el_after_av_section  avia-builder-el-last  submenu-not-first container_wrap fullsize' style=' '  >\n<div class=\"flex_cell no_margin av_one_fourth  avia-builder-el-14  el_before_av_cell_one_fourth  avia-builder-el-first   avia-full-stretch \" style='background: #007ac1; vertical-align:middle; padding:80px 50px 80px 50px ; background-color:#007ac1; '><div class='flex_cell_inner' ><div class=\"avia-animated-number av-force-default-color  avia-color-font-custom  avia-builder-el-15  avia-builder-el-no-sibling   avia_animate_when_visible\" style='color:#ffffff;' data-timer=\"3000\"><strong class=\"heading avia-animated-number-title\" style='font-size:34px;'><span class=\"avia-single-number __av-single-number\" data-number_format=\"\" data-number=\"20000\">20000<\/span><span class=\"avia-no-number\"> Partos<\/span><\/strong><div class='avia-animated-number-content' style='font-size:20px;'><p>asistidos<\/p>\n<\/div><\/div>\n<\/div><\/div><div class=\"flex_cell no_margin av_one_fourth  avia-builder-el-16  el_after_av_cell_one_fourth  el_before_av_cell_one_fourth   avia-full-stretch \" style='vertical-align:middle; padding:80px 50px 80px 50px ; background-color:#379cd6; '><div class='flex_cell_inner' ><div class=\"avia-animated-number av-force-default-color  avia-color-font-custom  avia-builder-el-17  avia-builder-el-no-sibling   avia_animate_when_visible\" style='color:#ffffff;' data-timer=\"3000\"><strong class=\"heading avia-animated-number-title\" style='font-size:34px;'><span class=\"avia-single-number __av-single-number\" data-number_format=\"\" data-number=\"300000\">300000<\/span><span class=\"avia-no-number\"> Consultas<\/span><\/strong><div class='avia-animated-number-content' style='font-size:20px;'><p>realizadas<\/p>\n<\/div><\/div>\n<\/div><\/div><div class=\"flex_cell no_margin av_one_fourth  avia-builder-el-18  el_after_av_cell_one_fourth  el_before_av_cell_one_fourth   avia-full-stretch \" style='vertical-align:middle; padding:80px 50px 80px 50px ; background-color:#5fb4e4; '><div class='flex_cell_inner' ><div class=\"avia-animated-number av-force-default-color  avia-color-font-custom  avia-builder-el-19  avia-builder-el-no-sibling   avia_animate_when_visible\" style='color:#ffffff;' data-timer=\"3000\"><strong class=\"heading avia-animated-number-title\" style='font-size:34px;'><span class=\"avia-single-number __av-single-number\" data-number_format=\"\" data-number=\"25\">25<\/span><span class=\"avia-no-number\"> Doctores<\/span><\/strong><div class='avia-animated-number-content' style='font-size:20px;'><p>cuidando tu salud<\/p>\n<\/div><\/div>\n<\/div><\/div><div class=\"flex_cell no_margin av_one_fourth  avia-builder-el-20  el_after_av_cell_one_fourth  avia-builder-el-last   avia-full-stretch \" style='vertical-align:middle; padding:80px 50px 80px 50px ; background-color:#80c7ef; '><div class='flex_cell_inner' ><div class=\"avia-animated-number av-force-default-color  avia-color-font-custom  avia-builder-el-21  avia-builder-el-no-sibling   avia_animate_when_visible\" style='color:#ffffff;' data-timer=\"3000\"><strong class=\"heading avia-animated-number-title\" style='font-size:34px;'><span class=\"avia-single-number __av-single-number\" data-number_format=\"\" data-number=\"70\">70<\/span><span class=\"avia-no-number\"> A\u00f1os<\/span><\/strong><div class='avia-animated-number-content' style='font-size:20px;'><p>de experiencia<\/p>\n<\/div><\/div>\n<\/div><\/div>\n<\/div><\/p>\n","protected":false},"excerpt":{"rendered":"","protected":false},"author":2,"featured_media":0,"parent":330,"menu_order":0,"comment_status":"closed","ping_status":"closed","template":"","meta":{"spay_email":""},"yoast_head":"<!-- This site is optimized with the Yoast SEO plugin v17.5 - https:\/\/yoast.com\/wordpress\/plugins\/seo\/ -->\n<title>Pide Cita - GRUPO GINEX - Ginex Instituto Salamero<\/title>\n<meta name=\"robots\" content=\"index, follow, max-snippet:-1, max-image-preview:large, max-video-preview:-1\" \/>\n<link rel=\"canonical\" href=\"https:\/\/site.ginex.es\/index.php\/inicio\/cita-online\/\" \/>\n<meta property=\"og:locale\" content=\"es_ES\" \/>\n<meta property=\"og:type\" content=\"article\" \/>\n<meta property=\"og:title\" content=\"Pide Cita - GRUPO GINEX - Ginex Instituto Salamero\" \/>\n<meta property=\"og:url\" content=\"https:\/\/site.ginex.es\/index.php\/inicio\/cita-online\/\" \/>\n<meta property=\"og:site_name\" content=\"GRUPO GINEX - Ginex Instituto Salamero\" \/>\n<meta property=\"article:modified_time\" content=\"2026-01-28T15:27:05+00:00\" \/>\n<meta name=\"twitter:card\" content=\"summary_large_image\" \/>\n<meta name=\"twitter:label1\" content=\"Tiempo de lectura\" \/>\n\t<meta name=\"twitter:data1\" content=\"4 minutos\" \/>\n<script type=\"application\/ld+json\" class=\"yoast-schema-graph\">{\"@context\":\"https:\/\/schema.org\",\"@graph\":[{\"@type\":\"Organization\",\"@id\":\"https:\/\/site.ginex.es\/#organization\",\"name\":\"Grupo Ginex Centro de Ginecolog\\u00eda y Obstetricia\",\"url\":\"https:\/\/site.ginex.es\/\",\"sameAs\":[],\"logo\":{\"@type\":\"ImageObject\",\"@id\":\"https:\/\/site.ginex.es\/#logo\",\"inLanguage\":\"es\",\"url\":\"http:\/\/site.ginex.es\/wp-content\/uploads\/2019\/08\/grup_ginex_logo_1.png\",\"contentUrl\":\"http:\/\/site.ginex.es\/wp-content\/uploads\/2019\/08\/grup_ginex_logo_1.png\",\"width\":600,\"height\":600,\"caption\":\"Grupo Ginex Centro de Ginecolog\\u00eda y Obstetricia\"},\"image\":{\"@id\":\"https:\/\/site.ginex.es\/#logo\"}},{\"@type\":\"WebSite\",\"@id\":\"https:\/\/site.ginex.es\/#website\",\"url\":\"https:\/\/site.ginex.es\/\",\"name\":\"GRUPO GINEX - Ginex Instituto Salamero\",\"description\":\"Tu centro ginecol\\u00f3gico en Barcelona\",\"publisher\":{\"@id\":\"https:\/\/site.ginex.es\/#organization\"},\"potentialAction\":[{\"@type\":\"SearchAction\",\"target\":{\"@type\":\"EntryPoint\",\"urlTemplate\":\"https:\/\/site.ginex.es\/?s={search_term_string}\"},\"query-input\":\"required name=search_term_string\"}],\"inLanguage\":\"es\"},{\"@type\":\"WebPage\",\"@id\":\"https:\/\/site.ginex.es\/index.php\/inicio\/cita-online\/#webpage\",\"url\":\"https:\/\/site.ginex.es\/index.php\/inicio\/cita-online\/\",\"name\":\"Pide Cita - GRUPO GINEX - Ginex Instituto Salamero\",\"isPartOf\":{\"@id\":\"https:\/\/site.ginex.es\/#website\"},\"datePublished\":\"2019-09-05T10:52:05+00:00\",\"dateModified\":\"2026-01-28T15:27:05+00:00\",\"breadcrumb\":{\"@id\":\"https:\/\/site.ginex.es\/index.php\/inicio\/cita-online\/#breadcrumb\"},\"inLanguage\":\"es\",\"potentialAction\":[{\"@type\":\"ReadAction\",\"target\":[\"https:\/\/site.ginex.es\/index.php\/inicio\/cita-online\/\"]}]},{\"@type\":\"BreadcrumbList\",\"@id\":\"https:\/\/site.ginex.es\/index.php\/inicio\/cita-online\/#breadcrumb\",\"itemListElement\":[{\"@type\":\"ListItem\",\"position\":1,\"name\":\"Portada\",\"item\":\"https:\/\/site.ginex.es\/\"},{\"@type\":\"ListItem\",\"position\":2,\"name\":\"Inicio\",\"item\":\"https:\/\/site.ginex.es\/\"},{\"@type\":\"ListItem\",\"position\":3,\"name\":\"Pide Cita\"}]}]}<\/script>\n<!-- \/ Yoast SEO plugin. -->","yoast_head_json":{"title":"Pide Cita - GRUPO GINEX - Ginex Instituto Salamero","robots":{"index":"index","follow":"follow","max-snippet":"max-snippet:-1","max-image-preview":"max-image-preview:large","max-video-preview":"max-video-preview:-1"},"canonical":"https:\/\/site.ginex.es\/index.php\/inicio\/cita-online\/","og_locale":"es_ES","og_type":"article","og_title":"Pide Cita - GRUPO GINEX - Ginex Instituto Salamero","og_url":"https:\/\/site.ginex.es\/index.php\/inicio\/cita-online\/","og_site_name":"GRUPO GINEX - Ginex Instituto Salamero","article_modified_time":"2026-01-28T15:27:05+00:00","twitter_card":"summary_large_image","twitter_misc":{"Tiempo de lectura":"4 minutos"},"schema":{"@context":"https:\/\/schema.org","@graph":[{"@type":"Organization","@id":"https:\/\/site.ginex.es\/#organization","name":"Grupo Ginex Centro de Ginecolog\u00eda y Obstetricia","url":"https:\/\/site.ginex.es\/","sameAs":[],"logo":{"@type":"ImageObject","@id":"https:\/\/site.ginex.es\/#logo","inLanguage":"es","url":"http:\/\/site.ginex.es\/wp-content\/uploads\/2019\/08\/grup_ginex_logo_1.png","contentUrl":"http:\/\/site.ginex.es\/wp-content\/uploads\/2019\/08\/grup_ginex_logo_1.png","width":600,"height":600,"caption":"Grupo Ginex Centro de Ginecolog\u00eda y Obstetricia"},"image":{"@id":"https:\/\/site.ginex.es\/#logo"}},{"@type":"WebSite","@id":"https:\/\/site.ginex.es\/#website","url":"https:\/\/site.ginex.es\/","name":"GRUPO GINEX - Ginex Instituto Salamero","description":"Tu centro ginecol\u00f3gico en Barcelona","publisher":{"@id":"https:\/\/site.ginex.es\/#organization"},"potentialAction":[{"@type":"SearchAction","target":{"@type":"EntryPoint","urlTemplate":"https:\/\/site.ginex.es\/?s={search_term_string}"},"query-input":"required name=search_term_string"}],"inLanguage":"es"},{"@type":"WebPage","@id":"https:\/\/site.ginex.es\/index.php\/inicio\/cita-online\/#webpage","url":"https:\/\/site.ginex.es\/index.php\/inicio\/cita-online\/","name":"Pide Cita - GRUPO GINEX - Ginex Instituto Salamero","isPartOf":{"@id":"https:\/\/site.ginex.es\/#website"},"datePublished":"2019-09-05T10:52:05+00:00","dateModified":"2026-01-28T15:27:05+00:00","breadcrumb":{"@id":"https:\/\/site.ginex.es\/index.php\/inicio\/cita-online\/#breadcrumb"},"inLanguage":"es","potentialAction":[{"@type":"ReadAction","target":["https:\/\/site.ginex.es\/index.php\/inicio\/cita-online\/"]}]},{"@type":"BreadcrumbList","@id":"https:\/\/site.ginex.es\/index.php\/inicio\/cita-online\/#breadcrumb","itemListElement":[{"@type":"ListItem","position":1,"name":"Portada","item":"https:\/\/site.ginex.es\/"},{"@type":"ListItem","position":2,"name":"Inicio","item":"https:\/\/site.ginex.es\/"},{"@type":"ListItem","position":3,"name":"Pide Cita"}]}]}},"jetpack_sharing_enabled":true,"_links":{"self":[{"href":"https:\/\/site.ginex.es\/index.php\/wp-json\/wp\/v2\/pages\/2183"}],"collection":[{"href":"https:\/\/site.ginex.es\/index.php\/wp-json\/wp\/v2\/pages"}],"about":[{"href":"https:\/\/site.ginex.es\/index.php\/wp-json\/wp\/v2\/types\/page"}],"author":[{"embeddable":true,"href":"https:\/\/site.ginex.es\/index.php\/wp-json\/wp\/v2\/users\/2"}],"replies":[{"embeddable":true,"href":"https:\/\/site.ginex.es\/index.php\/wp-json\/wp\/v2\/comments?post=2183"}],"version-history":[{"count":27,"href":"https:\/\/site.ginex.es\/index.php\/wp-json\/wp\/v2\/pages\/2183\/revisions"}],"predecessor-version":[{"id":3132,"href":"https:\/\/site.ginex.es\/index.php\/wp-json\/wp\/v2\/pages\/2183\/revisions\/3132"}],"up":[{"embeddable":true,"href":"https:\/\/site.ginex.es\/index.php\/wp-json\/wp\/v2\/pages\/330"}],"wp:attachment":[{"href":"https:\/\/site.ginex.es\/index.php\/wp-json\/wp\/v2\/media?parent=2183"}],"curies":[{"name":"wp","href":"https:\/\/api.w.org\/{rel}","templated":true}]}}