{"id":954,"date":"2016-07-15T14:19:56","date_gmt":"2016-07-15T12:19:56","guid":{"rendered":"http:\/\/test.kriesi.at\/enfold-medical\/?page_id=954"},"modified":"2025-10-30T10:46:08","modified_gmt":"2025-10-30T09:46:08","slug":"contacto","status":"publish","type":"page","link":"https:\/\/site.ginex.es\/index.php\/inicio\/contacto\/","title":{"rendered":"Contacto"},"content":{"rendered":"<div id='av-layout-grid-1' class='av-layout-grid-container entry-content-wrapper main_color av-fixed-cells   av-small-hide av-mini-hide   avia-builder-el-0  el_before_av_layout_row  avia-builder-el-first   av-cell-min-height av-cell-min-height-50 container_wrap fullsize' style=' '   data-av_minimum_height_pc='50'>\n<div class=\"flex_cell no_margin av_one_half  avia-builder-el-1  el_before_av_cell_one_half  avia-builder-el-first    avia-full-stretch av-zero-padding \" style='background:url(https:\/\/site.ginex.es\/wp-content\/uploads\/2019\/09\/secretaria.jpg) top center no-repeat scroll #22689e; vertical-align:top; padding:0px; background-color:#22689e; '><div class='flex_cell_inner' ><\/div><\/div><div class=\"flex_cell no_margin av_one_half  avia-builder-el-2  el_after_av_cell_one_half  avia-builder-el-last   \" style='background: #22689e; vertical-align:middle; padding:0px 0px 0px 80px ; background-color:#22689e; '><div class='flex_cell_inner' ><div style='padding-bottom:0px; margin:0 0 0 0; color:#ffffff;font-size:34px;' class='av-special-heading av-special-heading-h3 custom-color-heading blockquote modern-quote  avia-builder-el-3  avia-builder-el-no-sibling   av-inherit-size '><h3 class='av-special-heading-tag '  itemprop=\"headline\"  >Contacto<\/h3><div class ='av-subheading av-subheading_below av_custom_color ' style='font-size:15px;'><p>D\u00e9janos tu mensaje<\/p>\n<\/div><div class='special-heading-border'><div class='special-heading-inner-border' style='border-color:#ffffff'><\/div><\/div><\/div>\n<\/div><\/div>\n<\/div>\n<div id='av-layout-grid-2' class='av-layout-grid-container entry-content-wrapper main_color av-fixed-cells   av-desktop-hide av-medium-hide   avia-builder-el-4  el_after_av_layout_row  el_before_av_section   av-cell-min-height av-cell-min-height-50 submenu-not-first container_wrap fullsize' style=' '   data-av_minimum_height_pc='50'>\n<div class=\"flex_cell no_margin av_one_fourth  avia-builder-el-5  el_before_av_cell_three_fourth  avia-builder-el-first    avia-full-stretch av-zero-padding \" style='background:url(https:\/\/site.ginex.es\/wp-content\/uploads\/2019\/09\/secretaria.jpg) top center no-repeat scroll #22689e; vertical-align:top; padding:0px; background-color:#22689e; '><div class='flex_cell_inner' ><\/div><\/div><div class=\"flex_cell no_margin av_three_fourth  avia-builder-el-6  el_after_av_cell_one_fourth  avia-builder-el-last    \" style='background: #22689e; vertical-align:middle; padding:0px 20px 0px 20px ; background-color:#22689e; '><div class='flex_cell_inner' ><div style='padding-bottom:0px; margin:0 0 0 0; color:#ffffff;font-size:34px;' class='av-special-heading av-special-heading-h3 custom-color-heading blockquote modern-quote  avia-builder-el-7  avia-builder-el-no-sibling   av-inherit-size '><h3 class='av-special-heading-tag '  itemprop=\"headline\"  >Contacto<\/h3><div class ='av-subheading av-subheading_below av_custom_color ' style='font-size:15px;'><p>D\u00e9janos tu mensaje<\/p>\n<\/div><div class='special-heading-border'><div class='special-heading-inner-border' style='border-color:#ffffff'><\/div><\/div><\/div>\n<\/div><\/div>\n<\/div>\n<div id='av_section_1' class='avia-section main_color avia-section-default avia-no-border-styling avia-bg-style-scroll  avia-builder-el-8  el_after_av_layout_row  el_before_av_layout_row    container_wrap fullsize' style=' '  ><div class='container' ><div class='template-page content  av-content-full alpha units'><div class='post-entry post-entry-type-page post-entry-954'><div class='entry-content-wrapper clearfix'>\n<div class=\"flex_column av_one_full  flex_column_div av-zero-column-padding first  avia-builder-el-9  el_before_av_one_full  avia-builder-el-first  \" style='border-radius:0px; '><section class=\"av_textblock_section \"  itemscope=\"itemscope\" itemtype=\"https:\/\/schema.org\/CreativeWork\" ><div class='avia_textblock  '   itemprop=\"text\" ><h1>CONTACTO<\/h1>\n<p>Si desea enviar alguna sugerencia o pregunta sobre alguno de los temas presentes en la Web, puede realizarlo desde esta p\u00e1gina.<\/p>\n<p>Rellene los campos del formulario que aparece a continuaci\u00f3n y pulse sobre el bot\u00f3n Enviar.<\/p>\n<\/div><\/section><\/div><div class=\"flex_column av_one_full  flex_column_div av-zero-column-padding first  avia-builder-el-11  el_after_av_one_full  avia-builder-el-last  column-top-margin\" style='border-radius:0px; '><form action=\"https:\/\/site.ginex.es\/index.php\/inicio\/contacto\/\" method=\"post\"  class=\"avia_ajax_form av-form-labels-visible   avia-builder-el-12  avia-builder-el-no-sibling    \" data-avia-form-id=\"1\" data-avia-redirect=''><fieldset><h3>DATOS<\/h3><p class=' first_form  form_element form_element_half' id='element_avia_1_1'><label for=\"avia_1_1\">Nombre <abbr class=\"required\" title=\"requerido\">*<\/abbr><\/label> <input name=\"avia_1_1\" class=\"text_input is_empty\" type=\"text\" id=\"avia_1_1\" value=\"\" \/><\/p><p class=' form_element form_element_half' id='element_avia_2_1'><label for=\"avia_2_1\">Apellido <abbr class=\"required\" title=\"requerido\">*<\/abbr><\/label> <input name=\"avia_2_1\" class=\"text_input is_empty\" type=\"text\" id=\"avia_2_1\" value=\"\" \/><\/p><p class=' first_form  form_element form_element_half' id='element_avia_3_1'><label for=\"avia_3_1\">Correo electr\u00f3nico<\/label> <input name=\"avia_3_1\" class=\"text_input \" type=\"text\" id=\"avia_3_1\" value=\"\" \/><\/p><p class=' form_element form_element_half' id='element_avia_4_1'><label for=\"avia_4_1\">Tel\u00e9fono<\/label> <input name=\"avia_4_1\" class=\"text_input \" type=\"text\" id=\"avia_4_1\" value=\"\" \/><\/p><p class=' first_form  form_element form_fullwidth' id='element_avia_5_1'><label for=\"avia_5_1\">Asunto <abbr class=\"required\" title=\"requerido\">*<\/abbr><\/label> <input name=\"avia_5_1\" class=\"text_input is_empty\" type=\"text\" id=\"avia_5_1\" value=\"\" \/><\/p><p class=' first_form  form_element form_fullwidth' id='element_avia_6_1'>\t <label for=\"avia_6_1\" class=\"textare_label hidden textare_label_avia_6_1\">Mensaje <abbr class=\"required\" title=\"requerido\">*<\/abbr><\/label>\t <textarea  name=\"avia_6_1\" class=\"text_area is_empty\" cols=\"40\" rows=\"7\" id=\"avia_6_1\" ><\/textarea><\/p><p class=' first_form  form_element form_fullwidth' id='element_avia_7_1'>    <input  name=\"avia_7_1\" class=\"input_checkbox is_empty\" type=\"checkbox\" id=\"avia_7_1\" value=\"true\"\/><label class=\"input_checkbox_label\" for=\"avia_7_1\">\tHe le\u00eddo y acepto la Pol\u00edtica de privacidad y condiciones de uso y declaro ser mayor de 16 a\u00f1os  <abbr class=\"required\" title=\"requerido\">*<\/abbr><\/label><\/p><p class=\"hidden\"><input type=\"text\" name=\"avia_8_1\" class=\"hidden \" id=\"avia_8_1\" value=\"\" \/><\/p><p class='' id='element_avia_9_1'>    <span class='value_verifier_label'>2 + 0 = ?<\/span>    <input name=\"avia_9_1_verifier\" type=\"hidden\" id=\"avia_9_1_verifier\" value=\"627387751\"\/><label for=\"avia_9_1\">Para mayor seguridad, responde la siguiente pregunta <abbr class=\"required\" title=\"requerido\">*<\/abbr><\/label>    <input name=\"avia_9_1\" class=\"text_input captcha\" type=\"text\" id=\"avia_9_1\" value=\"\"\/><\/p><p class=\"form_element \"><input type=\"hidden\" value=\"1\" name=\"avia_generated_form1\" \/><input type=\"submit\" value=\"Enviar\" class=\"button\"  data-sending-label=\"Enviando\"\/><\/p><\/fieldset><\/form><div id=\"ajaxresponse_1\" class=\"ajaxresponse ajaxresponse_1 hidden\"><\/div><\/div><\/div><\/div><\/div><!-- close content main div --><\/div><\/div><div id='av-layout-grid-3' class='av-layout-grid-container entry-content-wrapper main_color av-flex-cells     avia-builder-el-13  el_after_av_section  avia-builder-el-last  submenu-not-first container_wrap fullsize' style=' '  >\n<div class=\"flex_cell no_margin av_one_fourth  avia-builder-el-14  el_before_av_cell_one_fourth  avia-builder-el-first   avia-full-stretch \" style='background: #007ac1; vertical-align:middle; padding:80px 50px 80px 50px ; background-color:#007ac1; '><div class='flex_cell_inner' ><div class=\"avia-animated-number av-force-default-color  avia-color-font-custom  avia-builder-el-15  avia-builder-el-no-sibling   avia_animate_when_visible\" style='color:#ffffff;' data-timer=\"3000\"><strong class=\"heading avia-animated-number-title\" style='font-size:34px;'><span class=\"avia-single-number __av-single-number\" data-number_format=\"\" data-number=\"20000\">20000<\/span><span class=\"avia-no-number\"> Partos<\/span><\/strong><div class='avia-animated-number-content' style='font-size:20px;'><p>asistidos<\/p>\n<\/div><\/div>\n<\/div><\/div><div class=\"flex_cell no_margin av_one_fourth  avia-builder-el-16  el_after_av_cell_one_fourth  el_before_av_cell_one_fourth   avia-full-stretch \" style='vertical-align:middle; padding:80px 50px 80px 50px ; background-color:#379cd6; '><div class='flex_cell_inner' ><div class=\"avia-animated-number av-force-default-color  avia-color-font-custom  avia-builder-el-17  avia-builder-el-no-sibling   avia_animate_when_visible\" style='color:#ffffff;' data-timer=\"3000\"><strong class=\"heading avia-animated-number-title\" style='font-size:34px;'><span class=\"avia-single-number __av-single-number\" data-number_format=\"\" data-number=\"300000\">300000<\/span><span class=\"avia-no-number\"> Consultas<\/span><\/strong><div class='avia-animated-number-content' style='font-size:20px;'><p>realizadas<\/p>\n<\/div><\/div>\n<\/div><\/div><div class=\"flex_cell no_margin av_one_fourth  avia-builder-el-18  el_after_av_cell_one_fourth  el_before_av_cell_one_fourth   avia-full-stretch \" style='vertical-align:middle; padding:80px 50px 80px 50px ; background-color:#5fb4e4; '><div class='flex_cell_inner' ><div class=\"avia-animated-number av-force-default-color  avia-color-font-custom  avia-builder-el-19  avia-builder-el-no-sibling   avia_animate_when_visible\" style='color:#ffffff;' data-timer=\"3000\"><strong class=\"heading avia-animated-number-title\" style='font-size:34px;'><span class=\"avia-single-number __av-single-number\" data-number_format=\"\" data-number=\"25\">25<\/span><span class=\"avia-no-number\"> Doctores<\/span><\/strong><div class='avia-animated-number-content' style='font-size:20px;'><p>cuidando tu salud<\/p>\n<\/div><\/div>\n<\/div><\/div><div class=\"flex_cell no_margin av_one_fourth  avia-builder-el-20  el_after_av_cell_one_fourth  avia-builder-el-last   avia-full-stretch \" style='vertical-align:middle; padding:80px 50px 80px 50px ; background-color:#80c7ef; '><div class='flex_cell_inner' ><div class=\"avia-animated-number av-force-default-color  avia-color-font-custom  avia-builder-el-21  avia-builder-el-no-sibling   avia_animate_when_visible\" style='color:#ffffff;' data-timer=\"3000\"><strong class=\"heading avia-animated-number-title\" style='font-size:34px;'><span class=\"avia-single-number __av-single-number\" data-number_format=\"\" data-number=\"70\">70<\/span><span class=\"avia-no-number\"> A\u00f1os<\/span><\/strong><div class='avia-animated-number-content' style='font-size:20px;'><p>de experiencia<\/p>\n<\/div><\/div>\n<\/div><\/div>\n<\/div><\/p>\n","protected":false},"excerpt":{"rendered":"","protected":false},"author":1,"featured_media":0,"parent":330,"menu_order":0,"comment_status":"closed","ping_status":"closed","template":"","meta":{"spay_email":""},"yoast_head":"<!-- This site is optimized with the Yoast SEO plugin v17.5 - https:\/\/yoast.com\/wordpress\/plugins\/seo\/ -->\n<title>Contacto - GRUPO GINEX - Ginex Instituto Salamero<\/title>\n<meta name=\"robots\" content=\"index, follow, max-snippet:-1, max-image-preview:large, max-video-preview:-1\" \/>\n<link rel=\"canonical\" href=\"https:\/\/site.ginex.es\/index.php\/inicio\/contacto\/\" \/>\n<meta property=\"og:locale\" content=\"es_ES\" \/>\n<meta property=\"og:type\" content=\"article\" \/>\n<meta property=\"og:title\" content=\"Contacto - GRUPO GINEX - Ginex Instituto Salamero\" \/>\n<meta property=\"og:url\" content=\"https:\/\/site.ginex.es\/index.php\/inicio\/contacto\/\" \/>\n<meta property=\"og:site_name\" content=\"GRUPO GINEX - Ginex Instituto Salamero\" \/>\n<meta property=\"article:modified_time\" content=\"2025-10-30T09:46:08+00:00\" \/>\n<meta name=\"twitter:card\" content=\"summary_large_image\" \/>\n<meta name=\"twitter:label1\" content=\"Tiempo de lectura\" \/>\n\t<meta name=\"twitter:data1\" content=\"3 minutos\" \/>\n<script type=\"application\/ld+json\" class=\"yoast-schema-graph\">{\"@context\":\"https:\/\/schema.org\",\"@graph\":[{\"@type\":\"Organization\",\"@id\":\"https:\/\/site.ginex.es\/#organization\",\"name\":\"Grupo Ginex Centro de Ginecolog\\u00eda y Obstetricia\",\"url\":\"https:\/\/site.ginex.es\/\",\"sameAs\":[],\"logo\":{\"@type\":\"ImageObject\",\"@id\":\"https:\/\/site.ginex.es\/#logo\",\"inLanguage\":\"es\",\"url\":\"http:\/\/site.ginex.es\/wp-content\/uploads\/2019\/08\/grup_ginex_logo_1.png\",\"contentUrl\":\"http:\/\/site.ginex.es\/wp-content\/uploads\/2019\/08\/grup_ginex_logo_1.png\",\"width\":600,\"height\":600,\"caption\":\"Grupo Ginex Centro de Ginecolog\\u00eda y Obstetricia\"},\"image\":{\"@id\":\"https:\/\/site.ginex.es\/#logo\"}},{\"@type\":\"WebSite\",\"@id\":\"https:\/\/site.ginex.es\/#website\",\"url\":\"https:\/\/site.ginex.es\/\",\"name\":\"GRUPO GINEX - Ginex Instituto Salamero\",\"description\":\"Tu centro ginecol\\u00f3gico en Barcelona\",\"publisher\":{\"@id\":\"https:\/\/site.ginex.es\/#organization\"},\"potentialAction\":[{\"@type\":\"SearchAction\",\"target\":{\"@type\":\"EntryPoint\",\"urlTemplate\":\"https:\/\/site.ginex.es\/?s={search_term_string}\"},\"query-input\":\"required name=search_term_string\"}],\"inLanguage\":\"es\"},{\"@type\":\"WebPage\",\"@id\":\"https:\/\/site.ginex.es\/index.php\/inicio\/contacto\/#webpage\",\"url\":\"https:\/\/site.ginex.es\/index.php\/inicio\/contacto\/\",\"name\":\"Contacto - GRUPO GINEX - Ginex Instituto Salamero\",\"isPartOf\":{\"@id\":\"https:\/\/site.ginex.es\/#website\"},\"datePublished\":\"2016-07-15T12:19:56+00:00\",\"dateModified\":\"2025-10-30T09:46:08+00:00\",\"breadcrumb\":{\"@id\":\"https:\/\/site.ginex.es\/index.php\/inicio\/contacto\/#breadcrumb\"},\"inLanguage\":\"es\",\"potentialAction\":[{\"@type\":\"ReadAction\",\"target\":[\"https:\/\/site.ginex.es\/index.php\/inicio\/contacto\/\"]}]},{\"@type\":\"BreadcrumbList\",\"@id\":\"https:\/\/site.ginex.es\/index.php\/inicio\/contacto\/#breadcrumb\",\"itemListElement\":[{\"@type\":\"ListItem\",\"position\":1,\"name\":\"Portada\",\"item\":\"https:\/\/site.ginex.es\/\"},{\"@type\":\"ListItem\",\"position\":2,\"name\":\"Inicio\",\"item\":\"https:\/\/site.ginex.es\/\"},{\"@type\":\"ListItem\",\"position\":3,\"name\":\"Contacto\"}]}]}<\/script>\n<!-- \/ Yoast SEO plugin. -->","yoast_head_json":{"title":"Contacto - GRUPO GINEX - Ginex Instituto Salamero","robots":{"index":"index","follow":"follow","max-snippet":"max-snippet:-1","max-image-preview":"max-image-preview:large","max-video-preview":"max-video-preview:-1"},"canonical":"https:\/\/site.ginex.es\/index.php\/inicio\/contacto\/","og_locale":"es_ES","og_type":"article","og_title":"Contacto - GRUPO GINEX - Ginex Instituto Salamero","og_url":"https:\/\/site.ginex.es\/index.php\/inicio\/contacto\/","og_site_name":"GRUPO GINEX - Ginex Instituto Salamero","article_modified_time":"2025-10-30T09:46:08+00:00","twitter_card":"summary_large_image","twitter_misc":{"Tiempo de lectura":"3 minutos"},"schema":{"@context":"https:\/\/schema.org","@graph":[{"@type":"Organization","@id":"https:\/\/site.ginex.es\/#organization","name":"Grupo Ginex Centro de Ginecolog\u00eda y Obstetricia","url":"https:\/\/site.ginex.es\/","sameAs":[],"logo":{"@type":"ImageObject","@id":"https:\/\/site.ginex.es\/#logo","inLanguage":"es","url":"http:\/\/site.ginex.es\/wp-content\/uploads\/2019\/08\/grup_ginex_logo_1.png","contentUrl":"http:\/\/site.ginex.es\/wp-content\/uploads\/2019\/08\/grup_ginex_logo_1.png","width":600,"height":600,"caption":"Grupo Ginex Centro de Ginecolog\u00eda y Obstetricia"},"image":{"@id":"https:\/\/site.ginex.es\/#logo"}},{"@type":"WebSite","@id":"https:\/\/site.ginex.es\/#website","url":"https:\/\/site.ginex.es\/","name":"GRUPO GINEX - Ginex Instituto Salamero","description":"Tu centro ginecol\u00f3gico en Barcelona","publisher":{"@id":"https:\/\/site.ginex.es\/#organization"},"potentialAction":[{"@type":"SearchAction","target":{"@type":"EntryPoint","urlTemplate":"https:\/\/site.ginex.es\/?s={search_term_string}"},"query-input":"required name=search_term_string"}],"inLanguage":"es"},{"@type":"WebPage","@id":"https:\/\/site.ginex.es\/index.php\/inicio\/contacto\/#webpage","url":"https:\/\/site.ginex.es\/index.php\/inicio\/contacto\/","name":"Contacto - GRUPO GINEX - Ginex Instituto Salamero","isPartOf":{"@id":"https:\/\/site.ginex.es\/#website"},"datePublished":"2016-07-15T12:19:56+00:00","dateModified":"2025-10-30T09:46:08+00:00","breadcrumb":{"@id":"https:\/\/site.ginex.es\/index.php\/inicio\/contacto\/#breadcrumb"},"inLanguage":"es","potentialAction":[{"@type":"ReadAction","target":["https:\/\/site.ginex.es\/index.php\/inicio\/contacto\/"]}]},{"@type":"BreadcrumbList","@id":"https:\/\/site.ginex.es\/index.php\/inicio\/contacto\/#breadcrumb","itemListElement":[{"@type":"ListItem","position":1,"name":"Portada","item":"https:\/\/site.ginex.es\/"},{"@type":"ListItem","position":2,"name":"Inicio","item":"https:\/\/site.ginex.es\/"},{"@type":"ListItem","position":3,"name":"Contacto"}]}]}},"jetpack_sharing_enabled":true,"_links":{"self":[{"href":"https:\/\/site.ginex.es\/index.php\/wp-json\/wp\/v2\/pages\/954"}],"collection":[{"href":"https:\/\/site.ginex.es\/index.php\/wp-json\/wp\/v2\/pages"}],"about":[{"href":"https:\/\/site.ginex.es\/index.php\/wp-json\/wp\/v2\/types\/page"}],"author":[{"embeddable":true,"href":"https:\/\/site.ginex.es\/index.php\/wp-json\/wp\/v2\/users\/1"}],"replies":[{"embeddable":true,"href":"https:\/\/site.ginex.es\/index.php\/wp-json\/wp\/v2\/comments?post=954"}],"version-history":[{"count":32,"href":"https:\/\/site.ginex.es\/index.php\/wp-json\/wp\/v2\/pages\/954\/revisions"}],"predecessor-version":[{"id":3131,"href":"https:\/\/site.ginex.es\/index.php\/wp-json\/wp\/v2\/pages\/954\/revisions\/3131"}],"up":[{"embeddable":true,"href":"https:\/\/site.ginex.es\/index.php\/wp-json\/wp\/v2\/pages\/330"}],"wp:attachment":[{"href":"https:\/\/site.ginex.es\/index.php\/wp-json\/wp\/v2\/media?parent=954"}],"curies":[{"name":"wp","href":"https:\/\/api.w.org\/{rel}","templated":true}]}}