{"id":2906,"date":"2021-11-04T19:46:13","date_gmt":"2021-11-04T18:46:13","guid":{"rendered":"http:\/\/site.ginex.es\/?post_type=product&#038;p=2906"},"modified":"2021-11-22T16:08:09","modified_gmt":"2021-11-22T15:08:09","slug":"meno","status":"publish","type":"product","link":"https:\/\/site.ginex.es\/index.php\/producto\/meno\/","title":{"rendered":"MENO"},"content":{"rendered":"<p>Complemento alimenticio compuesto por Ios minerales\u00a0y\u00a0vitaminas\u00a0adecuados\u00a0para\u00a0suplementar\u00a0Ia\u00a0dieta.<br \/>\nSu composici\u00f3n la hace ideal tanto para el embarazo y postparto como para cualquier tipo de estado carencial, pre y post-operatorios.<br \/>\nAl a\u00f1adir jengibre al preparado mejora Ia sintomatolog\u00eda del primer trimestre especialmente las n\u00e1useas y v\u00f3mitos y aumenta Ia producci\u00f3n de leche en la lactancia.<br \/>\n<strong>30 C\u00e1psulas + 30 Perlas<\/strong><\/p>\n","protected":false},"excerpt":{"rendered":"<p>Complemento alimenticio compuesto por Ios minerales\u00a0y\u00a0vitaminas\u00a0adecuados\u00a0para\u00a0suplementar\u00a0Ia\u00a0dieta. Su composici\u00f3n la hace ideal tanto para el embarazo y postparto como para cualquier tipo de estado carencial, pre y post-operatorios. Al a\u00f1adir jengibre al preparado mejora Ia sintomatolog\u00eda del primer trimestre especialmente las n\u00e1useas y v\u00f3mitos y aumenta Ia producci\u00f3n de leche en la lactancia. 30 C\u00e1psulas + [&hellip;]<\/p>\n","protected":false},"featured_media":2615,"comment_status":"open","ping_status":"closed","template":"","meta":{"spay_email":""},"product_cat":[40],"product_tag":[],"yoast_head":"<!-- This site is optimized with the Yoast SEO plugin v17.5 - https:\/\/yoast.com\/wordpress\/plugins\/seo\/ -->\n<title>MENO - GRUPO GINEX - Ginex Instituto Salamero<\/title>\n<meta name=\"robots\" content=\"index, follow, max-snippet:-1, max-image-preview:large, max-video-preview:-1\" \/>\n<link rel=\"canonical\" href=\"https:\/\/site.ginex.es\/index.php\/producto\/meno\/\" \/>\n<meta property=\"og:locale\" content=\"es_ES\" \/>\n<meta property=\"og:type\" content=\"article\" \/>\n<meta property=\"og:title\" content=\"MENO - GRUPO GINEX - Ginex Instituto Salamero\" \/>\n<meta property=\"og:description\" content=\"Complemento alimenticio compuesto por Ios minerales\u00a0y\u00a0vitaminas\u00a0adecuados\u00a0para\u00a0suplementar\u00a0Ia\u00a0dieta. Su composici\u00f3n la hace ideal tanto para el embarazo y postparto como para cualquier tipo de estado carencial, pre y post-operatorios. Al a\u00f1adir jengibre al preparado mejora Ia sintomatolog\u00eda del primer trimestre especialmente las n\u00e1useas y v\u00f3mitos y aumenta Ia producci\u00f3n de leche en la lactancia. 30 C\u00e1psulas + [&hellip;]\" \/>\n<meta property=\"og:url\" content=\"https:\/\/site.ginex.es\/index.php\/producto\/meno\/\" \/>\n<meta property=\"og:site_name\" content=\"GRUPO GINEX - Ginex Instituto Salamero\" \/>\n<meta property=\"article:modified_time\" content=\"2021-11-22T15:08:09+00:00\" \/>\n<meta property=\"og:image\" content=\"https:\/\/site.ginex.es\/wp-content\/uploads\/2019\/10\/meno.jpg\" \/>\n\t<meta property=\"og:image:width\" content=\"450\" \/>\n\t<meta property=\"og:image:height\" content=\"450\" \/>\n<meta name=\"twitter:card\" content=\"summary_large_image\" \/>\n<meta name=\"twitter:label1\" content=\"Tiempo de lectura\" \/>\n\t<meta name=\"twitter:data1\" content=\"1 minuto\" \/>\n<script type=\"application\/ld+json\" class=\"yoast-schema-graph\">{\"@context\":\"https:\/\/schema.org\",\"@graph\":[{\"@type\":\"Organization\",\"@id\":\"https:\/\/site.ginex.es\/#organization\",\"name\":\"Grupo Ginex Centro de Ginecolog\\u00eda y Obstetricia\",\"url\":\"https:\/\/site.ginex.es\/\",\"sameAs\":[],\"logo\":{\"@type\":\"ImageObject\",\"@id\":\"https:\/\/site.ginex.es\/#logo\",\"inLanguage\":\"es\",\"url\":\"http:\/\/site.ginex.es\/wp-content\/uploads\/2019\/08\/grup_ginex_logo_1.png\",\"contentUrl\":\"http:\/\/site.ginex.es\/wp-content\/uploads\/2019\/08\/grup_ginex_logo_1.png\",\"width\":600,\"height\":600,\"caption\":\"Grupo Ginex Centro de Ginecolog\\u00eda y Obstetricia\"},\"image\":{\"@id\":\"https:\/\/site.ginex.es\/#logo\"}},{\"@type\":\"WebSite\",\"@id\":\"https:\/\/site.ginex.es\/#website\",\"url\":\"https:\/\/site.ginex.es\/\",\"name\":\"GRUPO GINEX - Ginex Instituto Salamero\",\"description\":\"Tu centro ginecol\\u00f3gico en Barcelona\",\"publisher\":{\"@id\":\"https:\/\/site.ginex.es\/#organization\"},\"potentialAction\":[{\"@type\":\"SearchAction\",\"target\":{\"@type\":\"EntryPoint\",\"urlTemplate\":\"https:\/\/site.ginex.es\/?s={search_term_string}\"},\"query-input\":\"required name=search_term_string\"}],\"inLanguage\":\"es\"},{\"@type\":\"ImageObject\",\"@id\":\"https:\/\/site.ginex.es\/index.php\/producto\/meno\/#primaryimage\",\"inLanguage\":\"es\",\"url\":\"https:\/\/site.ginex.es\/wp-content\/uploads\/2019\/10\/meno.jpg\",\"contentUrl\":\"https:\/\/site.ginex.es\/wp-content\/uploads\/2019\/10\/meno.jpg\",\"width\":450,\"height\":450,\"caption\":\"MENO\"},{\"@type\":\"WebPage\",\"@id\":\"https:\/\/site.ginex.es\/index.php\/producto\/meno\/#webpage\",\"url\":\"https:\/\/site.ginex.es\/index.php\/producto\/meno\/\",\"name\":\"MENO - GRUPO GINEX - Ginex Instituto Salamero\",\"isPartOf\":{\"@id\":\"https:\/\/site.ginex.es\/#website\"},\"primaryImageOfPage\":{\"@id\":\"https:\/\/site.ginex.es\/index.php\/producto\/meno\/#primaryimage\"},\"datePublished\":\"2021-11-04T18:46:13+00:00\",\"dateModified\":\"2021-11-22T15:08:09+00:00\",\"breadcrumb\":{\"@id\":\"https:\/\/site.ginex.es\/index.php\/producto\/meno\/#breadcrumb\"},\"inLanguage\":\"es\",\"potentialAction\":[{\"@type\":\"ReadAction\",\"target\":[\"https:\/\/site.ginex.es\/index.php\/producto\/meno\/\"]}]},{\"@type\":\"BreadcrumbList\",\"@id\":\"https:\/\/site.ginex.es\/index.php\/producto\/meno\/#breadcrumb\",\"itemListElement\":[{\"@type\":\"ListItem\",\"position\":1,\"name\":\"Portada\",\"item\":\"https:\/\/site.ginex.es\/\"},{\"@type\":\"ListItem\",\"position\":2,\"name\":\"Tienda\",\"item\":\"https:\/\/site.ginex.es\/index.php\/tienda\/\"},{\"@type\":\"ListItem\",\"position\":3,\"name\":\"MENO\"}]}]}<\/script>\n<!-- \/ Yoast SEO plugin. -->","yoast_head_json":{"title":"MENO - GRUPO GINEX - Ginex Instituto Salamero","robots":{"index":"index","follow":"follow","max-snippet":"max-snippet:-1","max-image-preview":"max-image-preview:large","max-video-preview":"max-video-preview:-1"},"canonical":"https:\/\/site.ginex.es\/index.php\/producto\/meno\/","og_locale":"es_ES","og_type":"article","og_title":"MENO - GRUPO GINEX - Ginex Instituto Salamero","og_description":"Complemento alimenticio compuesto por Ios minerales\u00a0y\u00a0vitaminas\u00a0adecuados\u00a0para\u00a0suplementar\u00a0Ia\u00a0dieta. Su composici\u00f3n la hace ideal tanto para el embarazo y postparto como para cualquier tipo de estado carencial, pre y post-operatorios. Al a\u00f1adir jengibre al preparado mejora Ia sintomatolog\u00eda del primer trimestre especialmente las n\u00e1useas y v\u00f3mitos y aumenta Ia producci\u00f3n de leche en la lactancia. 30 C\u00e1psulas + [&hellip;]","og_url":"https:\/\/site.ginex.es\/index.php\/producto\/meno\/","og_site_name":"GRUPO GINEX - Ginex Instituto Salamero","article_modified_time":"2021-11-22T15:08:09+00:00","og_image":[{"width":450,"height":450,"url":"https:\/\/site.ginex.es\/wp-content\/uploads\/2019\/10\/meno.jpg","type":"image\/jpeg"}],"twitter_card":"summary_large_image","twitter_misc":{"Tiempo de lectura":"1 minuto"},"schema":{"@context":"https:\/\/schema.org","@graph":[{"@type":"Organization","@id":"https:\/\/site.ginex.es\/#organization","name":"Grupo Ginex Centro de Ginecolog\u00eda y Obstetricia","url":"https:\/\/site.ginex.es\/","sameAs":[],"logo":{"@type":"ImageObject","@id":"https:\/\/site.ginex.es\/#logo","inLanguage":"es","url":"http:\/\/site.ginex.es\/wp-content\/uploads\/2019\/08\/grup_ginex_logo_1.png","contentUrl":"http:\/\/site.ginex.es\/wp-content\/uploads\/2019\/08\/grup_ginex_logo_1.png","width":600,"height":600,"caption":"Grupo Ginex Centro de Ginecolog\u00eda y Obstetricia"},"image":{"@id":"https:\/\/site.ginex.es\/#logo"}},{"@type":"WebSite","@id":"https:\/\/site.ginex.es\/#website","url":"https:\/\/site.ginex.es\/","name":"GRUPO GINEX - Ginex Instituto Salamero","description":"Tu centro ginecol\u00f3gico en Barcelona","publisher":{"@id":"https:\/\/site.ginex.es\/#organization"},"potentialAction":[{"@type":"SearchAction","target":{"@type":"EntryPoint","urlTemplate":"https:\/\/site.ginex.es\/?s={search_term_string}"},"query-input":"required name=search_term_string"}],"inLanguage":"es"},{"@type":"ImageObject","@id":"https:\/\/site.ginex.es\/index.php\/producto\/meno\/#primaryimage","inLanguage":"es","url":"https:\/\/site.ginex.es\/wp-content\/uploads\/2019\/10\/meno.jpg","contentUrl":"https:\/\/site.ginex.es\/wp-content\/uploads\/2019\/10\/meno.jpg","width":450,"height":450,"caption":"MENO"},{"@type":"WebPage","@id":"https:\/\/site.ginex.es\/index.php\/producto\/meno\/#webpage","url":"https:\/\/site.ginex.es\/index.php\/producto\/meno\/","name":"MENO - GRUPO GINEX - Ginex Instituto Salamero","isPartOf":{"@id":"https:\/\/site.ginex.es\/#website"},"primaryImageOfPage":{"@id":"https:\/\/site.ginex.es\/index.php\/producto\/meno\/#primaryimage"},"datePublished":"2021-11-04T18:46:13+00:00","dateModified":"2021-11-22T15:08:09+00:00","breadcrumb":{"@id":"https:\/\/site.ginex.es\/index.php\/producto\/meno\/#breadcrumb"},"inLanguage":"es","potentialAction":[{"@type":"ReadAction","target":["https:\/\/site.ginex.es\/index.php\/producto\/meno\/"]}]},{"@type":"BreadcrumbList","@id":"https:\/\/site.ginex.es\/index.php\/producto\/meno\/#breadcrumb","itemListElement":[{"@type":"ListItem","position":1,"name":"Portada","item":"https:\/\/site.ginex.es\/"},{"@type":"ListItem","position":2,"name":"Tienda","item":"https:\/\/site.ginex.es\/index.php\/tienda\/"},{"@type":"ListItem","position":3,"name":"MENO"}]}]}},"jetpack_sharing_enabled":true,"_links":{"self":[{"href":"https:\/\/site.ginex.es\/index.php\/wp-json\/wp\/v2\/product\/2906"}],"collection":[{"href":"https:\/\/site.ginex.es\/index.php\/wp-json\/wp\/v2\/product"}],"about":[{"href":"https:\/\/site.ginex.es\/index.php\/wp-json\/wp\/v2\/types\/product"}],"replies":[{"embeddable":true,"href":"https:\/\/site.ginex.es\/index.php\/wp-json\/wp\/v2\/comments?post=2906"}],"wp:featuredmedia":[{"embeddable":true,"href":"https:\/\/site.ginex.es\/index.php\/wp-json\/wp\/v2\/media\/2615"}],"wp:attachment":[{"href":"https:\/\/site.ginex.es\/index.php\/wp-json\/wp\/v2\/media?parent=2906"}],"wp:term":[{"taxonomy":"product_cat","embeddable":true,"href":"https:\/\/site.ginex.es\/index.php\/wp-json\/wp\/v2\/product_cat?post=2906"},{"taxonomy":"product_tag","embeddable":true,"href":"https:\/\/site.ginex.es\/index.php\/wp-json\/wp\/v2\/product_tag?post=2906"}],"curies":[{"name":"wp","href":"https:\/\/api.w.org\/{rel}","templated":true}]}}