{"id":2937,"date":"2021-11-22T16:18:57","date_gmt":"2021-11-22T15:18:57","guid":{"rendered":"https:\/\/site.ginex.es\/?post_type=product&#038;p=2937"},"modified":"2021-11-22T16:22:05","modified_gmt":"2021-11-22T15:22:05","slug":"essential","status":"publish","type":"product","link":"https:\/\/site.ginex.es\/index.php\/producto\/essential\/","title":{"rendered":"ESSENTIAL"},"content":{"rendered":"<p>GINEX Essential<br \/>\nFormulado 100%a base de aceites de origen natural que calman, protegen y regeneran la zona \u00edntima. Aceite \u00edntimo de uso diario que calma el prurito y la irritaci\u00f3n de toda la zona de la vulva. Coadyuvante en tratamientos contra la cistitis, las c\u00e1ndidas, la va-ginitis o cualquier trastorno que afecte a la zona \u00edntima. Reduce la sequedad en la etapa de la meno-pausia. Apto durante las relaciones sexuales y en el embarazo.<br \/>\n<strong>30 ml<\/strong><\/p>\n","protected":false},"excerpt":{"rendered":"<p>GINEX Essential Formulado 100%a base de aceites de origen natural que calman, protegen y regeneran la zona \u00edntima. Aceite \u00edntimo de uso diario que calma el prurito y la irritaci\u00f3n de toda la zona de la vulva. Coadyuvante en tratamientos contra la cistitis, las c\u00e1ndidas, la va-ginitis o cualquier trastorno que afecte a la zona [&hellip;]<\/p>\n","protected":false},"featured_media":2836,"comment_status":"open","ping_status":"closed","template":"","meta":{"spay_email":""},"product_cat":[42],"product_tag":[],"yoast_head":"<!-- This site is optimized with the Yoast SEO plugin v17.5 - https:\/\/yoast.com\/wordpress\/plugins\/seo\/ -->\n<title>ESSENTIAL - GRUPO GINEX - Ginex Instituto Salamero<\/title>\n<meta name=\"robots\" content=\"index, follow, max-snippet:-1, max-image-preview:large, max-video-preview:-1\" \/>\n<link rel=\"canonical\" href=\"https:\/\/site.ginex.es\/index.php\/producto\/essential\/\" \/>\n<meta property=\"og:locale\" content=\"es_ES\" \/>\n<meta property=\"og:type\" content=\"article\" \/>\n<meta property=\"og:title\" content=\"ESSENTIAL - GRUPO GINEX - Ginex Instituto Salamero\" \/>\n<meta property=\"og:description\" content=\"GINEX Essential Formulado 100%a base de aceites de origen natural que calman, protegen y regeneran la zona \u00edntima. Aceite \u00edntimo de uso diario que calma el prurito y la irritaci\u00f3n de toda la zona de la vulva. Coadyuvante en tratamientos contra la cistitis, las c\u00e1ndidas, la va-ginitis o cualquier trastorno que afecte a la zona [&hellip;]\" \/>\n<meta property=\"og:url\" content=\"https:\/\/site.ginex.es\/index.php\/producto\/essential\/\" \/>\n<meta property=\"og:site_name\" content=\"GRUPO GINEX - Ginex Instituto Salamero\" \/>\n<meta property=\"article:modified_time\" content=\"2021-11-22T15:22:05+00:00\" \/>\n<meta property=\"og:image\" content=\"https:\/\/site.ginex.es\/wp-content\/uploads\/2020\/07\/Ginex-essential-1.png\" \/>\n\t<meta property=\"og:image:width\" content=\"450\" \/>\n\t<meta property=\"og:image:height\" content=\"450\" \/>\n<meta name=\"twitter:card\" content=\"summary_large_image\" \/>\n<meta name=\"twitter:label1\" content=\"Tiempo de lectura\" \/>\n\t<meta name=\"twitter:data1\" content=\"1 minuto\" \/>\n<script type=\"application\/ld+json\" class=\"yoast-schema-graph\">{\"@context\":\"https:\/\/schema.org\",\"@graph\":[{\"@type\":\"Organization\",\"@id\":\"https:\/\/site.ginex.es\/#organization\",\"name\":\"Grupo Ginex Centro de Ginecolog\\u00eda y Obstetricia\",\"url\":\"https:\/\/site.ginex.es\/\",\"sameAs\":[],\"logo\":{\"@type\":\"ImageObject\",\"@id\":\"https:\/\/site.ginex.es\/#logo\",\"inLanguage\":\"es\",\"url\":\"http:\/\/site.ginex.es\/wp-content\/uploads\/2019\/08\/grup_ginex_logo_1.png\",\"contentUrl\":\"http:\/\/site.ginex.es\/wp-content\/uploads\/2019\/08\/grup_ginex_logo_1.png\",\"width\":600,\"height\":600,\"caption\":\"Grupo Ginex Centro de Ginecolog\\u00eda y Obstetricia\"},\"image\":{\"@id\":\"https:\/\/site.ginex.es\/#logo\"}},{\"@type\":\"WebSite\",\"@id\":\"https:\/\/site.ginex.es\/#website\",\"url\":\"https:\/\/site.ginex.es\/\",\"name\":\"GRUPO GINEX - Ginex Instituto Salamero\",\"description\":\"Tu centro ginecol\\u00f3gico en Barcelona\",\"publisher\":{\"@id\":\"https:\/\/site.ginex.es\/#organization\"},\"potentialAction\":[{\"@type\":\"SearchAction\",\"target\":{\"@type\":\"EntryPoint\",\"urlTemplate\":\"https:\/\/site.ginex.es\/?s={search_term_string}\"},\"query-input\":\"required name=search_term_string\"}],\"inLanguage\":\"es\"},{\"@type\":\"ImageObject\",\"@id\":\"https:\/\/site.ginex.es\/index.php\/producto\/essential\/#primaryimage\",\"inLanguage\":\"es\",\"url\":\"https:\/\/site.ginex.es\/wp-content\/uploads\/2020\/07\/Ginex-essential-1.png\",\"contentUrl\":\"https:\/\/site.ginex.es\/wp-content\/uploads\/2020\/07\/Ginex-essential-1.png\",\"width\":450,\"height\":450},{\"@type\":\"WebPage\",\"@id\":\"https:\/\/site.ginex.es\/index.php\/producto\/essential\/#webpage\",\"url\":\"https:\/\/site.ginex.es\/index.php\/producto\/essential\/\",\"name\":\"ESSENTIAL - GRUPO GINEX - Ginex Instituto Salamero\",\"isPartOf\":{\"@id\":\"https:\/\/site.ginex.es\/#website\"},\"primaryImageOfPage\":{\"@id\":\"https:\/\/site.ginex.es\/index.php\/producto\/essential\/#primaryimage\"},\"datePublished\":\"2021-11-22T15:18:57+00:00\",\"dateModified\":\"2021-11-22T15:22:05+00:00\",\"breadcrumb\":{\"@id\":\"https:\/\/site.ginex.es\/index.php\/producto\/essential\/#breadcrumb\"},\"inLanguage\":\"es\",\"potentialAction\":[{\"@type\":\"ReadAction\",\"target\":[\"https:\/\/site.ginex.es\/index.php\/producto\/essential\/\"]}]},{\"@type\":\"BreadcrumbList\",\"@id\":\"https:\/\/site.ginex.es\/index.php\/producto\/essential\/#breadcrumb\",\"itemListElement\":[{\"@type\":\"ListItem\",\"position\":1,\"name\":\"Portada\",\"item\":\"https:\/\/site.ginex.es\/\"},{\"@type\":\"ListItem\",\"position\":2,\"name\":\"Tienda\",\"item\":\"https:\/\/site.ginex.es\/index.php\/tienda\/\"},{\"@type\":\"ListItem\",\"position\":3,\"name\":\"ESSENTIAL\"}]}]}<\/script>\n<!-- \/ Yoast SEO plugin. -->","yoast_head_json":{"title":"ESSENTIAL - GRUPO GINEX - Ginex Instituto Salamero","robots":{"index":"index","follow":"follow","max-snippet":"max-snippet:-1","max-image-preview":"max-image-preview:large","max-video-preview":"max-video-preview:-1"},"canonical":"https:\/\/site.ginex.es\/index.php\/producto\/essential\/","og_locale":"es_ES","og_type":"article","og_title":"ESSENTIAL - GRUPO GINEX - Ginex Instituto Salamero","og_description":"GINEX Essential Formulado 100%a base de aceites de origen natural que calman, protegen y regeneran la zona \u00edntima. Aceite \u00edntimo de uso diario que calma el prurito y la irritaci\u00f3n de toda la zona de la vulva. Coadyuvante en tratamientos contra la cistitis, las c\u00e1ndidas, la va-ginitis o cualquier trastorno que afecte a la zona [&hellip;]","og_url":"https:\/\/site.ginex.es\/index.php\/producto\/essential\/","og_site_name":"GRUPO GINEX - Ginex Instituto Salamero","article_modified_time":"2021-11-22T15:22:05+00:00","og_image":[{"width":450,"height":450,"url":"https:\/\/site.ginex.es\/wp-content\/uploads\/2020\/07\/Ginex-essential-1.png","type":"image\/png"}],"twitter_card":"summary_large_image","twitter_misc":{"Tiempo de lectura":"1 minuto"},"schema":{"@context":"https:\/\/schema.org","@graph":[{"@type":"Organization","@id":"https:\/\/site.ginex.es\/#organization","name":"Grupo Ginex Centro de Ginecolog\u00eda y Obstetricia","url":"https:\/\/site.ginex.es\/","sameAs":[],"logo":{"@type":"ImageObject","@id":"https:\/\/site.ginex.es\/#logo","inLanguage":"es","url":"http:\/\/site.ginex.es\/wp-content\/uploads\/2019\/08\/grup_ginex_logo_1.png","contentUrl":"http:\/\/site.ginex.es\/wp-content\/uploads\/2019\/08\/grup_ginex_logo_1.png","width":600,"height":600,"caption":"Grupo Ginex Centro de Ginecolog\u00eda y Obstetricia"},"image":{"@id":"https:\/\/site.ginex.es\/#logo"}},{"@type":"WebSite","@id":"https:\/\/site.ginex.es\/#website","url":"https:\/\/site.ginex.es\/","name":"GRUPO GINEX - Ginex Instituto Salamero","description":"Tu centro ginecol\u00f3gico en Barcelona","publisher":{"@id":"https:\/\/site.ginex.es\/#organization"},"potentialAction":[{"@type":"SearchAction","target":{"@type":"EntryPoint","urlTemplate":"https:\/\/site.ginex.es\/?s={search_term_string}"},"query-input":"required name=search_term_string"}],"inLanguage":"es"},{"@type":"ImageObject","@id":"https:\/\/site.ginex.es\/index.php\/producto\/essential\/#primaryimage","inLanguage":"es","url":"https:\/\/site.ginex.es\/wp-content\/uploads\/2020\/07\/Ginex-essential-1.png","contentUrl":"https:\/\/site.ginex.es\/wp-content\/uploads\/2020\/07\/Ginex-essential-1.png","width":450,"height":450},{"@type":"WebPage","@id":"https:\/\/site.ginex.es\/index.php\/producto\/essential\/#webpage","url":"https:\/\/site.ginex.es\/index.php\/producto\/essential\/","name":"ESSENTIAL - GRUPO GINEX - Ginex Instituto Salamero","isPartOf":{"@id":"https:\/\/site.ginex.es\/#website"},"primaryImageOfPage":{"@id":"https:\/\/site.ginex.es\/index.php\/producto\/essential\/#primaryimage"},"datePublished":"2021-11-22T15:18:57+00:00","dateModified":"2021-11-22T15:22:05+00:00","breadcrumb":{"@id":"https:\/\/site.ginex.es\/index.php\/producto\/essential\/#breadcrumb"},"inLanguage":"es","potentialAction":[{"@type":"ReadAction","target":["https:\/\/site.ginex.es\/index.php\/producto\/essential\/"]}]},{"@type":"BreadcrumbList","@id":"https:\/\/site.ginex.es\/index.php\/producto\/essential\/#breadcrumb","itemListElement":[{"@type":"ListItem","position":1,"name":"Portada","item":"https:\/\/site.ginex.es\/"},{"@type":"ListItem","position":2,"name":"Tienda","item":"https:\/\/site.ginex.es\/index.php\/tienda\/"},{"@type":"ListItem","position":3,"name":"ESSENTIAL"}]}]}},"jetpack_sharing_enabled":true,"_links":{"self":[{"href":"https:\/\/site.ginex.es\/index.php\/wp-json\/wp\/v2\/product\/2937"}],"collection":[{"href":"https:\/\/site.ginex.es\/index.php\/wp-json\/wp\/v2\/product"}],"about":[{"href":"https:\/\/site.ginex.es\/index.php\/wp-json\/wp\/v2\/types\/product"}],"replies":[{"embeddable":true,"href":"https:\/\/site.ginex.es\/index.php\/wp-json\/wp\/v2\/comments?post=2937"}],"wp:featuredmedia":[{"embeddable":true,"href":"https:\/\/site.ginex.es\/index.php\/wp-json\/wp\/v2\/media\/2836"}],"wp:attachment":[{"href":"https:\/\/site.ginex.es\/index.php\/wp-json\/wp\/v2\/media?parent=2937"}],"wp:term":[{"taxonomy":"product_cat","embeddable":true,"href":"https:\/\/site.ginex.es\/index.php\/wp-json\/wp\/v2\/product_cat?post=2937"},{"taxonomy":"product_tag","embeddable":true,"href":"https:\/\/site.ginex.es\/index.php\/wp-json\/wp\/v2\/product_tag?post=2937"}],"curies":[{"name":"wp","href":"https:\/\/api.w.org\/{rel}","templated":true}]}}